{"id":3919,"date":"2021-04-04T22:07:16","date_gmt":"2021-04-04T22:07:16","guid":{"rendered":"http:\/\/hubertpietka.bialystok.pl\/?page_id=3919"},"modified":"2021-04-04T22:07:16","modified_gmt":"2021-04-04T22:07:16","slug":"wielkanocne-zyczenia-swiateczne","status":"publish","type":"page","link":"https:\/\/hubertpietka.bialystok.pl\/?page_id=3919","title":{"rendered":"Wielkanocne \u017cyczenia \u015bwi\u0105teczne"},"content":{"rendered":"<p style=\"text-align: center;\"><strong>Wielkanocne \u017cyczenia \u015bwi\u0105teczne<\/strong><\/p>\n<p style=\"text-align: center;\"><em>Chrystus zmartwychwsta\u0142!<\/em><br \/>\n<em> Prawdziwie zmartwychwsta\u0142!<\/em><\/p>\n<p><a href=\"http:\/\/hubertpietka.bialystok.pl\/wp-content\/uploads\/2021\/04\/IMG_20210404_235726.jpg\"><img loading=\"lazy\" decoding=\"async\" class=\"alignnone size-thumbnail wp-image-3920 aligncenter\" src=\"http:\/\/hubertpietka.bialystok.pl\/wp-content\/uploads\/2021\/04\/IMG_20210404_235726-150x150.jpg\" alt=\"\" width=\"150\" height=\"150\" srcset=\"https:\/\/hubertpietka.bialystok.pl\/wp-content\/uploads\/2021\/04\/IMG_20210404_235726-150x150.jpg 150w, https:\/\/hubertpietka.bialystok.pl\/wp-content\/uploads\/2021\/04\/IMG_20210404_235726-75x75.jpg 75w\" sizes=\"auto, (max-width: 150px) 100vw, 150px\" \/><\/a><\/p>\n<p style=\"text-align: center;\"><a href=\"https:\/\/youtu.be\/F8vYCDfJ0YY\"><em><strong>Wsp\u00f3lnota Mi\u0142o\u015bci Ukrzy\u017cowanej &#8211; Nie ma Ci\u0119<\/strong><\/em><\/a><\/p>\n","protected":false},"excerpt":{"rendered":"<p>Wielkanocne \u017cyczenia \u015bwi\u0105teczne Chrystus zmartwychwsta\u0142! Prawdziwie zmartwychwsta\u0142! Wsp\u00f3lnota Mi\u0142o\u015bci Ukrzy\u017cowanej &#8211; Nie ma Ci\u0119<\/p>\n","protected":false},"author":1,"featured_media":0,"parent":0,"menu_order":0,"comment_status":"closed","ping_status":"closed","template":"","meta":{"footnotes":""},"class_list":["post-3919","page","type-page","status-publish","hentry"],"_links":{"self":[{"href":"https:\/\/hubertpietka.bialystok.pl\/index.php?rest_route=\/wp\/v2\/pages\/3919","targetHints":{"allow":["GET"]}}],"collection":[{"href":"https:\/\/hubertpietka.bialystok.pl\/index.php?rest_route=\/wp\/v2\/pages"}],"about":[{"href":"https:\/\/hubertpietka.bialystok.pl\/index.php?rest_route=\/wp\/v2\/types\/page"}],"author":[{"embeddable":true,"href":"https:\/\/hubertpietka.bialystok.pl\/index.php?rest_route=\/wp\/v2\/users\/1"}],"replies":[{"embeddable":true,"href":"https:\/\/hubertpietka.bialystok.pl\/index.php?rest_route=%2Fwp%2Fv2%2Fcomments&post=3919"}],"version-history":[{"count":1,"href":"https:\/\/hubertpietka.bialystok.pl\/index.php?rest_route=\/wp\/v2\/pages\/3919\/revisions"}],"predecessor-version":[{"id":3921,"href":"https:\/\/hubertpietka.bialystok.pl\/index.php?rest_route=\/wp\/v2\/pages\/3919\/revisions\/3921"}],"wp:attachment":[{"href":"https:\/\/hubertpietka.bialystok.pl\/index.php?rest_route=%2Fwp%2Fv2%2Fmedia&parent=3919"}],"curies":[{"name":"wp","href":"https:\/\/api.w.org\/{rel}","templated":true}]}}