{"id":392,"date":"2017-01-19T22:41:32","date_gmt":"2017-01-19T22:41:32","guid":{"rendered":"http:\/\/hubertpietka.bialystok.pl\/?page_id=392"},"modified":"2017-01-19T22:41:32","modified_gmt":"2017-01-19T22:41:32","slug":"na-plotkare-fraszka","status":"publish","type":"page","link":"https:\/\/hubertpietka.bialystok.pl\/?page_id=392","title":{"rendered":"Na plotkar\u0119  (fraszka)"},"content":{"rendered":"<p><strong>Na plotkar\u0119<\/strong><\/p>\n<p><strong>(fraszka)<\/strong><\/p>\n<p>&nbsp;<\/p>\n<p>Masz na ustach czyj\u0105\u015b posta\u0107.<\/p>\n<p>Wygadujesz, ach!<\/p>\n<p>&#8211; jak\u017ce ci\u0119\u017cko ci sprosta\u0107.<\/p>\n<p>&nbsp;<\/p>\n<p>Ten z\u0142y, tamten dobry!<\/p>\n<p>Ten to, a tamta to!<\/p>\n<p>\u015awi\u0119te oburzenie<\/p>\n<p>i tkliwe kwilenie.<\/p>\n<p>&nbsp;<\/p>\n<p>Jaka\u017c twa m\u0105dro\u015b\u0107 nieodgadniona!<\/p>\n<p>Jaka\u017c postawa wywa\u017cona!<\/p>\n<p>Jakie\u017c wyczucie, jaki smak!<\/p>\n<p>&#8211; tylko w tobie wyrokuj\u0105cy znak!<\/p>\n<p>&nbsp;<\/p>\n<p>Nawet nie wiesz,<\/p>\n<p>\u017ce zieje z ciebie z\u0142o.<\/p>\n<p>Wygaduj\u0105c na innych,<\/p>\n<p>objawiasz moralne dno.<\/p>\n<p>&nbsp;<\/p>\n<p>Ten to, a tamta to&#8230;<\/p>\n","protected":false},"excerpt":{"rendered":"<p>Na plotkar\u0119 (fraszka) &nbsp; Masz na ustach czyj\u0105\u015b posta\u0107. Wygadujesz, ach! &#8211; jak\u017ce ci\u0119\u017cko ci sprosta\u0107. &nbsp; Ten z\u0142y, tamten dobry! Ten to, a tamta&hellip; <\/p>\n","protected":false},"author":1,"featured_media":0,"parent":0,"menu_order":0,"comment_status":"closed","ping_status":"closed","template":"","meta":{"footnotes":""},"class_list":["post-392","page","type-page","status-publish","hentry"],"_links":{"self":[{"href":"https:\/\/hubertpietka.bialystok.pl\/index.php?rest_route=\/wp\/v2\/pages\/392","targetHints":{"allow":["GET"]}}],"collection":[{"href":"https:\/\/hubertpietka.bialystok.pl\/index.php?rest_route=\/wp\/v2\/pages"}],"about":[{"href":"https:\/\/hubertpietka.bialystok.pl\/index.php?rest_route=\/wp\/v2\/types\/page"}],"author":[{"embeddable":true,"href":"https:\/\/hubertpietka.bialystok.pl\/index.php?rest_route=\/wp\/v2\/users\/1"}],"replies":[{"embeddable":true,"href":"https:\/\/hubertpietka.bialystok.pl\/index.php?rest_route=%2Fwp%2Fv2%2Fcomments&post=392"}],"version-history":[{"count":1,"href":"https:\/\/hubertpietka.bialystok.pl\/index.php?rest_route=\/wp\/v2\/pages\/392\/revisions"}],"predecessor-version":[{"id":393,"href":"https:\/\/hubertpietka.bialystok.pl\/index.php?rest_route=\/wp\/v2\/pages\/392\/revisions\/393"}],"wp:attachment":[{"href":"https:\/\/hubertpietka.bialystok.pl\/index.php?rest_route=%2Fwp%2Fv2%2Fmedia&parent=392"}],"curies":[{"name":"wp","href":"https:\/\/api.w.org\/{rel}","templated":true}]}}