{"id":3932,"date":"2021-04-18T22:57:17","date_gmt":"2021-04-18T22:57:17","guid":{"rendered":"http:\/\/hubertpietka.bialystok.pl\/?page_id=3932"},"modified":"2021-04-18T23:17:13","modified_gmt":"2021-04-18T23:17:13","slug":"what-i-have-it-is-the-best","status":"publish","type":"page","link":"https:\/\/hubertpietka.bialystok.pl\/?page_id=3932","title":{"rendered":"What I have \/ it is the best"},"content":{"rendered":"<p><em><strong>What I have \/ it is the best<\/strong><\/em><\/p>\n<p>I&#8217;m so happy because<br \/>\nI have<br \/>\nBeautifull wife<br \/>\nI have a God<\/p>\n<p>I&#8217;m so happy<br \/>\nI have a good family<br \/>\nAnd my dog is friendly<\/p>\n<p>Also I have a car<br \/>\nwhich I can visited<br \/>\nMy country and to travel the world<\/p>\n<p>Whatever<br \/>\nThere is people many<br \/>\nWho have a goodwill<br \/>\nAnd intentions pure<\/p>\n<p><a href=\"http:\/\/hubertpietka.bialystok.pl\/wp-content\/uploads\/2021\/04\/IMG_20210418_235230.jpg\"><img loading=\"lazy\" decoding=\"async\" class=\"alignnone size-thumbnail wp-image-3933\" src=\"http:\/\/hubertpietka.bialystok.pl\/wp-content\/uploads\/2021\/04\/IMG_20210418_235230-150x150.jpg\" alt=\"\" width=\"150\" height=\"150\" srcset=\"https:\/\/hubertpietka.bialystok.pl\/wp-content\/uploads\/2021\/04\/IMG_20210418_235230-150x150.jpg 150w, https:\/\/hubertpietka.bialystok.pl\/wp-content\/uploads\/2021\/04\/IMG_20210418_235230-75x75.jpg 75w\" sizes=\"auto, (max-width: 150px) 100vw, 150px\" \/><\/a><\/p>\n<p><em>Na zdj. M\u00f3j angielski<\/em><br \/>\n<em>Mo\u017ce nie jest najlepszy<\/em><br \/>\n<em>Przepraszam za b\u0142\u0119dy<\/em><br \/>\n<em>Jednak sens jest wa\u017cniejszy<\/em><br \/>\n<em>I mam nadziej\u0119 \u017ce czytelny<\/em><\/p>\n<p><em>Cokolwiek by by\u0142o<\/em><br \/>\n<em>We wszystkim i przez wszystko<\/em><br \/>\n<em>Niech uczci si\u0119 imi\u0119 Maryi<\/em><br \/>\n<em>Tutaj Niepokolana<\/em><br \/>\n<em>W ko\u015bciele \u015bw. Marii Magdaleny w Magdalence podwarszawskiej<\/em><\/p>\n<p><strong>Totus Tuus ego sum<\/strong><br \/>\n<strong>Et omnia mea Tua sunt<\/strong><\/p>\n<p><strong><span style=\"font-style: italic;\"><a href=\"https:\/\/youtu.be\/wD2E7bjn1sw\">Ziyo &#8211; Magiczne s\u0142owa<\/a><\/span><\/strong><\/p>\n<p style=\"text-align: right;\"><em><strong><a href=\"https:\/\/youtu.be\/O6HaM011RDY\">Mate.O &#8211; Przyjaciela mam \/ Jednego Serca Jednego Ducha 2009<\/a><\/strong><\/em><\/p>\n<p style=\"text-align: left;\"><a href=\"https:\/\/youtu.be\/-NfiD_uE9AM\"><strong><em>Krzysztof Krawczyk i Ania D\u0105browska &#8211; To co w \u017cyciu wa\u017cne<\/em><\/strong><\/a><\/p>\n","protected":false},"excerpt":{"rendered":"<p>What I have \/ it is the best I&#8217;m so happy because I have Beautifull wife I have a God I&#8217;m so happy I have&hellip; <\/p>\n","protected":false},"author":1,"featured_media":0,"parent":0,"menu_order":0,"comment_status":"closed","ping_status":"closed","template":"","meta":{"footnotes":""},"class_list":["post-3932","page","type-page","status-publish","hentry"],"_links":{"self":[{"href":"https:\/\/hubertpietka.bialystok.pl\/index.php?rest_route=\/wp\/v2\/pages\/3932","targetHints":{"allow":["GET"]}}],"collection":[{"href":"https:\/\/hubertpietka.bialystok.pl\/index.php?rest_route=\/wp\/v2\/pages"}],"about":[{"href":"https:\/\/hubertpietka.bialystok.pl\/index.php?rest_route=\/wp\/v2\/types\/page"}],"author":[{"embeddable":true,"href":"https:\/\/hubertpietka.bialystok.pl\/index.php?rest_route=\/wp\/v2\/users\/1"}],"replies":[{"embeddable":true,"href":"https:\/\/hubertpietka.bialystok.pl\/index.php?rest_route=%2Fwp%2Fv2%2Fcomments&post=3932"}],"version-history":[{"count":5,"href":"https:\/\/hubertpietka.bialystok.pl\/index.php?rest_route=\/wp\/v2\/pages\/3932\/revisions"}],"predecessor-version":[{"id":3938,"href":"https:\/\/hubertpietka.bialystok.pl\/index.php?rest_route=\/wp\/v2\/pages\/3932\/revisions\/3938"}],"wp:attachment":[{"href":"https:\/\/hubertpietka.bialystok.pl\/index.php?rest_route=%2Fwp%2Fv2%2Fmedia&parent=3932"}],"curies":[{"name":"wp","href":"https:\/\/api.w.org\/{rel}","templated":true}]}}