{"id":3940,"date":"2021-04-18T23:30:09","date_gmt":"2021-04-18T23:30:09","guid":{"rendered":"http:\/\/hubertpietka.bialystok.pl\/?page_id=3940"},"modified":"2021-04-18T23:34:08","modified_gmt":"2021-04-18T23:34:08","slug":"chrzest-to-dopiero-jest","status":"publish","type":"page","link":"https:\/\/hubertpietka.bialystok.pl\/?page_id=3940","title":{"rendered":"Chrzest \/ to dopiero jest"},"content":{"rendered":"<p><em><strong>Chrzest \/ to dopiero jest<\/strong><\/em><\/p>\n<p>1055 chrztu rocznica<br \/>\nZachwyca<\/p>\n<p>30 lat od powstania<br \/>\npolskiego pa\u0144stwa<br \/>\nNa spos\u00f3b ziemski<br \/>\nW wieku chrystusowym<br \/>\nNarodziny dla nieba Polski<\/p>\n<p>W Wielk\u0105 Sobot\u0119 by\u0142o to<br \/>\nDlatego Polska podnosi\u0107 si\u0119 musi<br \/>\nZe swych upadk\u00f3w<br \/>\nPowstawa\u0107 z Chrystusem<br \/>\nDzie\u0144 to Maryjny jest te\u017c<br \/>\nDlatego Polska Maryjna musi by\u0107<br \/>\n*<br \/>\nWstawiajcie si\u0119 za nami<br \/>\nWszyscy polscy patronowie<\/p>\n<p><a href=\"http:\/\/hubertpietka.bialystok.pl\/wp-content\/uploads\/2021\/04\/IMG_20210419_012116.jpg\"><img loading=\"lazy\" decoding=\"async\" class=\"alignnone size-thumbnail wp-image-3941\" src=\"http:\/\/hubertpietka.bialystok.pl\/wp-content\/uploads\/2021\/04\/IMG_20210419_012116-150x150.jpg\" alt=\"\" width=\"150\" height=\"150\" srcset=\"https:\/\/hubertpietka.bialystok.pl\/wp-content\/uploads\/2021\/04\/IMG_20210419_012116-150x150.jpg 150w, https:\/\/hubertpietka.bialystok.pl\/wp-content\/uploads\/2021\/04\/IMG_20210419_012116-75x75.jpg 75w\" sizes=\"auto, (max-width: 150px) 100vw, 150px\" \/><\/a><\/p>\n<p><em>Na zdj. Katedra w \u0141om\u017cy<\/em><br \/>\n<em>I Matka Pi\u0119knej Mi\u0142o\u015bci<\/em><br \/>\n<em>Niech mi\u0142o\u015b\u0107 kwitnie w Polsce<\/em><br \/>\n<em>W \u017cyciu rodzinnym i spo\u0142ecznym<\/em><br \/>\n<em>Oparta na prawdzie<\/em><br \/>\n<em>Zakorzeniona w Bo\u017cym mi\u0142osierdziu<\/em><br \/>\n&#8211;<br \/>\n<em>By tak by\u0142o<\/em><br \/>\n<em>Dw\u00f3ch rzeczy bardzo potrzeba<\/em><br \/>\n<em>Czysto\u015bci intencji<\/em><br \/>\n<em>I modlitwy gor\u0105cej<\/em><br \/>\n<em>Jak te kwiaty i kl\u0119cznik<\/em><br \/>\n<em>W barwach bia\u0142o-czerwonych<\/em><\/p>\n","protected":false},"excerpt":{"rendered":"<p>Chrzest \/ to dopiero jest 1055 chrztu rocznica Zachwyca 30 lat od powstania polskiego pa\u0144stwa Na spos\u00f3b ziemski W wieku chrystusowym Narodziny dla nieba Polski&hellip; <\/p>\n","protected":false},"author":1,"featured_media":0,"parent":0,"menu_order":0,"comment_status":"closed","ping_status":"closed","template":"","meta":{"footnotes":""},"class_list":["post-3940","page","type-page","status-publish","hentry"],"_links":{"self":[{"href":"https:\/\/hubertpietka.bialystok.pl\/index.php?rest_route=\/wp\/v2\/pages\/3940","targetHints":{"allow":["GET"]}}],"collection":[{"href":"https:\/\/hubertpietka.bialystok.pl\/index.php?rest_route=\/wp\/v2\/pages"}],"about":[{"href":"https:\/\/hubertpietka.bialystok.pl\/index.php?rest_route=\/wp\/v2\/types\/page"}],"author":[{"embeddable":true,"href":"https:\/\/hubertpietka.bialystok.pl\/index.php?rest_route=\/wp\/v2\/users\/1"}],"replies":[{"embeddable":true,"href":"https:\/\/hubertpietka.bialystok.pl\/index.php?rest_route=%2Fwp%2Fv2%2Fcomments&post=3940"}],"version-history":[{"count":2,"href":"https:\/\/hubertpietka.bialystok.pl\/index.php?rest_route=\/wp\/v2\/pages\/3940\/revisions"}],"predecessor-version":[{"id":3944,"href":"https:\/\/hubertpietka.bialystok.pl\/index.php?rest_route=\/wp\/v2\/pages\/3940\/revisions\/3944"}],"wp:attachment":[{"href":"https:\/\/hubertpietka.bialystok.pl\/index.php?rest_route=%2Fwp%2Fv2%2Fmedia&parent=3940"}],"curies":[{"name":"wp","href":"https:\/\/api.w.org\/{rel}","templated":true}]}}