{"id":396,"date":"2017-01-19T23:04:17","date_gmt":"2017-01-19T23:04:17","guid":{"rendered":"http:\/\/hubertpietka.bialystok.pl\/?page_id=396"},"modified":"2020-10-11T14:11:46","modified_gmt":"2020-10-11T14:11:46","slug":"linki","status":"publish","type":"page","link":"https:\/\/hubertpietka.bialystok.pl\/?page_id=396","title":{"rendered":"Przyk\u0142adowe dzia\u0142ania"},"content":{"rendered":"<p><a href=\"http:\/\/kultura.choroszcz.pl\/?p=12426\">http:\/\/kultura.choroszcz.pl\/?p=12426<\/a><\/p>\n<p><a href=\"http:\/\/kulturamonki.pl\/index2.php?idmodyf=394&amp;tabela=stronamok\">http:\/\/kulturamonki.pl\/index2.php?idmodyf=394&amp;tabela=stronamok<\/a><\/p>\n<p><a href=\"http:\/\/www.zsoms.pl\/biblioteka\/akualnosci\/rok_szkolny_20162017\/patriotyzm_wczoraj_i_dzis-540.html\">http:\/\/www.zsoms.pl\/biblioteka\/akualnosci\/rok_szkolny_20162017\/patriotyzm_wczoraj_i_dzis-540.html<\/a><\/p>\n<p><a href=\"http:\/\/zs.turosnkoscielna.pl\/index.php\/aktualnosci-gimnazjum\/523-narodowe-czytanie-quo-vadis-henryka-sienkiewicza\">http:\/\/zs.turosnkoscielna.pl\/index.php\/aktualnosci-gimnazjum\/523-narodowe-czytanie-quo-vadis-henryka-sienkiewicza<\/a><\/p>\n<p><a href=\"http:\/\/st.bialystok.wrotapodlasia.pl\/pl\/szkoly_i_biblioteki\/biblioteki\/3-sierpnia-2016--posiedzenie-komisji-konkursu-powiatowego-malowane-piesniami-patriotycznymi.html\">http:\/\/st.bialystok.wrotapodlasia.pl\/pl\/szkoly_i_biblioteki\/biblioteki\/3-sierpnia-2016&#8211;posiedzenie-komisji-konkursu-powiatowego-malowane-piesniami-patriotycznymi.html<\/a><\/p>\n<p><a href=\"http:\/\/www.psp.bialystok.pl\/miedzyszkolny-konkurs-recytatorski\">http:\/\/www.psp.bialystok.pl\/miedzyszkolny-konkurs-recytatorski<\/a><\/p>\n<p><a href=\"https:\/\/pl-pl.facebook.com\/permalink.php?story_fbid=2477425882369293&amp;id=338701206241782&amp;__tn__=-R\">\u015awiatowy Dzie\u0144 Pluszowego Misia w FB w Studziankach<\/a><\/p>\n<p><a href=\"https:\/\/pl-pl.facebook.com\/permalink.php?story_fbid=2505552842889930&amp;id=338701206241782&amp;__tn__=-R\">Miko\u0142ajkowe DKK w FB w Studziankach<\/a><\/p>\n<p><a href=\"https:\/\/pl-pl.facebook.com\/permalink.php?story_fbid=2434665343312014&amp;id=338701206241782&amp;__tn__=-R\">Spotkanie DKK w FB w Studziankach<\/a><\/p>\n","protected":false},"excerpt":{"rendered":"<p>http:\/\/kultura.choroszcz.pl\/?p=12426 http:\/\/kulturamonki.pl\/index2.php?idmodyf=394&amp;tabela=stronamok http:\/\/www.zsoms.pl\/biblioteka\/akualnosci\/rok_szkolny_20162017\/patriotyzm_wczoraj_i_dzis-540.html http:\/\/zs.turosnkoscielna.pl\/index.php\/aktualnosci-gimnazjum\/523-narodowe-czytanie-quo-vadis-henryka-sienkiewicza http:\/\/st.bialystok.wrotapodlasia.pl\/pl\/szkoly_i_biblioteki\/biblioteki\/3-sierpnia-2016&#8211;posiedzenie-komisji-konkursu-powiatowego-malowane-piesniami-patriotycznymi.html http:\/\/www.psp.bialystok.pl\/miedzyszkolny-konkurs-recytatorski \u015awiatowy Dzie\u0144 Pluszowego Misia w FB w Studziankach Miko\u0142ajkowe DKK w FB w Studziankach Spotkanie DKK w FB w&hellip; <\/p>\n","protected":false},"author":1,"featured_media":0,"parent":0,"menu_order":0,"comment_status":"closed","ping_status":"closed","template":"","meta":{"footnotes":""},"class_list":["post-396","page","type-page","status-publish","hentry"],"_links":{"self":[{"href":"https:\/\/hubertpietka.bialystok.pl\/index.php?rest_route=\/wp\/v2\/pages\/396","targetHints":{"allow":["GET"]}}],"collection":[{"href":"https:\/\/hubertpietka.bialystok.pl\/index.php?rest_route=\/wp\/v2\/pages"}],"about":[{"href":"https:\/\/hubertpietka.bialystok.pl\/index.php?rest_route=\/wp\/v2\/types\/page"}],"author":[{"embeddable":true,"href":"https:\/\/hubertpietka.bialystok.pl\/index.php?rest_route=\/wp\/v2\/users\/1"}],"replies":[{"embeddable":true,"href":"https:\/\/hubertpietka.bialystok.pl\/index.php?rest_route=%2Fwp%2Fv2%2Fcomments&post=396"}],"version-history":[{"count":10,"href":"https:\/\/hubertpietka.bialystok.pl\/index.php?rest_route=\/wp\/v2\/pages\/396\/revisions"}],"predecessor-version":[{"id":3419,"href":"https:\/\/hubertpietka.bialystok.pl\/index.php?rest_route=\/wp\/v2\/pages\/396\/revisions\/3419"}],"wp:attachment":[{"href":"https:\/\/hubertpietka.bialystok.pl\/index.php?rest_route=%2Fwp%2Fv2%2Fmedia&parent=396"}],"curies":[{"name":"wp","href":"https:\/\/api.w.org\/{rel}","templated":true}]}}