{"id":3960,"date":"2021-04-26T14:30:38","date_gmt":"2021-04-26T14:30:38","guid":{"rendered":"http:\/\/hubertpietka.bialystok.pl\/?page_id=3960"},"modified":"2021-04-26T14:39:22","modified_gmt":"2021-04-26T14:39:22","slug":"matko-ucisnionych-udzielaj-nam-rad-dobrych-w-utrapieniach","status":"publish","type":"page","link":"https:\/\/hubertpietka.bialystok.pl\/?page_id=3960","title":{"rendered":"Matko uci\u015bnionych &#8211; w utrapieniach \/ udzielaj nam rad dobrych"},"content":{"rendered":"<p><em><strong>Matko uci\u015bnionych &#8211; w utrapieniach \/ udzielaj nam rad dobrych<\/strong><\/em><\/p>\n<p>O Panie Bo\u017ce kochany<br \/>\nBro\u0144 nas przed na nas<br \/>\nZastawianymi sid\u0142ami<\/p>\n<p>Moj\u0105 \u017con\u0119 szczeg\u00f3lnie<br \/>\nBo na ni\u0105 si\u0119 za-sadza<br \/>\nZa-mo\u017cno\u015b\u0107 za-ciek\u0142a z\/za-piek\u0142a<br \/>\nBo ona wspiera m\u0119\u017ca<\/p>\n<p>Nawet koszula<br \/>\nBliska cia\u0142u<br \/>\nParzy<\/p>\n<p>Dzia\u0142ania bezpo\u015brednie<br \/>\nI na szerok\u0105 skal\u0119 zakrojone<br \/>\nTe\u017c d\u0142ugofalowe<br \/>\nWobec nas<br \/>\nJakby nam si\u0119 uda\u0142o przetrwa\u0107<\/p>\n<p>Od nieszcz\u0119\u015bliwych wypadk\u00f3w<br \/>\nI w domu na drodze i gdziekolwiek<br \/>\nWybaw nas Panie Bo\u017ce<br \/>\nI na dworze<\/p>\n<p><a href=\"http:\/\/hubertpietka.bialystok.pl\/wp-content\/uploads\/2021\/04\/IMG_20210426_162044.jpg\"><img loading=\"lazy\" decoding=\"async\" class=\"alignnone size-thumbnail wp-image-3961\" src=\"http:\/\/hubertpietka.bialystok.pl\/wp-content\/uploads\/2021\/04\/IMG_20210426_162044-150x150.jpg\" alt=\"\" width=\"150\" height=\"150\" srcset=\"https:\/\/hubertpietka.bialystok.pl\/wp-content\/uploads\/2021\/04\/IMG_20210426_162044-150x150.jpg 150w, https:\/\/hubertpietka.bialystok.pl\/wp-content\/uploads\/2021\/04\/IMG_20210426_162044-75x75.jpg 75w\" sizes=\"auto, (max-width: 150px) 100vw, 150px\" \/><\/a><\/p>\n<p><em>Na zdj. Maryja<\/em><br \/>\n<em> Na jednym z wzg\u00f3rz jamne\u0144skich<\/em><br \/>\n<em> Kapliczka drewniana pi\u0119kna<\/em><\/p>\n<p><em>Wspieraj nas Matko Dobrej Rady<\/em><br \/>\n<em> W unikaniu<\/em><br \/>\n<em> Tego wszystkiego<\/em><br \/>\n<em> Co nam w jakkolwiek spos\u00f3b i sk\u0105dkolwiek<\/em><br \/>\n<em> Mo\u017ce zagra\u017ca\u0107<\/em><\/p>\n","protected":false},"excerpt":{"rendered":"<p>Matko uci\u015bnionych &#8211; w utrapieniach \/ udzielaj nam rad dobrych O Panie Bo\u017ce kochany Bro\u0144 nas przed na nas Zastawianymi sid\u0142ami Moj\u0105 \u017con\u0119 szczeg\u00f3lnie Bo&hellip; <\/p>\n","protected":false},"author":1,"featured_media":0,"parent":0,"menu_order":0,"comment_status":"closed","ping_status":"closed","template":"","meta":{"footnotes":""},"class_list":["post-3960","page","type-page","status-publish","hentry"],"_links":{"self":[{"href":"https:\/\/hubertpietka.bialystok.pl\/index.php?rest_route=\/wp\/v2\/pages\/3960","targetHints":{"allow":["GET"]}}],"collection":[{"href":"https:\/\/hubertpietka.bialystok.pl\/index.php?rest_route=\/wp\/v2\/pages"}],"about":[{"href":"https:\/\/hubertpietka.bialystok.pl\/index.php?rest_route=\/wp\/v2\/types\/page"}],"author":[{"embeddable":true,"href":"https:\/\/hubertpietka.bialystok.pl\/index.php?rest_route=\/wp\/v2\/users\/1"}],"replies":[{"embeddable":true,"href":"https:\/\/hubertpietka.bialystok.pl\/index.php?rest_route=%2Fwp%2Fv2%2Fcomments&post=3960"}],"version-history":[{"count":4,"href":"https:\/\/hubertpietka.bialystok.pl\/index.php?rest_route=\/wp\/v2\/pages\/3960\/revisions"}],"predecessor-version":[{"id":3965,"href":"https:\/\/hubertpietka.bialystok.pl\/index.php?rest_route=\/wp\/v2\/pages\/3960\/revisions\/3965"}],"wp:attachment":[{"href":"https:\/\/hubertpietka.bialystok.pl\/index.php?rest_route=%2Fwp%2Fv2%2Fmedia&parent=3960"}],"curies":[{"name":"wp","href":"https:\/\/api.w.org\/{rel}","templated":true}]}}