{"id":3968,"date":"2021-04-28T09:13:25","date_gmt":"2021-04-28T09:13:25","guid":{"rendered":"http:\/\/hubertpietka.bialystok.pl\/?page_id=3968"},"modified":"2021-04-28T09:19:46","modified_gmt":"2021-04-28T09:19:46","slug":"krzyz-jest-znakiem-zwyciestwa-bozej-laski-zmartwychwstalego-chrystusa","status":"publish","type":"page","link":"https:\/\/hubertpietka.bialystok.pl\/?page_id=3968","title":{"rendered":"Krzy\u017c jest znakiem zwyci\u0119stwa \/ Bo\u017cej \u0142aski zmartwychwsta\u0142ego Chrystusa"},"content":{"rendered":"<p><em><strong>Krzy\u017c jest znakiem zwyci\u0119stwa \/ Bo\u017cej \u0142aski zmartwychwsta\u0142ego Chrystusa<\/strong><\/em><\/p>\n<p>Pan powiedzia\u0142 do mnie<br \/>\nPodczas modlitwy r\u00f3\u017ca\u0144cowej<\/p>\n<p><strong>1.<\/strong> B\u0119d\u0105 walczy\u0107 z tob\u0105<br \/>\nLecz ci\u0119 nie przemog\u0105<br \/>\nBo Ja jestem z tob\u0105<br \/>\nI Ja Jestem Bogiem<\/p>\n<p><strong>2.<\/strong> Je\u015bli Ja dopuszczam to<br \/>\nTo jest to po co\u015b<br \/>\nNie znaczy \u017ce Ja chc\u0119<br \/>\n\u017beby tak by\u0142o<br \/>\nAle tak czy inaczej<br \/>\nMoja chwa\u0142a si\u0119 objawi<br \/>\nA ty przyjmij to<br \/>\nW duchowym sensie<br \/>\nNawet je\u015bli Mnie tam nie ma fizycznie<br \/>\nTo wed\u0142ug twej wiary<br \/>\nNiech ci si\u0119 stanie<\/p>\n<p><a href=\"http:\/\/hubertpietka.bialystok.pl\/wp-content\/uploads\/2021\/04\/IMG_20210428_110932.jpg\"><img loading=\"lazy\" decoding=\"async\" class=\"alignnone size-thumbnail wp-image-3969\" src=\"http:\/\/hubertpietka.bialystok.pl\/wp-content\/uploads\/2021\/04\/IMG_20210428_110932-150x150.jpg\" alt=\"\" width=\"150\" height=\"150\" srcset=\"https:\/\/hubertpietka.bialystok.pl\/wp-content\/uploads\/2021\/04\/IMG_20210428_110932-150x150.jpg 150w, https:\/\/hubertpietka.bialystok.pl\/wp-content\/uploads\/2021\/04\/IMG_20210428_110932-75x75.jpg 75w\" sizes=\"auto, (max-width: 150px) 100vw, 150px\" \/><\/a><\/p>\n<p><em>Na zdj. K\u0105cik jamne\u0144ski<\/em><br \/>\n<em>Jele\u0144 i Matka Bo\u017ca Niezawodnej Nadziei<\/em><br \/>\n<em>A wok\u00f3\u0142 obok pa\u0144scy anio\u0142owie<\/em><br \/>\n<em>Obraz symboliczny bardzo<\/em><\/p>\n<p><strong>I Pan powiedzia\u0142<br \/>\nO mojej \u017conie jeszcze<br \/>\nOdt\u0105d nosi\u0107 b\u0119dziesz<br \/>\nImi\u0119 H-anna-H we Mnie<br \/>\nMoja \u0142aska z tob\u0105 b\u0119dzie<br \/>\n\u015aw. Hubert os\u0142ania ci\u0119<br \/>\nJeste\u015b jak \u015bwietlisty krzy\u017c<br \/>\nW poro\u017cu jelenia<br \/>\nKt\u00f3ry on wed\u0142ug Mnie ujrza\u0142<br \/>\nTak imi\u0119 jego<br \/>\nOtoczy sw\u0105 opiek\u0105 imi\u0119 twe<br \/>\nJezu ufam Tobie<\/strong><\/p>\n<p><em><strong><a href=\"https:\/\/youtu.be\/zrKU9l40DQE\">Panie przyjd\u017a do mego serca &#8211; Schola Nazaret<\/a><\/strong><\/em><\/p>\n<p style=\"text-align: center;\"><em>\/<\/em><\/p>\n<p style=\"text-align: right;\"><a href=\"https:\/\/youtu.be\/i0J6iq-C_YQ\"><strong><em>Uprowadzenie Agaty &#8211; Oczy<\/em><\/strong><\/a><\/p>\n","protected":false},"excerpt":{"rendered":"<p>Krzy\u017c jest znakiem zwyci\u0119stwa \/ Bo\u017cej \u0142aski zmartwychwsta\u0142ego Chrystusa Pan powiedzia\u0142 do mnie Podczas modlitwy r\u00f3\u017ca\u0144cowej 1. B\u0119d\u0105 walczy\u0107 z tob\u0105 Lecz ci\u0119 nie przemog\u0105&hellip; <\/p>\n","protected":false},"author":1,"featured_media":0,"parent":0,"menu_order":0,"comment_status":"closed","ping_status":"closed","template":"","meta":{"footnotes":""},"class_list":["post-3968","page","type-page","status-publish","hentry"],"_links":{"self":[{"href":"https:\/\/hubertpietka.bialystok.pl\/index.php?rest_route=\/wp\/v2\/pages\/3968","targetHints":{"allow":["GET"]}}],"collection":[{"href":"https:\/\/hubertpietka.bialystok.pl\/index.php?rest_route=\/wp\/v2\/pages"}],"about":[{"href":"https:\/\/hubertpietka.bialystok.pl\/index.php?rest_route=\/wp\/v2\/types\/page"}],"author":[{"embeddable":true,"href":"https:\/\/hubertpietka.bialystok.pl\/index.php?rest_route=\/wp\/v2\/users\/1"}],"replies":[{"embeddable":true,"href":"https:\/\/hubertpietka.bialystok.pl\/index.php?rest_route=%2Fwp%2Fv2%2Fcomments&post=3968"}],"version-history":[{"count":4,"href":"https:\/\/hubertpietka.bialystok.pl\/index.php?rest_route=\/wp\/v2\/pages\/3968\/revisions"}],"predecessor-version":[{"id":3973,"href":"https:\/\/hubertpietka.bialystok.pl\/index.php?rest_route=\/wp\/v2\/pages\/3968\/revisions\/3973"}],"wp:attachment":[{"href":"https:\/\/hubertpietka.bialystok.pl\/index.php?rest_route=%2Fwp%2Fv2%2Fmedia&parent=3968"}],"curies":[{"name":"wp","href":"https:\/\/api.w.org\/{rel}","templated":true}]}}