{"id":3981,"date":"2021-05-06T07:41:02","date_gmt":"2021-05-06T07:41:02","guid":{"rendered":"http:\/\/hubertpietka.bialystok.pl\/?page_id=3981"},"modified":"2021-05-06T07:41:02","modified_gmt":"2021-05-06T07:41:02","slug":"mimo-wszystko-wlasnie-dlatego-analiza-zycia-mojego","status":"publish","type":"page","link":"https:\/\/hubertpietka.bialystok.pl\/?page_id=3981","title":{"rendered":"Mimo wszystko &#8211; w\u0142a\u015bnie dlatego \/ Analiza \u017cycia mojego"},"content":{"rendered":"<p><em><strong>Mimo wszystko &#8211; w\u0142a\u015bnie dlatego \/ Analiza \u017cycia mojego<\/strong><\/em><\/p>\n<p><strong>1.<\/strong> Przodkowie<\/p>\n<p>Babcie moje<br \/>\nBy\u0142y wierz\u0105ce obie<br \/>\nTak\u017ce dziadek<br \/>\nDrugi za\u015b niestety<br \/>\nUmar\u0142 przedwcze\u015bnie<\/p>\n<p>Brat babci natomiast<br \/>\nB\u0119d\u0105c nastolatkiem<br \/>\nZosta\u0142 zabity przez konia kopytem<br \/>\nZ tego co wiem<\/p>\n<p>Oddaje Ci to Panie<br \/>\nPoza tym nieprawid\u0142owo\u015bci w rodzinie<br \/>\nNie znam wi\u0119cej<\/p>\n<p>I jeszcze tylko dziadek<br \/>\nMia\u0142 przesz\u0142o\u015b\u0107 wojenn\u0105<br \/>\nPodobnie pradziadek<br \/>\nAle ich dzia\u0142alno\u015b\u0107 narodowo-wyzwolencza i patriotyczna<br \/>\nNie by\u0142a naznaczona zbrodni\u0105 \u017cadn\u0105 chyba raczej<\/p>\n<p><strong>2.<\/strong> \u017bycie prenatalne<\/p>\n<p>Za wiele nie wiem<br \/>\nAle my\u015bl\u0119 \u017ce<br \/>\nNie by\u0142o \u0142atwo mojej mamie<br \/>\nBy\u0142a ju\u017c moja siostra<br \/>\nNie by\u0142a chyba z ojcem<\/p>\n<p>By\u0107 mo\u017ce<br \/>\nMia\u0142a dylemat<br \/>\nCzy na \u015bwiat przyj\u015b\u0107 powinienem<\/p>\n<p>A mo\u017ce nawet<br \/>\nNie wiem<\/p>\n<p>By\u0142a m\u0142oda zagubiona<br \/>\nA ojciec korzysta\u0142 z m\u0142odo\u015bci<br \/>\nPoza tym mia\u0142 ju\u017c dziecko<br \/>\nZ inn\u0105 kobiet\u0105<br \/>\nByli jeszcze przed \u015blubem<\/p>\n<p><strong>3.<\/strong> Wczesne dzieci\u0144stwo<\/p>\n<p>Wraz z bratem<br \/>\nKt\u00f3ry przyszed\u0142 na \u015bwiat<br \/>\nWychowywa\u0142a nas rodzina mamy<br \/>\nDo moich chyba 2 lat<\/p>\n<p>Mama daleko by\u0142a<br \/>\nZ sob\u0105 tylko siostr\u0119 wzi\u0119\u0142a<br \/>\nDopiero potem<br \/>\nZesz\u0142a si\u0119 na nowo z ojcem<\/p>\n<p><strong>I<\/strong><br \/>\nOdrzucenie i l\u0119k przed wy\u015bmianiem<\/p>\n<p>Z tego mo\u017ce wynika<br \/>\n(Punkt 2 i 3)<br \/>\nM\u00f3j l\u0119k przed odrzuceniem<\/p>\n<p>I przed wy\u015bmianiem<br \/>\nMierzy\u0142em si\u0119 z tym w szkole<br \/>\nA potem te\u017c mi on<br \/>\nCo jaki\u015b czas towarzyszy\u0142<\/p>\n<p>Z tego wynika<\/p>\n<p><strong>II<\/strong><br \/>\nPrzekonanie o kl\u0119sce<br \/>\nKt\u00f3re przychodzi\u0142o z boku<\/p>\n<p>Lecz ju\u017c raz j\u0105 prze\u017cywszy<br \/>\nNie zgodz\u0119 si\u0119 na ni\u0105<br \/>\nPo raz kolejny<\/p>\n<p>Przekonanie katastroficzne<br \/>\nCo do mojego \u017cycia<br \/>\nNie pochodzi od Boga<br \/>\nLecz przeciwnika jego<br \/>\nKt\u00f3re chce mi on narzuci\u0107<br \/>\nNa moim l\u0119ku przed odrzuceniem on bazuje<br \/>\nLecz B\u00f3g chce inaczej<br \/>\nPokazuje mi<br \/>\n\u017be trzeba z tym walczy\u0107<br \/>\nJu\u017c prze\u017cy\u0142em kl\u0119sk\u0119 raz<br \/>\nPonownie si\u0119 nie poddam<br \/>\nPodszeptom przeciwnika Boga<\/p>\n<p><a href=\"http:\/\/hubertpietka.bialystok.pl\/wp-content\/uploads\/2021\/05\/IMG_20210506_093024.jpg\"><img loading=\"lazy\" decoding=\"async\" class=\"alignnone size-thumbnail wp-image-3982\" src=\"http:\/\/hubertpietka.bialystok.pl\/wp-content\/uploads\/2021\/05\/IMG_20210506_093024-150x150.jpg\" alt=\"\" width=\"150\" height=\"150\" srcset=\"https:\/\/hubertpietka.bialystok.pl\/wp-content\/uploads\/2021\/05\/IMG_20210506_093024-150x150.jpg 150w, https:\/\/hubertpietka.bialystok.pl\/wp-content\/uploads\/2021\/05\/IMG_20210506_093024-75x75.jpg 75w\" sizes=\"auto, (max-width: 150px) 100vw, 150px\" \/><\/a><\/p>\n<p><em>Na zdj. Maryja Niepokalana<\/em><br \/>\n<em>W Nowej Wsi ko\u0142o Krzeszowic<\/em><br \/>\n<em>Jej powierzam drog\u0119 swoj\u0105<\/em><br \/>\n<em>I wsp\u00f3lne \u017cycie z \u017con\u0105<\/em><br \/>\n<em>Z bliskimi wsp\u00f3\u0142trwanie<\/em><br \/>\n<em>Maryi Niepokalanej<\/em><br \/>\n<em>Ufam \u017ce w\u0142a\u015bnie ona<\/em><br \/>\n<em>B\u0119dzie nas prowadzi\u0107<\/em><br \/>\n<em>\u015acie\u017ckami Boga<\/em><br \/>\n<em>Wbrew przeciwnikowi<\/em><\/p>\n<p><em>Jezu ufam Tobie<\/em><br \/>\n<em>Totus Tuus<\/em><br \/>\n<em>Ave Maria<\/em><\/p>\n<p style=\"text-align: center;\"><a href=\"https:\/\/youtu.be\/zfusL3xTKn4\"><strong><em>Tomek Kami\u0144ski &#8211; Ty tylko mnie poprowad\u017a<\/em><\/strong><\/a><\/p>\n","protected":false},"excerpt":{"rendered":"<p>Mimo wszystko &#8211; w\u0142a\u015bnie dlatego \/ Analiza \u017cycia mojego 1. Przodkowie Babcie moje By\u0142y wierz\u0105ce obie Tak\u017ce dziadek Drugi za\u015b niestety Umar\u0142 przedwcze\u015bnie Brat babci&hellip; <\/p>\n","protected":false},"author":1,"featured_media":0,"parent":0,"menu_order":0,"comment_status":"closed","ping_status":"closed","template":"","meta":{"footnotes":""},"class_list":["post-3981","page","type-page","status-publish","hentry"],"_links":{"self":[{"href":"https:\/\/hubertpietka.bialystok.pl\/index.php?rest_route=\/wp\/v2\/pages\/3981","targetHints":{"allow":["GET"]}}],"collection":[{"href":"https:\/\/hubertpietka.bialystok.pl\/index.php?rest_route=\/wp\/v2\/pages"}],"about":[{"href":"https:\/\/hubertpietka.bialystok.pl\/index.php?rest_route=\/wp\/v2\/types\/page"}],"author":[{"embeddable":true,"href":"https:\/\/hubertpietka.bialystok.pl\/index.php?rest_route=\/wp\/v2\/users\/1"}],"replies":[{"embeddable":true,"href":"https:\/\/hubertpietka.bialystok.pl\/index.php?rest_route=%2Fwp%2Fv2%2Fcomments&post=3981"}],"version-history":[{"count":1,"href":"https:\/\/hubertpietka.bialystok.pl\/index.php?rest_route=\/wp\/v2\/pages\/3981\/revisions"}],"predecessor-version":[{"id":3983,"href":"https:\/\/hubertpietka.bialystok.pl\/index.php?rest_route=\/wp\/v2\/pages\/3981\/revisions\/3983"}],"wp:attachment":[{"href":"https:\/\/hubertpietka.bialystok.pl\/index.php?rest_route=%2Fwp%2Fv2%2Fmedia&parent=3981"}],"curies":[{"name":"wp","href":"https:\/\/api.w.org\/{rel}","templated":true}]}}