{"id":3985,"date":"2021-05-09T22:07:57","date_gmt":"2021-05-09T22:07:57","guid":{"rendered":"http:\/\/hubertpietka.bialystok.pl\/?page_id=3985"},"modified":"2021-05-09T22:18:03","modified_gmt":"2021-05-09T22:18:03","slug":"te-czy-znak-czytaj-tak","status":"publish","type":"page","link":"https:\/\/hubertpietka.bialystok.pl\/?page_id=3985","title":{"rendered":"*T\u0119-czy* znak \/ czytaj tak"},"content":{"rendered":"<p><em><strong>*T\u0119-czy* znak \/ czytaj tak<\/strong><\/em><\/p>\n<p>*T\u0119 czy* inn\u0105<\/p>\n<p>Maryj\u0119 czy poga\u0144sk\u0105 bogini\u0119<br \/>\nIdeologi\u0119 czy religi\u0119<\/p>\n<p>Gender czy zdrow\u0105 rodzin\u0119<br \/>\nEtyk\u0119 humanitarn\u0105 czy demoralizacj\u0119<br \/>\nPrzyjemno\u015b\u0107 czy \u017cycie w prawdzie<\/p>\n<p>Wbrew pozorom<br \/>\nTe rzeczy w parach id\u0105<br \/>\nJedno powoduje drugie<\/p>\n<p>\u017bycie lub \u015bmier\u0107<br \/>\nS\u0105 konsekwencj\u0105 ich wybor\u00f3w<br \/>\nI nie ma innej drogi<br \/>\nZa Bogiem lub przeciw Bogu<\/p>\n<p><a href=\"http:\/\/hubertpietka.bialystok.pl\/wp-content\/uploads\/2021\/05\/IMG_20210510_000207.jpg\"><img loading=\"lazy\" decoding=\"async\" class=\"alignnone size-thumbnail wp-image-3990\" src=\"http:\/\/hubertpietka.bialystok.pl\/wp-content\/uploads\/2021\/05\/IMG_20210510_000207-150x150.jpg\" alt=\"\" width=\"150\" height=\"150\" srcset=\"https:\/\/hubertpietka.bialystok.pl\/wp-content\/uploads\/2021\/05\/IMG_20210510_000207-150x150.jpg 150w, https:\/\/hubertpietka.bialystok.pl\/wp-content\/uploads\/2021\/05\/IMG_20210510_000207-75x75.jpg 75w\" sizes=\"auto, (max-width: 150px) 100vw, 150px\" \/><\/a><\/p>\n<p><em>Na zdj. T\u0119cza przy klasztorze sercan\u00f3w w Stopnicy<\/em><br \/>\n<em>Jest ona znakiem<\/em><br \/>\n<em>Przymierza Boga z cz\u0142owiekiem<\/em><br \/>\n<em>Nawet je\u015bli pr\u00f3buje jej si\u0119 przypisa\u0107 tre\u015bci przeciwne<\/em><\/p>\n<p><em>Wybiera cz\u0142owiek<\/em><br \/>\n<em>Za \u017cyciem czy przeciw \u017cyciu<\/em><br \/>\n<em>Z Bogiem czy przeciw Bogu<\/em><\/p>\n<p style=\"text-align: center;\"><a href=\"https:\/\/youtu.be\/ePYdsbyenCM\"><strong><em>Arka Noego &#8211; Tak to tak nie to nie<\/em><\/strong><\/a><\/p>\n","protected":false},"excerpt":{"rendered":"<p>*T\u0119-czy* znak \/ czytaj tak *T\u0119 czy* inn\u0105 Maryj\u0119 czy poga\u0144sk\u0105 bogini\u0119 Ideologi\u0119 czy religi\u0119 Gender czy zdrow\u0105 rodzin\u0119 Etyk\u0119 humanitarn\u0105 czy demoralizacj\u0119 Przyjemno\u015b\u0107 czy&hellip; <\/p>\n","protected":false},"author":1,"featured_media":0,"parent":0,"menu_order":0,"comment_status":"closed","ping_status":"closed","template":"","meta":{"footnotes":""},"class_list":["post-3985","page","type-page","status-publish","hentry"],"_links":{"self":[{"href":"https:\/\/hubertpietka.bialystok.pl\/index.php?rest_route=\/wp\/v2\/pages\/3985","targetHints":{"allow":["GET"]}}],"collection":[{"href":"https:\/\/hubertpietka.bialystok.pl\/index.php?rest_route=\/wp\/v2\/pages"}],"about":[{"href":"https:\/\/hubertpietka.bialystok.pl\/index.php?rest_route=\/wp\/v2\/types\/page"}],"author":[{"embeddable":true,"href":"https:\/\/hubertpietka.bialystok.pl\/index.php?rest_route=\/wp\/v2\/users\/1"}],"replies":[{"embeddable":true,"href":"https:\/\/hubertpietka.bialystok.pl\/index.php?rest_route=%2Fwp%2Fv2%2Fcomments&post=3985"}],"version-history":[{"count":4,"href":"https:\/\/hubertpietka.bialystok.pl\/index.php?rest_route=\/wp\/v2\/pages\/3985\/revisions"}],"predecessor-version":[{"id":3991,"href":"https:\/\/hubertpietka.bialystok.pl\/index.php?rest_route=\/wp\/v2\/pages\/3985\/revisions\/3991"}],"wp:attachment":[{"href":"https:\/\/hubertpietka.bialystok.pl\/index.php?rest_route=%2Fwp%2Fv2%2Fmedia&parent=3985"}],"curies":[{"name":"wp","href":"https:\/\/api.w.org\/{rel}","templated":true}]}}