{"id":3998,"date":"2021-05-09T22:35:06","date_gmt":"2021-05-09T22:35:06","guid":{"rendered":"http:\/\/hubertpietka.bialystok.pl\/?page_id=3998"},"modified":"2021-05-11T21:53:00","modified_gmt":"2021-05-11T21:53:00","slug":"o-mam-i-ona-a-o-ma-my","status":"publish","type":"page","link":"https:\/\/hubertpietka.bialystok.pl\/?page_id=3998","title":{"rendered":"Oh, mamma mia \/ sol fa mi re do"},"content":{"rendered":"<p><em><strong>Oh, mamma mia \/ sol fa mi re do<\/strong><\/em><\/p>\n<p style=\"text-align: right;\"><em>O-mam-i-ona<\/em><br \/>\n<em> I o-ma-my<\/em><\/p>\n<p style=\"text-align: center;\">O Panie<\/p>\n<p>Ma mu\u0144ka<br \/>\nOmamiona<br \/>\nMamon\u0105<\/p>\n<p>Ma munia<br \/>\nFisia na muniu<br \/>\nMiny r\u00f3\u017cne<br \/>\nDla nas<\/p>\n<p>Ma (i) musi<br \/>\nPi c-i ci ci<\/p>\n<p>Ma tuli<br \/>\nTak powinno by\u0107<br \/>\nMa ciorka<br \/>\nMa c\u00f3rk\u0119<\/p>\n<p>Mam enke<br \/>\nMat enki<br \/>\nPi<br \/>\nPchi pchi<\/p>\n<p><a href=\"http:\/\/hubertpietka.bialystok.pl\/wp-content\/uploads\/2021\/05\/IMG_20210510_000248.jpg\"><img loading=\"lazy\" decoding=\"async\" class=\"alignnone size-thumbnail wp-image-3999\" src=\"http:\/\/hubertpietka.bialystok.pl\/wp-content\/uploads\/2021\/05\/IMG_20210510_000248-150x150.jpg\" alt=\"\" width=\"150\" height=\"150\" srcset=\"https:\/\/hubertpietka.bialystok.pl\/wp-content\/uploads\/2021\/05\/IMG_20210510_000248-150x150.jpg 150w, https:\/\/hubertpietka.bialystok.pl\/wp-content\/uploads\/2021\/05\/IMG_20210510_000248-75x75.jpg 75w\" sizes=\"auto, (max-width: 150px) 100vw, 150px\" \/><\/a><\/p>\n<p style=\"text-align: left;\"><em>Na zdj. Makietka<\/em><br \/>\n<em>Obrazek pewien<\/em><br \/>\n<em>Ma kotki i cie, nie?<\/em><br \/>\n<em>Blaski i cienie<\/em><\/p>\n<p style=\"text-align: left;\"><strong>Dzi\u015b wspominany jest \u015bw. *Mam-ert*<\/strong><br \/>\n<strong> A to jest s\u0142owny \u017cart<\/strong><br \/>\n<strong> Taki *mam-art*<\/strong><br \/>\n<strong>Potrzebny jest fart<\/strong><\/p>\n<p style=\"text-align: right;\"><strong><a href=\"https:\/\/youtu.be\/lV5eIlA-jiM\"><em>Wyj\u0105tkowo wa\u017cna<\/em><\/a><\/strong><\/p>\n","protected":false},"excerpt":{"rendered":"<p>Oh, mamma mia \/ sol fa mi re do O-mam-i-ona I o-ma-my O Panie Ma mu\u0144ka Omamiona Mamon\u0105 Ma munia Fisia na muniu Miny r\u00f3\u017cne&hellip; <\/p>\n","protected":false},"author":1,"featured_media":0,"parent":0,"menu_order":0,"comment_status":"closed","ping_status":"closed","template":"","meta":{"footnotes":""},"class_list":["post-3998","page","type-page","status-publish","hentry"],"_links":{"self":[{"href":"https:\/\/hubertpietka.bialystok.pl\/index.php?rest_route=\/wp\/v2\/pages\/3998","targetHints":{"allow":["GET"]}}],"collection":[{"href":"https:\/\/hubertpietka.bialystok.pl\/index.php?rest_route=\/wp\/v2\/pages"}],"about":[{"href":"https:\/\/hubertpietka.bialystok.pl\/index.php?rest_route=\/wp\/v2\/types\/page"}],"author":[{"embeddable":true,"href":"https:\/\/hubertpietka.bialystok.pl\/index.php?rest_route=\/wp\/v2\/users\/1"}],"replies":[{"embeddable":true,"href":"https:\/\/hubertpietka.bialystok.pl\/index.php?rest_route=%2Fwp%2Fv2%2Fcomments&post=3998"}],"version-history":[{"count":3,"href":"https:\/\/hubertpietka.bialystok.pl\/index.php?rest_route=\/wp\/v2\/pages\/3998\/revisions"}],"predecessor-version":[{"id":4003,"href":"https:\/\/hubertpietka.bialystok.pl\/index.php?rest_route=\/wp\/v2\/pages\/3998\/revisions\/4003"}],"wp:attachment":[{"href":"https:\/\/hubertpietka.bialystok.pl\/index.php?rest_route=%2Fwp%2Fv2%2Fmedia&parent=3998"}],"curies":[{"name":"wp","href":"https:\/\/api.w.org\/{rel}","templated":true}]}}