{"id":4008,"date":"2021-05-15T23:45:15","date_gmt":"2021-05-15T23:45:15","guid":{"rendered":"http:\/\/hubertpietka.bialystok.pl\/?page_id=4008"},"modified":"2021-05-15T23:45:15","modified_gmt":"2021-05-15T23:45:15","slug":"z-psalmu-chociaz-psa-lmu","status":"publish","type":"page","link":"https:\/\/hubertpietka.bialystok.pl\/?page_id=4008","title":{"rendered":"Z *psalmu* \/ chocia\u017c *psa-(l)mu*"},"content":{"rendered":"<p><em><strong>Z *psalmu* \/ chocia\u017c *psa-(l)mu*<\/strong><\/em><\/p>\n<p><strong>1.<\/strong><br \/>\n<em>Kiedy\u017c on umrze<\/em><br \/>\n<em>I zginie jego imi\u0119<\/em><br \/>\n<em>Uderzmy w niego<\/em><\/p>\n<p>A je\u015bli nie on<br \/>\nTo os\u0142abmy go<br \/>\nUderzmy w najbli\u017csz\u0105 mu osob\u0119<br \/>\nA je\u015bli nie ona<br \/>\nTo ten pies chocia\u017c<\/p>\n<p><strong>2.<\/strong><br \/>\n<em>Zaraza z\u0142o\u015bliwa nimi zaw\u0142adn\u0119\u0142a<\/em><br \/>\nKt\u00f3ra\u017c to ju\u017c<br \/>\nInne choroby<br \/>\nTe\u017c dobrym pozorem<\/p>\n<p>Uderzmy w ten samoch\u00f3d<br \/>\nBy przemieszcza\u0107 si\u0119 nie m\u00f3g\u0142<br \/>\nI komunikacj\u0119 utrudni\u0107<\/p>\n<p><strong>I<\/strong><br \/>\n<strong>Modlitwa za nas i psa<\/strong><\/p>\n<p>Ty wiesz Panie<br \/>\nW jaki spos\u00f3b co\u015b z\u0142ego<br \/>\nZ nami sta\u0107 si\u0119 mo\u017ce<br \/>\nTy wiesz Panie<\/p>\n<p>Czy w domu<br \/>\nNa drodze na dworze<br \/>\nGdziekolwiek<br \/>\nI jak to jest pozorowane<\/p>\n<p>Ty wiesz Panie<\/p>\n<p><strong>II<\/strong><br \/>\n<strong>Modlitwa za naszych i nasze<\/strong><\/p>\n<p>I Ty wiesz te\u017c<br \/>\nCo z\u0142ego mo\u017ce sta\u0107 si\u0119<br \/>\nZ naszymi i naszym<br \/>\nTy wiesz Panie<\/p>\n<p>I jak to b\u0119dzie upozorowane<\/p>\n<p><strong>III<\/strong><br \/>\n<strong>Oddanie<\/strong><\/p>\n<p>Jezu ufam Tobie<\/p>\n<p>Oddaj\u0119 Ci nas<br \/>\nWszystkich naszych<br \/>\nWszystko nasze<br \/>\nW ka\u017cdy czas<\/p>\n<p><a href=\"http:\/\/hubertpietka.bialystok.pl\/wp-content\/uploads\/2021\/05\/IMG_20210516_013111.jpg\"><img loading=\"lazy\" decoding=\"async\" class=\"alignnone size-thumbnail wp-image-4009\" src=\"http:\/\/hubertpietka.bialystok.pl\/wp-content\/uploads\/2021\/05\/IMG_20210516_013111-150x150.jpg\" alt=\"\" width=\"150\" height=\"150\" srcset=\"https:\/\/hubertpietka.bialystok.pl\/wp-content\/uploads\/2021\/05\/IMG_20210516_013111-150x150.jpg 150w, https:\/\/hubertpietka.bialystok.pl\/wp-content\/uploads\/2021\/05\/IMG_20210516_013111-75x75.jpg 75w\" sizes=\"auto, (max-width: 150px) 100vw, 150px\" \/><\/a><\/p>\n<p><em>Na zdj. Zakrwawiona sutanna Jana Paw\u0142a II<\/em><br \/>\n<em>Podczas zamachu 40 lat temu<\/em><br \/>\n<em>R\u00f3\u017cne s\u0105 sposoby dzisiaj<\/em><br \/>\n<em>By pozbawi\u0107 \u017cycia<\/em><br \/>\n<em>Mo\u017ce nie tak zewn\u0119trznie krwawe<\/em><br \/>\n<em>Ale ze skutkiem jednakim<\/em><br \/>\n<em>Dlatego te\u017c w\u0142a\u015bnie<\/em><\/p>\n<p><em>M\u00f3dl si\u0119 za nami<\/em><br \/>\n<em>Matko Bo\u017ca Fatimska<\/em><br \/>\n<em>I ty \u015bw. Janie Pawle<\/em><br \/>\n<em>By zamiary zbrodni tych<\/em><br \/>\n<em>Nie dosz\u0142y do skutk\u00f3w<\/em><\/p>\n","protected":false},"excerpt":{"rendered":"<p>Z *psalmu* \/ chocia\u017c *psa-(l)mu* 1. Kiedy\u017c on umrze I zginie jego imi\u0119 Uderzmy w niego A je\u015bli nie on To os\u0142abmy go Uderzmy w&hellip; <\/p>\n","protected":false},"author":1,"featured_media":0,"parent":0,"menu_order":0,"comment_status":"closed","ping_status":"closed","template":"","meta":{"footnotes":""},"class_list":["post-4008","page","type-page","status-publish","hentry"],"_links":{"self":[{"href":"https:\/\/hubertpietka.bialystok.pl\/index.php?rest_route=\/wp\/v2\/pages\/4008","targetHints":{"allow":["GET"]}}],"collection":[{"href":"https:\/\/hubertpietka.bialystok.pl\/index.php?rest_route=\/wp\/v2\/pages"}],"about":[{"href":"https:\/\/hubertpietka.bialystok.pl\/index.php?rest_route=\/wp\/v2\/types\/page"}],"author":[{"embeddable":true,"href":"https:\/\/hubertpietka.bialystok.pl\/index.php?rest_route=\/wp\/v2\/users\/1"}],"replies":[{"embeddable":true,"href":"https:\/\/hubertpietka.bialystok.pl\/index.php?rest_route=%2Fwp%2Fv2%2Fcomments&post=4008"}],"version-history":[{"count":1,"href":"https:\/\/hubertpietka.bialystok.pl\/index.php?rest_route=\/wp\/v2\/pages\/4008\/revisions"}],"predecessor-version":[{"id":4010,"href":"https:\/\/hubertpietka.bialystok.pl\/index.php?rest_route=\/wp\/v2\/pages\/4008\/revisions\/4010"}],"wp:attachment":[{"href":"https:\/\/hubertpietka.bialystok.pl\/index.php?rest_route=%2Fwp%2Fv2%2Fmedia&parent=4008"}],"curies":[{"name":"wp","href":"https:\/\/api.w.org\/{rel}","templated":true}]}}