{"id":4012,"date":"2021-05-23T21:00:27","date_gmt":"2021-05-23T21:00:27","guid":{"rendered":"http:\/\/hubertpietka.bialystok.pl\/?page_id=4012"},"modified":"2021-05-24T22:22:10","modified_gmt":"2021-05-24T22:22:10","slug":"kotek-zielonooki-a-smoki","status":"publish","type":"page","link":"https:\/\/hubertpietka.bialystok.pl\/?page_id=4012","title":{"rendered":"Kotek zielonooki \/ a smoki"},"content":{"rendered":"<p><em><strong>Kotek zielonooki \/ a smoki<\/strong><\/em><\/p>\n<p>Wed\u0142ug Ksi\u0119gi Rodzaju (Rdz 2,18)<br \/>\n\u017bona jest m\u0119\u017cowi dana<br \/>\nJako pomoc i obrona<\/p>\n<p>Powinna dobrze czyni\u0107<br \/>\nCzy za to trzeba j\u0105 zabija\u0107<\/p>\n<p>Pierwsi rodzice<br \/>\nAdam i Ewa<br \/>\nEwa da\u0142a<br \/>\nA Adam powiedzia\u0142<\/p>\n<p>Dlaczego oni uczynili<br \/>\nTo czego nie powinni<br \/>\nCo prawo nakazywa\u0142o<br \/>\nA czy\u017c innych to nie dotyczy wcale<\/p>\n<p>Wed\u0142ug prawa zabija\u0107<br \/>\nA wed\u0142ug praw moralnych<br \/>\nDobrze innym czyni\u0107<\/p>\n<p>La<br \/>\nI won k a \/<br \/>\nMon i k a<br \/>\nLa-la<\/p>\n<p>To M(aryi) k a<br \/>\nMy i oni a \/<br \/>\n<strong>Jutro Maryi Wspomo\u017cycielki Wiernych<br \/>\nA ja na mod\u0142\u0119 koronki<\/strong><\/p>\n<p><strong>Diabelskie wn\u0119ki<\/strong><br \/>\n<strong>Mnie mi\u0142o siedzie\u0107<\/strong><br \/>\n<strong>Dla nas a \u015bwiata ca\u0142ego<\/strong><\/p>\n<p><strong>Ale w domu<\/strong><br \/>\n<strong>Si\u0119 modl\u0105c<\/strong><\/p>\n<p><strong>I za psy<\/strong><br \/>\n<strong>Te\u017c trzeba si\u0119 modli\u0107<\/strong><\/p>\n<p><strong><a href=\"http:\/\/hubertpietka.bialystok.pl\/wp-content\/uploads\/2021\/05\/IMG_20210523_223504.jpg\"><img loading=\"lazy\" decoding=\"async\" class=\"alignnone size-thumbnail wp-image-4013\" src=\"http:\/\/hubertpietka.bialystok.pl\/wp-content\/uploads\/2021\/05\/IMG_20210523_223504-150x150.jpg\" alt=\"\" width=\"150\" height=\"150\" srcset=\"https:\/\/hubertpietka.bialystok.pl\/wp-content\/uploads\/2021\/05\/IMG_20210523_223504-150x150.jpg 150w, https:\/\/hubertpietka.bialystok.pl\/wp-content\/uploads\/2021\/05\/IMG_20210523_223504-75x75.jpg 75w\" sizes=\"auto, (max-width: 150px) 100vw, 150px\" \/><\/a><\/strong><\/p>\n<p><em>Na zdj. Kotek<\/em><br \/>\n<em>W gratowni<\/em><br \/>\n<em>Ma oczy zielone<\/em><br \/>\n<em>Wpatrzone<\/em><br \/>\n<em>W blisk\u0105 mu osob\u0119<\/em><\/p>\n<p style=\"text-align: right;\"><a href=\"https:\/\/youtu.be\/t259ZGWq894\"><em><strong>Zenek Martyniuk (Akcent)<\/strong><\/em><\/a><br \/>\n<a href=\"https:\/\/youtu.be\/t259ZGWq894\"><em><strong>&#8211; Przez twe oczy zielone<\/strong><\/em><\/a><\/p>\n","protected":false},"excerpt":{"rendered":"<p>Kotek zielonooki \/ a smoki Wed\u0142ug Ksi\u0119gi Rodzaju (Rdz 2,18) \u017bona jest m\u0119\u017cowi dana Jako pomoc i obrona Powinna dobrze czyni\u0107 Czy za to trzeba&hellip; <\/p>\n","protected":false},"author":1,"featured_media":0,"parent":0,"menu_order":0,"comment_status":"closed","ping_status":"closed","template":"","meta":{"footnotes":""},"class_list":["post-4012","page","type-page","status-publish","hentry"],"_links":{"self":[{"href":"https:\/\/hubertpietka.bialystok.pl\/index.php?rest_route=\/wp\/v2\/pages\/4012","targetHints":{"allow":["GET"]}}],"collection":[{"href":"https:\/\/hubertpietka.bialystok.pl\/index.php?rest_route=\/wp\/v2\/pages"}],"about":[{"href":"https:\/\/hubertpietka.bialystok.pl\/index.php?rest_route=\/wp\/v2\/types\/page"}],"author":[{"embeddable":true,"href":"https:\/\/hubertpietka.bialystok.pl\/index.php?rest_route=\/wp\/v2\/users\/1"}],"replies":[{"embeddable":true,"href":"https:\/\/hubertpietka.bialystok.pl\/index.php?rest_route=%2Fwp%2Fv2%2Fcomments&post=4012"}],"version-history":[{"count":9,"href":"https:\/\/hubertpietka.bialystok.pl\/index.php?rest_route=\/wp\/v2\/pages\/4012\/revisions"}],"predecessor-version":[{"id":4015,"href":"https:\/\/hubertpietka.bialystok.pl\/index.php?rest_route=\/wp\/v2\/pages\/4012\/revisions\/4015"}],"wp:attachment":[{"href":"https:\/\/hubertpietka.bialystok.pl\/index.php?rest_route=%2Fwp%2Fv2%2Fmedia&parent=4012"}],"curies":[{"name":"wp","href":"https:\/\/api.w.org\/{rel}","templated":true}]}}