{"id":4023,"date":"2021-05-24T22:54:41","date_gmt":"2021-05-24T22:54:41","guid":{"rendered":"http:\/\/hubertpietka.bialystok.pl\/?page_id=4023"},"modified":"2021-05-26T19:19:19","modified_gmt":"2021-05-26T19:19:19","slug":"szukanie-w-polu-wiatru","status":"publish","type":"page","link":"https:\/\/hubertpietka.bialystok.pl\/?page_id=4023","title":{"rendered":"Szukanie \/ w polu wiatru"},"content":{"rendered":"<p><em><strong>Szukanie \/ w polu wiatru<\/strong><\/em><br \/>\n<strong>Intro<\/strong><br \/>\nPisa\u0107 zacz\u0105\u0142em 24 maja oko\u0142o godziny 25 (?!)<br \/>\nW \u015bwi\u0119to Maryi Wspomo\u017cycielki Wiernych<br \/>\nA mo\u017ce raczej oko\u0142o godziny 23<br \/>\nA mo\u017ce to by\u0142 jednak 25&#8230; oko\u0142o godziny 1<br \/>\nJu\u017c sam nie wiem<\/p>\n<p>Trudno to okre\u015bli\u0107<br \/>\nWed\u0142ug za\u0142o\u017ce\u0144 i\u015bcie pokr\u0119tnych<br \/>\nA mo\u017ce to by\u0142a jednak<br \/>\nGodzina jeszcze inna<br \/>\nJu\u017c sam nie wiem<br \/>\nOd tego si\u0119 mo\u017ce<br \/>\nChyba ka\u017cdy przyzna<br \/>\nZakr\u0119ci\u0107 w g\u0142owie troch\u0119<br \/>\n&#8230;<\/p>\n<p><strong>1.\u00a0<\/strong><br \/>\nNie szkoda wody na mycie<br \/>\nsamochodu ale szkoda<br \/>\nNa mycie naczy\u0144<\/p>\n<p>Ob\u0142uda pod\u0142a &#8211;<br \/>\nJezus m\u00f3wi\u0142<\/p>\n<p>Co jest wa\u017cniejsze<br \/>\nZewn\u0119trzno\u015b\u0107<br \/>\nCzysty dom samoch\u00f3d posesja<br \/>\nCzy czyste serce<br \/>\nCz\u0142owieka wn\u0119trze<\/p>\n<p><strong>2.\u00a0<\/strong><br \/>\nA pas-sat a<br \/>\nPas-sata N\/N.i.e ruszaj<br \/>\nAni ni-ani<br \/>\nDo\u015b\u0107 ju\u017c twych<br \/>\nZbrodni z tych uff<\/p>\n<p><strong>3.<\/strong><br \/>\nBo chodzi o to<br \/>\nAby w\u0142a\u015bciw\u0105 miar\u0119 przywr\u00f3ci\u0107<br \/>\nRzeczom i ludziom<br \/>\nLecz aby to uczyni\u0107<br \/>\nTrzeba chwa\u0142\u0119 odda\u0107 Bogu<\/p>\n<p><strong>4.<\/strong><br \/>\nBo chodzi o to<br \/>\nAby<br \/>\nW\u0142a\u015bciw\u0105 miar\u0119 przywr\u00f3ci\u0107<br \/>\nJak m\u00f3wi\u0142 Jan Pawe\u0142 II<\/p>\n<p>A gdzie jest ohyda spustoszenia<br \/>\nDzisiaj tam zapewne<br \/>\nA gdzie jutro b\u0119dzie<br \/>\nTam gdzie nie powinna by\u0107<\/p>\n<p>I je\u015bli cokolwiek<br \/>\nZe mn\u0105 moj\u0105 \u017con\u0105 lub tym psem si\u0119 stanie<br \/>\nZ bliskimi naszymi i naszym<br \/>\nTo si\u0119 pozorowuje<br \/>\nPrzede mn\u0105 w ka\u017cdym b\u0105d\u017a razie zawsze<\/p>\n<p><a href=\"http:\/\/hubertpietka.bialystok.pl\/wp-content\/uploads\/2021\/05\/IMG_20210526_074919.jpg\"><img loading=\"lazy\" decoding=\"async\" class=\"alignnone size-thumbnail wp-image-4030\" src=\"http:\/\/hubertpietka.bialystok.pl\/wp-content\/uploads\/2021\/05\/IMG_20210526_074919-150x150.jpg\" alt=\"\" width=\"150\" height=\"150\" srcset=\"https:\/\/hubertpietka.bialystok.pl\/wp-content\/uploads\/2021\/05\/IMG_20210526_074919-150x150.jpg 150w, https:\/\/hubertpietka.bialystok.pl\/wp-content\/uploads\/2021\/05\/IMG_20210526_074919-75x75.jpg 75w\" sizes=\"auto, (max-width: 150px) 100vw, 150px\" \/><\/a><\/p>\n<p><em> Na zdj. \u015awi\u0119ty J\u00f3zef z Dzieci\u0105tkiem<\/em><br \/>\n<em> W klasztorze w Pi\u0144czowie<\/em><br \/>\n<em> Oddawa\u0107 Bogu chwa\u0142\u0119 mo\u017cna<\/em><br \/>\n<em> Ale tylko w prawdzie<\/em><br \/>\n<em> Bo\u017ce dopom\u00f3\u017c<\/em><\/p>\n","protected":false},"excerpt":{"rendered":"<p>Szukanie \/ w polu wiatru Intro Pisa\u0107 zacz\u0105\u0142em 24 maja oko\u0142o godziny 25 (?!) W \u015bwi\u0119to Maryi Wspomo\u017cycielki Wiernych A mo\u017ce raczej oko\u0142o godziny 23&hellip; <\/p>\n","protected":false},"author":1,"featured_media":0,"parent":0,"menu_order":0,"comment_status":"closed","ping_status":"closed","template":"","meta":{"footnotes":""},"class_list":["post-4023","page","type-page","status-publish","hentry"],"_links":{"self":[{"href":"https:\/\/hubertpietka.bialystok.pl\/index.php?rest_route=\/wp\/v2\/pages\/4023","targetHints":{"allow":["GET"]}}],"collection":[{"href":"https:\/\/hubertpietka.bialystok.pl\/index.php?rest_route=\/wp\/v2\/pages"}],"about":[{"href":"https:\/\/hubertpietka.bialystok.pl\/index.php?rest_route=\/wp\/v2\/types\/page"}],"author":[{"embeddable":true,"href":"https:\/\/hubertpietka.bialystok.pl\/index.php?rest_route=\/wp\/v2\/users\/1"}],"replies":[{"embeddable":true,"href":"https:\/\/hubertpietka.bialystok.pl\/index.php?rest_route=%2Fwp%2Fv2%2Fcomments&post=4023"}],"version-history":[{"count":11,"href":"https:\/\/hubertpietka.bialystok.pl\/index.php?rest_route=\/wp\/v2\/pages\/4023\/revisions"}],"predecessor-version":[{"id":4035,"href":"https:\/\/hubertpietka.bialystok.pl\/index.php?rest_route=\/wp\/v2\/pages\/4023\/revisions\/4035"}],"wp:attachment":[{"href":"https:\/\/hubertpietka.bialystok.pl\/index.php?rest_route=%2Fwp%2Fv2%2Fmedia&parent=4023"}],"curies":[{"name":"wp","href":"https:\/\/api.w.org\/{rel}","templated":true}]}}