{"id":4139,"date":"2021-06-16T21:03:21","date_gmt":"2021-06-16T21:03:21","guid":{"rendered":"http:\/\/hubertpietka.bialystok.pl\/?page_id=4139"},"modified":"2021-06-16T21:03:21","modified_gmt":"2021-06-16T21:03:21","slug":"konan-nowy-a-kanony","status":"publish","type":"page","link":"https:\/\/hubertpietka.bialystok.pl\/?page_id=4139","title":{"rendered":"Konan-nowy \/ a kanony"},"content":{"rendered":"<p><b><i>Konan-nowy \/ a kanony<\/i><\/b><\/p>\n<p>Jest pewien kanon nienaruszalny<br \/>\nPrzeciwko kt\u00f3remu wykracza\u0107 nie wolno<br \/>\nNawet jednym s\u0142owem<\/p>\n<p>Bo je\u015bli powiesz co\u015b przeciwko<br \/>\nKt\u00f3remu\u015b z szatynka pupilk\u00f3w<br \/>\nTo jest to zbrodnia<br \/>\nNie do wybaczenia<br \/>\nZa to mo\u017ce grozi\u0107 \u015bmier\u0107 albo wi\u0119zienie<\/p>\n<p>Szach mistrzostwo \u015bwiata<br \/>\nBo jak ty co\u015b powiesz<br \/>\nTo mo\u017ce to w kogo\u015b innego konkretnego trafi\u0107<\/p>\n<p>\u017be niby kto\u015b wp\u0142yn\u0105\u0142 na co\u015b<br \/>\nI teraz jak jest ju\u017c to co\u015b<br \/>\nTo nie mo\u017cna powiedzie\u0107 s\u0142owa<br \/>\nI nie wa\u017cne \u017ce to jest prawda<br \/>\nBo to przeciwko kanonowi wykracza<\/p>\n<p>Mistrzowskie zagranie szaty\u0144skie<br \/>\nNie mo\u017cna m\u00f3wi\u0107 prawdy<br \/>\nBo to jest wykroczenie<br \/>\nNawet a mo\u017ce zw\u0142aszcza<br \/>\nKiedy to pochodzi od ciebie<\/p>\n<p>O bardziej pokr\u0119tn\u0105 logik\u0119 trudno<br \/>\nCzyli wp\u0142yn\u0105\u0142 kto\u015b<br \/>\n\u017be m\u00f3wi si\u0119 co\u015b<br \/>\nI nie wa\u017cne \u017ce ju\u017c to prawd\u0105 nie jest<br \/>\nA na dodatek jak ju\u017c m\u00f3wisz prawd\u0119<br \/>\nTo trzeba uwa\u017ca\u0107 kogo ona dotyczy<br \/>\nBo mo\u017ce to rykoszetem trafi\u0107<br \/>\nW ci najbli\u017cszych<br \/>\nSic! Krok ob\u0142\u0119dnie mistrzowski<\/p>\n<p>A ja g\u0142upi my\u015bla\u0142em \u017ce jest jeden kanon<br \/>\nI s\u0105 to przykazania Bo\u017ce Dekalog<br \/>\nOparty na zdrowej tradycji Ko\u015bcio\u0142a<br \/>\nNiesprzeczny z ca\u0142\u0105 wyk\u0142adni\u0105 Biblii<br \/>\nO ja g\u0142upi<\/p>\n<p>Jezus si\u0119 w kanony od Niego oczekiwane<br \/>\nNie wpisa\u0142 niestety<br \/>\nI dlatego sko\u0144czy\u0142 jak sko\u0144czy\u0142<br \/>\nAle On jest Bogiem<br \/>\nI tylko On m\u00f3g\u0142 dokona\u0107<br \/>\nTego \u017ce \u015bmier\u0107 Jego m\u0119cze\u0144ska<br \/>\nSta\u0142a si\u0119 zwyci\u0119stwem<br \/>\nI przeblaganiem totalnym za grzechy<br \/>\nTrzeba tylko przyj\u0105\u0107 Jego zbawienie<br \/>\nDane ka\u017cdemu kto Mu uwierzy<\/p>\n<p>A tak na marginesie<br \/>\nJakby pojawi\u0142 si\u0119 Konan Niszczyciel<br \/>\nTak przypadkiem zupe\u0142nie<br \/>\nI zniszczy\u0142by te systemy ob\u0142udne<br \/>\nTo co wtedy<br \/>\nTakim by\u0142 wbrew pozorom Jezus<br \/>\nOn to zrobi\u0142 po Swojemu<br \/>\nNie wpisuj\u0105c si\u0119 w oczekiwane od Niego kanony<\/p>\n<p><a href=\"http:\/\/hubertpietka.bialystok.pl\/wp-content\/uploads\/2021\/06\/IMG_20210616_223518.jpg\"><img loading=\"lazy\" decoding=\"async\" class=\"alignnone size-thumbnail wp-image-4140\" src=\"http:\/\/hubertpietka.bialystok.pl\/wp-content\/uploads\/2021\/06\/IMG_20210616_223518-150x150.jpg\" alt=\"\" width=\"150\" height=\"150\" srcset=\"https:\/\/hubertpietka.bialystok.pl\/wp-content\/uploads\/2021\/06\/IMG_20210616_223518-150x150.jpg 150w, https:\/\/hubertpietka.bialystok.pl\/wp-content\/uploads\/2021\/06\/IMG_20210616_223518-75x75.jpg 75w\" sizes=\"auto, (max-width: 150px) 100vw, 150px\" \/><\/a><\/p>\n<p><em>Na zdj. Jaki\u015b wsp\u00f3\u0142czesny Konan m\u00f3g\u0142by por\u0105ba\u0107 to drzewo<\/em><br \/>\n<em> A mi n\u0119dznemu<\/em><br \/>\n<em> Co prawda na ko\u0144cu<\/em><br \/>\n<em> Ale dysk wylecia\u0142<\/em><br \/>\n<em> (Chocia\u017c dyskobolem nie jestem \ud83d\ude42<\/em><br \/>\n<em> Na szcz\u0119\u015bcie jest ju\u017c troch\u0119 lepiej<\/em><br \/>\n<em> I nie myli\u0107 Konan z tym \u017ce ja konam \ud83d\ude42<\/em><\/p>\n<p style=\"text-align: center;\"><a href=\"https:\/\/youtu.be\/gl8w-cMqNfI\"><em><strong>Conan The Destroyer<\/strong><\/em><\/a><\/p>\n","protected":false},"excerpt":{"rendered":"<p>Konan-nowy \/ a kanony Jest pewien kanon nienaruszalny Przeciwko kt\u00f3remu wykracza\u0107 nie wolno Nawet jednym s\u0142owem Bo je\u015bli powiesz co\u015b przeciwko Kt\u00f3remu\u015b z szatynka pupilk\u00f3w&hellip; <\/p>\n","protected":false},"author":1,"featured_media":0,"parent":0,"menu_order":0,"comment_status":"closed","ping_status":"closed","template":"","meta":{"footnotes":""},"class_list":["post-4139","page","type-page","status-publish","hentry"],"_links":{"self":[{"href":"https:\/\/hubertpietka.bialystok.pl\/index.php?rest_route=\/wp\/v2\/pages\/4139","targetHints":{"allow":["GET"]}}],"collection":[{"href":"https:\/\/hubertpietka.bialystok.pl\/index.php?rest_route=\/wp\/v2\/pages"}],"about":[{"href":"https:\/\/hubertpietka.bialystok.pl\/index.php?rest_route=\/wp\/v2\/types\/page"}],"author":[{"embeddable":true,"href":"https:\/\/hubertpietka.bialystok.pl\/index.php?rest_route=\/wp\/v2\/users\/1"}],"replies":[{"embeddable":true,"href":"https:\/\/hubertpietka.bialystok.pl\/index.php?rest_route=%2Fwp%2Fv2%2Fcomments&post=4139"}],"version-history":[{"count":1,"href":"https:\/\/hubertpietka.bialystok.pl\/index.php?rest_route=\/wp\/v2\/pages\/4139\/revisions"}],"predecessor-version":[{"id":4142,"href":"https:\/\/hubertpietka.bialystok.pl\/index.php?rest_route=\/wp\/v2\/pages\/4139\/revisions\/4142"}],"wp:attachment":[{"href":"https:\/\/hubertpietka.bialystok.pl\/index.php?rest_route=%2Fwp%2Fv2%2Fmedia&parent=4139"}],"curies":[{"name":"wp","href":"https:\/\/api.w.org\/{rel}","templated":true}]}}