{"id":4158,"date":"2021-06-19T14:02:19","date_gmt":"2021-06-19T14:02:19","guid":{"rendered":"http:\/\/hubertpietka.bialystok.pl\/?page_id=4158"},"modified":"2021-06-19T14:04:20","modified_gmt":"2021-06-19T14:04:20","slug":"troche-chili-przyprawy-do-wiary","status":"publish","type":"page","link":"https:\/\/hubertpietka.bialystok.pl\/?page_id=4158","title":{"rendered":"Troch\u0119 chili \/ przyprawy do wiary"},"content":{"rendered":"<p><em><strong>Troch\u0119 chili \/ przyprawy do wiary<\/strong><\/em><\/p>\n<p><em>Czyli<\/em><br \/>\nJak ja m\u00f3wi\u0119<br \/>\n\u017be oni maj\u0105 przyj\u015b\u0107<br \/>\nTo jestem niebezpieczny dla otoczenia<br \/>\nI oni musz\u0105 przyj\u015b\u0107<br \/>\nAby mnie powstrzyma\u0107<br \/>\nPrzed szale\u0144stwami kolejnymi<br \/>\nSic! Taki \u015bmieszny paradoksik \ud83d\ude42<\/p>\n<p>A jednak ja wierz\u0119<br \/>\n\u017be to si\u0119 prze\u0142amie<br \/>\n\u017be jeszcze b\u0119dzie normalnie<br \/>\n\u017be b\u0119dzie jak by\u0107 powinno<\/p>\n<p><a href=\"http:\/\/hubertpietka.bialystok.pl\/wp-content\/uploads\/2021\/06\/IMG_20210619_154335.jpg\"><img loading=\"lazy\" decoding=\"async\" class=\"alignnone size-thumbnail wp-image-4159\" src=\"http:\/\/hubertpietka.bialystok.pl\/wp-content\/uploads\/2021\/06\/IMG_20210619_154335-150x150.jpg\" alt=\"\" width=\"150\" height=\"150\" srcset=\"https:\/\/hubertpietka.bialystok.pl\/wp-content\/uploads\/2021\/06\/IMG_20210619_154335-150x150.jpg 150w, https:\/\/hubertpietka.bialystok.pl\/wp-content\/uploads\/2021\/06\/IMG_20210619_154335-75x75.jpg 75w\" sizes=\"auto, (max-width: 150px) 100vw, 150px\" \/><\/a><\/p>\n<p><em>Na zdj. Maryja Matka Bo\u017ca Nieustaj\u0105cej Pomocy<\/em><br \/>\n<em>W klasztorze franciszka\u0144skim w Pi\u0144czowie<\/em><br \/>\n<em>Jeszcze b\u0119dzie dobrze<\/em><br \/>\n<em>Bo ja ufno\u015b\u0107 z\u0142o\u017cy\u0142em Maryjo w Tobie<\/em><br \/>\n<em>Czyli w Bogu<\/em><\/p>\n<p><strong>Dzi\u015b sobota maryjny dzie\u0144<\/strong><br \/>\n<strong>Ale te\u017c \u015bw. Gerwazego i \u015bw. Protazego<\/strong><br \/>\n<strong><em>Tak tak Gerwaze\u0144ku Tak Protaze\u0144ku<\/em><\/strong><\/p>\n<p style=\"text-align: center;\"><a href=\"https:\/\/youtu.be\/dUcWiRwtUxw\"><b><i>Tilt &#8211; Jeszcze b\u0119dzie przepi\u0119knie<\/i><\/b><\/a><\/p>\n","protected":false},"excerpt":{"rendered":"<p>Troch\u0119 chili \/ przyprawy do wiary Czyli Jak ja m\u00f3wi\u0119 \u017be oni maj\u0105 przyj\u015b\u0107 To jestem niebezpieczny dla otoczenia I oni musz\u0105 przyj\u015b\u0107 Aby mnie&hellip; <\/p>\n","protected":false},"author":1,"featured_media":0,"parent":0,"menu_order":0,"comment_status":"closed","ping_status":"closed","template":"","meta":{"footnotes":""},"class_list":["post-4158","page","type-page","status-publish","hentry"],"_links":{"self":[{"href":"https:\/\/hubertpietka.bialystok.pl\/index.php?rest_route=\/wp\/v2\/pages\/4158","targetHints":{"allow":["GET"]}}],"collection":[{"href":"https:\/\/hubertpietka.bialystok.pl\/index.php?rest_route=\/wp\/v2\/pages"}],"about":[{"href":"https:\/\/hubertpietka.bialystok.pl\/index.php?rest_route=\/wp\/v2\/types\/page"}],"author":[{"embeddable":true,"href":"https:\/\/hubertpietka.bialystok.pl\/index.php?rest_route=\/wp\/v2\/users\/1"}],"replies":[{"embeddable":true,"href":"https:\/\/hubertpietka.bialystok.pl\/index.php?rest_route=%2Fwp%2Fv2%2Fcomments&post=4158"}],"version-history":[{"count":4,"href":"https:\/\/hubertpietka.bialystok.pl\/index.php?rest_route=\/wp\/v2\/pages\/4158\/revisions"}],"predecessor-version":[{"id":4163,"href":"https:\/\/hubertpietka.bialystok.pl\/index.php?rest_route=\/wp\/v2\/pages\/4158\/revisions\/4163"}],"wp:attachment":[{"href":"https:\/\/hubertpietka.bialystok.pl\/index.php?rest_route=%2Fwp%2Fv2%2Fmedia&parent=4158"}],"curies":[{"name":"wp","href":"https:\/\/api.w.org\/{rel}","templated":true}]}}