{"id":4177,"date":"2021-06-22T07:40:55","date_gmt":"2021-06-22T07:40:55","guid":{"rendered":"http:\/\/hubertpietka.bialystok.pl\/?page_id=4177"},"modified":"2021-06-22T07:40:55","modified_gmt":"2021-06-22T07:40:55","slug":"na-celowniku-czlowiek-nikt","status":"publish","type":"page","link":"https:\/\/hubertpietka.bialystok.pl\/?page_id=4177","title":{"rendered":"Na celowniku \/ cz\u0142owiek-nikt"},"content":{"rendered":"<p><em><strong>Na celowniku \/ cz\u0142owiek-nikt<\/strong><\/em><\/p>\n<p>Wszystko ju\u017c przygotowane<br \/>\nCela czeka<br \/>\nI plan eliminacji przygotowany<br \/>\nWi\u0119\u017ania tylko jeszcze nie ma<\/p>\n<p>I na kogo oni si\u0119 nadwyr\u0119\u017caj\u0105 tak mocno<br \/>\n<em>Na zdech\u0142ego psa kt\u00f3rym jestem<\/em><br \/>\nW czym tak zawadzam im<br \/>\nN\u0119dznym \u017cyciem swym<\/p>\n<p><a href=\"http:\/\/hubertpietka.bialystok.pl\/wp-content\/uploads\/2021\/06\/IMG_20210622_092517.jpg\"><img loading=\"lazy\" decoding=\"async\" class=\"alignnone size-thumbnail wp-image-4180\" src=\"http:\/\/hubertpietka.bialystok.pl\/wp-content\/uploads\/2021\/06\/IMG_20210622_092517-150x150.jpg\" alt=\"\" width=\"150\" height=\"150\" srcset=\"https:\/\/hubertpietka.bialystok.pl\/wp-content\/uploads\/2021\/06\/IMG_20210622_092517-150x150.jpg 150w, https:\/\/hubertpietka.bialystok.pl\/wp-content\/uploads\/2021\/06\/IMG_20210622_092517-75x75.jpg 75w\" sizes=\"auto, (max-width: 150px) 100vw, 150px\" \/><\/a><\/p>\n<p><em>Na zdj. \u015aw. Jan Pawe\u0142 II<\/em><br \/>\n<em> W kolegiacie wi\u015blickiej<\/em><br \/>\n<em> On najbardziej wtorki lubi\u0142<\/em><br \/>\n<em> Ja chyba niekoniecznie \ud83d\ude42<\/em><br \/>\n<em> Dzie\u0144 raczej jak co dzie\u0144 \ud83d\ude42<\/em><\/p>\n<p><em>A wczoraj w klasztorze<\/em><br \/>\n<em> Co by\u0142o adorowane<\/em><br \/>\n<em> Podczas zwyk\u0142ego czerwcowego nabo\u017ce\u0144stwa<\/em><br \/>\n<em> Bo na pewno nie prawdziwy Naj\u015bwi\u0119tszy Sakrament<\/em><br \/>\n<em> W ten spos\u00f3b jest adorowana spustoszenia ohyda<\/em><\/p>\n<p><strong>Totus Tuus Maryja<\/strong><br \/>\n<strong> Ave Niepokalana<\/strong><\/p>\n","protected":false},"excerpt":{"rendered":"<p>Na celowniku \/ cz\u0142owiek-nikt Wszystko ju\u017c przygotowane Cela czeka I plan eliminacji przygotowany Wi\u0119\u017ania tylko jeszcze nie ma I na kogo oni si\u0119 nadwyr\u0119\u017caj\u0105 tak&hellip; <\/p>\n","protected":false},"author":1,"featured_media":0,"parent":0,"menu_order":0,"comment_status":"closed","ping_status":"closed","template":"","meta":{"footnotes":""},"class_list":["post-4177","page","type-page","status-publish","hentry"],"_links":{"self":[{"href":"https:\/\/hubertpietka.bialystok.pl\/index.php?rest_route=\/wp\/v2\/pages\/4177","targetHints":{"allow":["GET"]}}],"collection":[{"href":"https:\/\/hubertpietka.bialystok.pl\/index.php?rest_route=\/wp\/v2\/pages"}],"about":[{"href":"https:\/\/hubertpietka.bialystok.pl\/index.php?rest_route=\/wp\/v2\/types\/page"}],"author":[{"embeddable":true,"href":"https:\/\/hubertpietka.bialystok.pl\/index.php?rest_route=\/wp\/v2\/users\/1"}],"replies":[{"embeddable":true,"href":"https:\/\/hubertpietka.bialystok.pl\/index.php?rest_route=%2Fwp%2Fv2%2Fcomments&post=4177"}],"version-history":[{"count":2,"href":"https:\/\/hubertpietka.bialystok.pl\/index.php?rest_route=\/wp\/v2\/pages\/4177\/revisions"}],"predecessor-version":[{"id":4181,"href":"https:\/\/hubertpietka.bialystok.pl\/index.php?rest_route=\/wp\/v2\/pages\/4177\/revisions\/4181"}],"wp:attachment":[{"href":"https:\/\/hubertpietka.bialystok.pl\/index.php?rest_route=%2Fwp%2Fv2%2Fmedia&parent=4177"}],"curies":[{"name":"wp","href":"https:\/\/api.w.org\/{rel}","templated":true}]}}