{"id":4183,"date":"2021-06-27T11:35:11","date_gmt":"2021-06-27T11:35:11","guid":{"rendered":"http:\/\/hubertpietka.bialystok.pl\/?page_id=4183"},"modified":"2021-06-28T20:33:37","modified_gmt":"2021-06-28T20:33:37","slug":"o-chyba-ohyda","status":"publish","type":"page","link":"https:\/\/hubertpietka.bialystok.pl\/?page_id=4183","title":{"rendered":"O chyba \/ ohyda"},"content":{"rendered":"<p><strong>O chyba \/ ohyda<\/strong><\/p>\n<p>To jest ju\u017c prze\u015bladowanie wprost<br \/>\nBo jak nazwa\u0107 czyhanie<br \/>\nNa najmniejszy b\u0142\u0105d<br \/>\nAby uczyni\u0107 go pretekstem<br \/>\nDo rozgrywki ostatecznej<\/p>\n<p>Je\u015bli tak si\u0119 stanie<br \/>\nTo B\u00f3g upomni si\u0119 o nasz\u0105 krew<br \/>\nU ka\u017cdego z was<br \/>\nI to bardzo szybko<br \/>\nSzybciej ni\u017c by wam si\u0119 wydawa\u0107 mog\u0142o<\/p>\n<p>Z tego co wiem<br \/>\nTo teraz swe plany niecne<br \/>\nRealizowa\u0107 mog\u0105 niemal wprost<br \/>\nI z przyklaskiem pewnym dodatkowo<\/p>\n<p>A tak poza tym to<br \/>\n<em>Twoja twarz brzmi znajomo<\/em><br \/>\nW r\u00f3\u017cnych ods\u0142onach<br \/>\nI na wsi i w mie\u015bcie w trasie<br \/>\nA niech wyprzedza sobie<\/p>\n<p>Do tego jeszcze wr\u00f3c\u0119<br \/>\nAle przewa\u017ca tym razem tendencja<br \/>\nCzarna i stalowa<br \/>\nA niech tam<br \/>\n<em>Stal love<\/em><\/p>\n<p>A co ze spustoszenia ohyd\u0105<br \/>\nTutaj jako tako<br \/>\nAle we wtorek w Busku<br \/>\nNiby ksi\u0105dz i niby wsp\u00f3\u0142celebruj\u0105cy<br \/>\nAle o dziwo z prawdziw\u0105 hosti\u0105 \u015bwi\u0119t\u0105<br \/>\nA w czwartek bodaj\u017ce w Stopnicy<br \/>\nAdoracja ziej\u0105c\u0105 pustk\u0105 ohydy<\/p>\n<p>Taka pewna roletka<br \/>\nNigdy nie wiadomo w co i jak uderzy<br \/>\nZ rzeczy naj\u015bwi\u0119tszych<br \/>\nAle skoro to mo\u017cna<br \/>\nTo czym\u017ce jest zabicie cz\u0142owieka<\/p>\n<p>Szczeg\u00f3lnie je\u015bli jest<br \/>\nPrzyzwolenie na zbrodnie r\u00f3\u017cne<br \/>\nAle to si\u0119 kiedy\u015b sko\u0144czy<br \/>\nI wtedy odpowiedzialno\u015b\u0107 wr\u00f3ci<br \/>\nI sprawiedliwo\u015b\u0107 nie mi\u0142osierdzie fa\u0142szywe<\/p>\n<p><a href=\"http:\/\/hubertpietka.bialystok.pl\/wp-content\/uploads\/2021\/06\/IMG_20210627_133207.jpg\"><img loading=\"lazy\" decoding=\"async\" class=\"alignnone size-thumbnail wp-image-4184\" src=\"http:\/\/hubertpietka.bialystok.pl\/wp-content\/uploads\/2021\/06\/IMG_20210627_133207-150x150.jpg\" alt=\"\" width=\"150\" height=\"150\" srcset=\"https:\/\/hubertpietka.bialystok.pl\/wp-content\/uploads\/2021\/06\/IMG_20210627_133207-150x150.jpg 150w, https:\/\/hubertpietka.bialystok.pl\/wp-content\/uploads\/2021\/06\/IMG_20210627_133207-75x75.jpg 75w\" sizes=\"auto, (max-width: 150px) 100vw, 150px\" \/><\/a><\/p>\n<p><em>Na zdj. W Bukownie by\u0142a piaskownia<\/em><br \/>\n<em> Ju\u017c zosta\u0142a zalesiona<\/em><br \/>\n<em> Lecz najgorsza jest pustka serca<\/em><br \/>\n<em> Wbrew pozorom nie zape\u0142ni\u0105 jej \u017cadne \u015bwiecide\u0142ka<\/em><\/p>\n<p><strong>Dzi\u015b Matki Bo\u017cej Nieustaj\u0105cej Pomocy<\/strong><br \/>\n<strong> Do niej zawsze mo\u017cna i trzeba si\u0119 ucieka\u0107<\/strong><br \/>\n<strong> Nie znajdzie si\u0119 mo\u017ce oparcia w tym \u015bwiecie<\/strong><br \/>\n<strong> Lecz wbrew pozorom B\u00f3g nie zawodzi nigdy<\/strong><\/p>\n","protected":false},"excerpt":{"rendered":"<p>O chyba \/ ohyda To jest ju\u017c prze\u015bladowanie wprost Bo jak nazwa\u0107 czyhanie Na najmniejszy b\u0142\u0105d Aby uczyni\u0107 go pretekstem Do rozgrywki ostatecznej Je\u015bli tak&hellip; <\/p>\n","protected":false},"author":1,"featured_media":0,"parent":0,"menu_order":0,"comment_status":"closed","ping_status":"closed","template":"","meta":{"footnotes":""},"class_list":["post-4183","page","type-page","status-publish","hentry"],"_links":{"self":[{"href":"https:\/\/hubertpietka.bialystok.pl\/index.php?rest_route=\/wp\/v2\/pages\/4183","targetHints":{"allow":["GET"]}}],"collection":[{"href":"https:\/\/hubertpietka.bialystok.pl\/index.php?rest_route=\/wp\/v2\/pages"}],"about":[{"href":"https:\/\/hubertpietka.bialystok.pl\/index.php?rest_route=\/wp\/v2\/types\/page"}],"author":[{"embeddable":true,"href":"https:\/\/hubertpietka.bialystok.pl\/index.php?rest_route=\/wp\/v2\/users\/1"}],"replies":[{"embeddable":true,"href":"https:\/\/hubertpietka.bialystok.pl\/index.php?rest_route=%2Fwp%2Fv2%2Fcomments&post=4183"}],"version-history":[{"count":4,"href":"https:\/\/hubertpietka.bialystok.pl\/index.php?rest_route=\/wp\/v2\/pages\/4183\/revisions"}],"predecessor-version":[{"id":4191,"href":"https:\/\/hubertpietka.bialystok.pl\/index.php?rest_route=\/wp\/v2\/pages\/4183\/revisions\/4191"}],"wp:attachment":[{"href":"https:\/\/hubertpietka.bialystok.pl\/index.php?rest_route=%2Fwp%2Fv2%2Fmedia&parent=4183"}],"curies":[{"name":"wp","href":"https:\/\/api.w.org\/{rel}","templated":true}]}}