{"id":4188,"date":"2021-06-28T20:24:00","date_gmt":"2021-06-28T20:24:00","guid":{"rendered":"http:\/\/hubertpietka.bialystok.pl\/?page_id=4188"},"modified":"2021-06-28T20:24:00","modified_gmt":"2021-06-28T20:24:00","slug":"bies-irae-przydalby-sie-gniew","status":"publish","type":"page","link":"https:\/\/hubertpietka.bialystok.pl\/?page_id=4188","title":{"rendered":"Bies irae przyda\u0142by si\u0119 \/ gniew"},"content":{"rendered":"<p><strong>Bies\u00a0<em>irae<\/em> przyda\u0142by si\u0119 \/ gniew<\/strong><\/p>\n<p><strong>1.<\/strong><br \/>\nWidocznie wszystko dope\u0142ni\u0107 si\u0119 musi<br \/>\nNawet ob\u0142uda na tak wielu p\u0142aszczyznach<\/p>\n<p><strong>2.<\/strong><br \/>\nJe\u015bli ma nie by\u0107 zabita \u017cona moja<br \/>\nTo dlaczego na mnie czyhaj\u0105 nieustannie nastaj\u0105<\/p>\n<p><strong>3.<\/strong><br \/>\nPrzecie\u017c co\u015b z\u0142ego mo\u017ce sta\u0107 si\u0119 jej i w domu i na dworze i gdziekolwiek<br \/>\nSzczeg\u00f3lnie je\u015bli si\u0119 w tym pomo\u017ce troszk\u0119<\/p>\n<p><strong>4.<\/strong><br \/>\nPewnie by\u0142bym spoko ok i sw\u00f3j w og\u00f3le<br \/>\nJe\u015bli nie chcia\u0142bym \u017cy\u0107 po Bo\u017cemu i w prawdzie<\/p>\n<p><a href=\"http:\/\/hubertpietka.bialystok.pl\/wp-content\/uploads\/2021\/06\/IMG_20210628_213330.jpg\"><img loading=\"lazy\" decoding=\"async\" class=\"alignnone size-thumbnail wp-image-4189\" src=\"http:\/\/hubertpietka.bialystok.pl\/wp-content\/uploads\/2021\/06\/IMG_20210628_213330-150x150.jpg\" alt=\"\" width=\"150\" height=\"150\" srcset=\"https:\/\/hubertpietka.bialystok.pl\/wp-content\/uploads\/2021\/06\/IMG_20210628_213330-150x150.jpg 150w, https:\/\/hubertpietka.bialystok.pl\/wp-content\/uploads\/2021\/06\/IMG_20210628_213330-75x75.jpg 75w\" sizes=\"auto, (max-width: 150px) 100vw, 150px\" \/><\/a><\/p>\n<p><em>Na zdj. Odcisk na \u015brodkowym palcu<\/em><br \/>\n<em> W kszta\u0142cie serca<\/em><br \/>\n<em> Na tle zachodz\u0105cego s\u0142o\u0144ca<\/em><br \/>\n<em> Odpitolcie si\u0119 w ko\u0144cu od nas tak do ko\u0144ca<\/em><\/p>\n<p><strong>Dzi\u015b \u015bw. Ireneusza<\/strong><br \/>\n<strong> Jego imi\u0119 z <em>dies irae<\/em> mi si\u0119 kojarzy akurat<\/strong><br \/>\n<strong> Bo ile mo\u017cna to znosi\u0107<\/strong><br \/>\n<strong> Co nawet zdrowemu rozs\u0105dkowi przeczy<\/strong><\/p>\n<p><strong>Ps.<\/strong> Jeszcze mi si\u0119 przypomnia\u0142a <em>ohyda spustoszenia<\/em><br \/>\nI <em>twoja twarz brzmi znajomo<\/em><br \/>\nSfa\u0142szowa\u0107 mo\u017cna wszystko i sakramenty i ksi\u0119\u017cy<br \/>\nLecz prawdziwej modlitwy nie raczej<br \/>\nNie uciszy si\u0119 wszystkich<\/p>\n<p>A co do tego te\u017c drugiego<br \/>\nTo najbardziej podoba\u0142 mi si\u0119 niebieski traktor New Holland<br \/>\nA nie powinno by\u0107 New Nederland<br \/>\nZ neardelczykiem myli\u0107 nie trzeba<br \/>\nI mer czyli pan sedes<br \/>\nI do Bukowna w trasie i z powrotem i tam te\u017c blisko mostu<br \/>\nA ostatnio z niebiesk\u0105 przyczepk\u0105<br \/>\nI nawet je\u015bli myl\u0119 si\u0119<br \/>\nTo za przeproszeniem<br \/>\nM to w d. o przepraszam gdzie\u015b w&#8230; czubie<\/p>\n","protected":false},"excerpt":{"rendered":"<p>Bies\u00a0irae przyda\u0142by si\u0119 \/ gniew 1. Widocznie wszystko dope\u0142ni\u0107 si\u0119 musi Nawet ob\u0142uda na tak wielu p\u0142aszczyznach 2. Je\u015bli ma nie by\u0107 zabita \u017cona moja&hellip; <\/p>\n","protected":false},"author":1,"featured_media":0,"parent":0,"menu_order":0,"comment_status":"closed","ping_status":"closed","template":"","meta":{"footnotes":""},"class_list":["post-4188","page","type-page","status-publish","hentry"],"_links":{"self":[{"href":"https:\/\/hubertpietka.bialystok.pl\/index.php?rest_route=\/wp\/v2\/pages\/4188","targetHints":{"allow":["GET"]}}],"collection":[{"href":"https:\/\/hubertpietka.bialystok.pl\/index.php?rest_route=\/wp\/v2\/pages"}],"about":[{"href":"https:\/\/hubertpietka.bialystok.pl\/index.php?rest_route=\/wp\/v2\/types\/page"}],"author":[{"embeddable":true,"href":"https:\/\/hubertpietka.bialystok.pl\/index.php?rest_route=\/wp\/v2\/users\/1"}],"replies":[{"embeddable":true,"href":"https:\/\/hubertpietka.bialystok.pl\/index.php?rest_route=%2Fwp%2Fv2%2Fcomments&post=4188"}],"version-history":[{"count":2,"href":"https:\/\/hubertpietka.bialystok.pl\/index.php?rest_route=\/wp\/v2\/pages\/4188\/revisions"}],"predecessor-version":[{"id":4197,"href":"https:\/\/hubertpietka.bialystok.pl\/index.php?rest_route=\/wp\/v2\/pages\/4188\/revisions\/4197"}],"wp:attachment":[{"href":"https:\/\/hubertpietka.bialystok.pl\/index.php?rest_route=%2Fwp%2Fv2%2Fmedia&parent=4188"}],"curies":[{"name":"wp","href":"https:\/\/api.w.org\/{rel}","templated":true}]}}