{"id":4202,"date":"2021-06-29T07:40:09","date_gmt":"2021-06-29T07:40:09","guid":{"rendered":"http:\/\/hubertpietka.bialystok.pl\/?page_id=4202"},"modified":"2021-06-29T07:40:09","modified_gmt":"2021-06-29T07:40:09","slug":"ducha-swietego-zeslanie-przez-maryje","status":"publish","type":"page","link":"https:\/\/hubertpietka.bialystok.pl\/?page_id=4202","title":{"rendered":"Ducha \u015awi\u0119tego Zes\u0142anie \/ przez Maryj\u0119"},"content":{"rendered":"<p><em><strong>Ducha \u015awi\u0119tego Zes\u0142anie \/ przez Maryj\u0119<\/strong><\/em><\/p>\n<p><strong>1.<\/strong><br \/>\nZasadzili si\u0119 na mnie ju\u017c chyba na dobre<br \/>\nKa\u017cdego dnia mnie spotyka<br \/>\nIch zapalczywo\u015b\u0107 co chwil\u0119<br \/>\nAby tylko mnie uciszy\u0107<\/p>\n<p>Ale to nie wa\u017cne<br \/>\nPodobnie traktuj\u0105 moj\u0105 \u017con\u0119<br \/>\nAle tu akcenty troch\u0119 inaczej s\u0105 roz\u0142o\u017cone<br \/>\nNo trudno prze\u017cy\u0107 to trzeba<br \/>\nZ Bo\u017c\u0105 pomoc\u0105<\/p>\n<p><strong>2.<\/strong><br \/>\nDzisiaj \u015bw. Piotra i Paw\u0142a<br \/>\nKolumny Ko\u015bcio\u0142a<br \/>\n\u015aw. Pawe\u0142 nawet nie zna\u0142 ju\u017c Maryi<br \/>\nNie wiele pisa\u0142 o niej<br \/>\n\u015aw. Piotr podobnie<br \/>\nZ tym \u017ce on zna\u0142 j\u0105 bezpo\u015brednio<br \/>\nMaryja jest jak iskra<br \/>\nRozpalaj\u0105ca Bo\u017ce ognisko<br \/>\nZa jej przyczyn\u0105<br \/>\nDuch \u015awi\u0119ty chce dzia\u0142a\u0107<\/p>\n<p><a href=\"http:\/\/hubertpietka.bialystok.pl\/wp-content\/uploads\/2021\/06\/IMG_20210629_093723.jpg\"><img loading=\"lazy\" decoding=\"async\" class=\"alignnone size-thumbnail wp-image-4203\" src=\"http:\/\/hubertpietka.bialystok.pl\/wp-content\/uploads\/2021\/06\/IMG_20210629_093723-150x150.jpg\" alt=\"\" width=\"150\" height=\"150\" srcset=\"https:\/\/hubertpietka.bialystok.pl\/wp-content\/uploads\/2021\/06\/IMG_20210629_093723-150x150.jpg 150w, https:\/\/hubertpietka.bialystok.pl\/wp-content\/uploads\/2021\/06\/IMG_20210629_093723-75x75.jpg 75w\" sizes=\"auto, (max-width: 150px) 100vw, 150px\" \/><\/a><\/p>\n<p><em>Na zdj. Zes\u0142anie Ducha \u015awi\u0119tego<\/em><br \/>\n<em> Kapliczka r\u00f3\u017ca\u0144cowa w sanktuarium Matki Bo\u017cej Loreta\u0144skiej w Piotrkowicach<\/em><br \/>\n<em> Potrzebne jest bardzo<\/em><br \/>\n<em> Kolejne ma\u0142e Ducha \u015awi\u0119tego zes\u0142anie<\/em><br \/>\n<em> W Ko\u015bciele \u015awi\u0119tym<\/em><br \/>\n<em> O to trzeba si\u0119 modli\u0107<\/em><br \/>\n<em> Do niej i za po\u015brednictwem \u015bw. Piotra i Paw\u0142a<\/em><br \/>\n<em> Szczeg\u00f3lnie dzisiaj<\/em><br \/>\n<em> Aby ludzi ogarn\u0105\u0142 Duch Bo\u017cy<\/em><\/p>\n","protected":false},"excerpt":{"rendered":"<p>Ducha \u015awi\u0119tego Zes\u0142anie \/ przez Maryj\u0119 1. Zasadzili si\u0119 na mnie ju\u017c chyba na dobre Ka\u017cdego dnia mnie spotyka Ich zapalczywo\u015b\u0107 co chwil\u0119 Aby tylko&hellip; <\/p>\n","protected":false},"author":1,"featured_media":0,"parent":0,"menu_order":0,"comment_status":"closed","ping_status":"closed","template":"","meta":{"footnotes":""},"class_list":["post-4202","page","type-page","status-publish","hentry"],"_links":{"self":[{"href":"https:\/\/hubertpietka.bialystok.pl\/index.php?rest_route=\/wp\/v2\/pages\/4202","targetHints":{"allow":["GET"]}}],"collection":[{"href":"https:\/\/hubertpietka.bialystok.pl\/index.php?rest_route=\/wp\/v2\/pages"}],"about":[{"href":"https:\/\/hubertpietka.bialystok.pl\/index.php?rest_route=\/wp\/v2\/types\/page"}],"author":[{"embeddable":true,"href":"https:\/\/hubertpietka.bialystok.pl\/index.php?rest_route=\/wp\/v2\/users\/1"}],"replies":[{"embeddable":true,"href":"https:\/\/hubertpietka.bialystok.pl\/index.php?rest_route=%2Fwp%2Fv2%2Fcomments&post=4202"}],"version-history":[{"count":1,"href":"https:\/\/hubertpietka.bialystok.pl\/index.php?rest_route=\/wp\/v2\/pages\/4202\/revisions"}],"predecessor-version":[{"id":4204,"href":"https:\/\/hubertpietka.bialystok.pl\/index.php?rest_route=\/wp\/v2\/pages\/4202\/revisions\/4204"}],"wp:attachment":[{"href":"https:\/\/hubertpietka.bialystok.pl\/index.php?rest_route=%2Fwp%2Fv2%2Fmedia&parent=4202"}],"curies":[{"name":"wp","href":"https:\/\/api.w.org\/{rel}","templated":true}]}}