{"id":4214,"date":"2021-07-03T07:00:24","date_gmt":"2021-07-03T07:00:24","guid":{"rendered":"http:\/\/hubertpietka.bialystok.pl\/?page_id=4214"},"modified":"2021-07-03T07:00:24","modified_gmt":"2021-07-03T07:00:24","slug":"zachwycenie-w-modlitwie-niebem","status":"publish","type":"page","link":"https:\/\/hubertpietka.bialystok.pl\/?page_id=4214","title":{"rendered":"Zachwycenie w modlitwie \/ niebem"},"content":{"rendered":"<p><strong>Zachwycenie w modlitwie \/ niebem<\/strong><\/p>\n<p>Wczoraj podczas modlitwy r\u00f3\u017ca\u0144cowej<br \/>\nZachwytu pi\u0119knego dozna\u0142em<br \/>\nPan mi pokaza\u0142 czym jest<br \/>\nModlitwa szczera w prawdzie<\/p>\n<p>Kiedy cz\u0142owiek tak si\u0119 modli<br \/>\nNiebo zst\u0119puje niejako do niego<br \/>\nOtwiera si\u0119 przestrze\u0144 nieba<br \/>\nI jest z cz\u0142owiekiem<br \/>\nI B\u00f3g i Maryja i anio\u0142owie i \u015bwi\u0119ci<\/p>\n<p>To jest bardzo pi\u0119kne<br \/>\nCa\u0142e Kr\u00f3lestwo Niebieskie<br \/>\nJest wtedy niejako z i w cz\u0142owieku<\/p>\n<p><em>Cz\u0142owiek kt\u00f3ry wierzy<br \/>\nNigdy nie jest sam<\/em><br \/>\nBenedykta XVI s\u0142owa<br \/>\nWbrew temu co wydawa\u0107 by si\u0119 mog\u0142o<br \/>\nI jemu i komukolwiek<\/p>\n<p><a href=\"http:\/\/hubertpietka.bialystok.pl\/wp-content\/uploads\/2021\/07\/IMG_20210703_084720.jpg\"><img loading=\"lazy\" decoding=\"async\" class=\"alignnone size-thumbnail wp-image-4215\" src=\"http:\/\/hubertpietka.bialystok.pl\/wp-content\/uploads\/2021\/07\/IMG_20210703_084720-150x150.jpg\" alt=\"\" width=\"150\" height=\"150\" srcset=\"https:\/\/hubertpietka.bialystok.pl\/wp-content\/uploads\/2021\/07\/IMG_20210703_084720-150x150.jpg 150w, https:\/\/hubertpietka.bialystok.pl\/wp-content\/uploads\/2021\/07\/IMG_20210703_084720-75x75.jpg 75w\" sizes=\"auto, (max-width: 150px) 100vw, 150px\" \/><\/a><\/p>\n<p><em>Na zdj. Maryja Tuchowska Pani<br \/>\nMy\u015bl\u0119 \u017ce to za jej po\u015brednictwem w\u0142a\u015bnie<br \/>\nDozna\u0142em tej \u0142aski<br \/>\nOni mog\u0105<br \/>\nJak nie po mnie to w nasze w nas<br \/>\nAle nic to<br \/>\nKiedy z nami jest niebo<\/em><\/p>\n","protected":false},"excerpt":{"rendered":"<p>Zachwycenie w modlitwie \/ niebem Wczoraj podczas modlitwy r\u00f3\u017ca\u0144cowej Zachwytu pi\u0119knego dozna\u0142em Pan mi pokaza\u0142 czym jest Modlitwa szczera w prawdzie Kiedy cz\u0142owiek tak si\u0119&hellip; <\/p>\n","protected":false},"author":1,"featured_media":0,"parent":0,"menu_order":0,"comment_status":"closed","ping_status":"closed","template":"","meta":{"footnotes":""},"class_list":["post-4214","page","type-page","status-publish","hentry"],"_links":{"self":[{"href":"https:\/\/hubertpietka.bialystok.pl\/index.php?rest_route=\/wp\/v2\/pages\/4214","targetHints":{"allow":["GET"]}}],"collection":[{"href":"https:\/\/hubertpietka.bialystok.pl\/index.php?rest_route=\/wp\/v2\/pages"}],"about":[{"href":"https:\/\/hubertpietka.bialystok.pl\/index.php?rest_route=\/wp\/v2\/types\/page"}],"author":[{"embeddable":true,"href":"https:\/\/hubertpietka.bialystok.pl\/index.php?rest_route=\/wp\/v2\/users\/1"}],"replies":[{"embeddable":true,"href":"https:\/\/hubertpietka.bialystok.pl\/index.php?rest_route=%2Fwp%2Fv2%2Fcomments&post=4214"}],"version-history":[{"count":1,"href":"https:\/\/hubertpietka.bialystok.pl\/index.php?rest_route=\/wp\/v2\/pages\/4214\/revisions"}],"predecessor-version":[{"id":4216,"href":"https:\/\/hubertpietka.bialystok.pl\/index.php?rest_route=\/wp\/v2\/pages\/4214\/revisions\/4216"}],"wp:attachment":[{"href":"https:\/\/hubertpietka.bialystok.pl\/index.php?rest_route=%2Fwp%2Fv2%2Fmedia&parent=4214"}],"curies":[{"name":"wp","href":"https:\/\/api.w.org\/{rel}","templated":true}]}}