{"id":4223,"date":"2021-07-04T21:23:13","date_gmt":"2021-07-04T21:23:13","guid":{"rendered":"http:\/\/hubertpietka.bialystok.pl\/?page_id=4223"},"modified":"2021-07-04T21:32:05","modified_gmt":"2021-07-04T21:32:05","slug":"klamstwem-milosierdzie-bez-prawdy","status":"publish","type":"page","link":"https:\/\/hubertpietka.bialystok.pl\/?page_id=4223","title":{"rendered":"K\u0142amstwem \/ mi\u0142osierdzie bez prawdy"},"content":{"rendered":"<p><em><strong>K\u0142amstwem \/ mi\u0142osierdzie bez prawdy<\/strong><\/em><\/p>\n<p><strong>1.<\/strong><br \/>\nNie jestem winien jej krwi<br \/>\nBo ci j\u0105 fa\u0142szywie oskar\u017cyli<br \/>\nI przerzucaj\u0105 odpowiedzialno\u015b\u0107<br \/>\nZa to co czyni\u0105 sami<br \/>\nZe mnie na ni\u0105<\/p>\n<p><strong>2.<\/strong><br \/>\nS\u0105 zasadniczo cztery tematy tabu<br \/>\nNie wolno m\u00f3wi\u0107 co z\u0142ego robi\u0105 oni<br \/>\nA tak\u017ce a jak\u017ce ona<br \/>\nNietykalni jak najbardziej<br \/>\nNie mo\u017cna m\u00f3wi\u0107 prawdy<\/p>\n<p>Rzecz kolejna to moja \u017cona<br \/>\nNa \u015bmier\u0107 skazana<br \/>\nI o tym te\u017c m\u00f3wi\u0107 nie mo\u017cna<br \/>\nA ju\u017c na pewno obroni\u0107<br \/>\nPrzed zbrodni\u0105 j\u0105 mi<\/p>\n<p>I kolejna sprawa<br \/>\nTo \u017ce pojma\u0107 mnie maj\u0105<br \/>\nI zabi\u0107<br \/>\nBo tak ma by\u0107<br \/>\nAle z Bo\u017c\u0105 pomoc\u0105 unikniemy tego wszystkiego<\/p>\n<p><strong>3.<\/strong><br \/>\nW m\u00f3wieniu prawdy to pono\u0107<br \/>\nBrak mi\u0142osierdzia mo\u017ce by\u0107<br \/>\nA co na to Jezus<br \/>\nKt\u00f3ry faryzeuszom ob\u0142ud\u0119 wyrzuca\u0142 mocno<br \/>\nCo na to Jezus<\/p>\n<p>Czy\u017cby B\u00f3g mi\u0142osierny nie by\u0142<br \/>\nTo prawda \u017ce na krzy\u017cu<br \/>\nO wybaczenie Ojca prosi\u0142<br \/>\nAle na mi\u0142y B\u00f3g<br \/>\nPod warunkiem \u017ce si\u0119 nawr\u00f3c\u0105<\/p>\n<p>Prawda nigdy nie jest sprzeczna z mi\u0142osierdziem<br \/>\nA oni m\u00f3wi\u0105 \u017ce tym gorzej dla prawdy<br \/>\nNatomiast k\u0142amstwa i mi\u0142osierdzie fa\u0142szywe<br \/>\nJest zawsze zgodne z ob\u0142ud\u0105<br \/>\nMi\u0142osierdzie bez prawdy i nawr\u00f3cenia<br \/>\nJest fa\u0142szerstwem<br \/>\nI spotka si\u0119 wcze\u015bniej czy p\u00f3\u017aniej tak czy inaczej<br \/>\nZ Bo\u017c\u0105 sprawiedliwo\u015bci\u0105<\/p>\n<p><a href=\"http:\/\/hubertpietka.bialystok.pl\/wp-content\/uploads\/2021\/07\/IMG_20210704_224042.jpg\"><img loading=\"lazy\" decoding=\"async\" class=\"alignnone size-thumbnail wp-image-4224\" src=\"http:\/\/hubertpietka.bialystok.pl\/wp-content\/uploads\/2021\/07\/IMG_20210704_224042-150x150.jpg\" alt=\"\" width=\"150\" height=\"150\" srcset=\"https:\/\/hubertpietka.bialystok.pl\/wp-content\/uploads\/2021\/07\/IMG_20210704_224042-150x150.jpg 150w, https:\/\/hubertpietka.bialystok.pl\/wp-content\/uploads\/2021\/07\/IMG_20210704_224042-75x75.jpg 75w\" sizes=\"auto, (max-width: 150px) 100vw, 150px\" \/><\/a><\/p>\n<p><em>Na zdj. Maria Magdalena w sanktuarium pacanowskim<\/em><br \/>\n<em> Ja kocham moj\u0105 \u017con\u0119<\/em><br \/>\n<em> I nie daj Bo\u017ce<\/em><br \/>\n<em> \u017beby j\u0105 i mnie spotka\u0107 mia\u0142a niesprawiedliwo\u015b\u0107 taka<\/em><br \/>\n<em> \u017be o prawdziwym mi\u0142osierdziu<\/em><br \/>\n<em> To nawet nie ma chyba<br \/>\nCo tu wspomina\u0107 zbytnio<\/em><\/p>\n","protected":false},"excerpt":{"rendered":"<p>K\u0142amstwem \/ mi\u0142osierdzie bez prawdy 1. Nie jestem winien jej krwi Bo ci j\u0105 fa\u0142szywie oskar\u017cyli I przerzucaj\u0105 odpowiedzialno\u015b\u0107 Za to co czyni\u0105 sami Ze&hellip; <\/p>\n","protected":false},"author":1,"featured_media":0,"parent":0,"menu_order":0,"comment_status":"closed","ping_status":"closed","template":"","meta":{"footnotes":""},"class_list":["post-4223","page","type-page","status-publish","hentry"],"_links":{"self":[{"href":"https:\/\/hubertpietka.bialystok.pl\/index.php?rest_route=\/wp\/v2\/pages\/4223","targetHints":{"allow":["GET"]}}],"collection":[{"href":"https:\/\/hubertpietka.bialystok.pl\/index.php?rest_route=\/wp\/v2\/pages"}],"about":[{"href":"https:\/\/hubertpietka.bialystok.pl\/index.php?rest_route=\/wp\/v2\/types\/page"}],"author":[{"embeddable":true,"href":"https:\/\/hubertpietka.bialystok.pl\/index.php?rest_route=\/wp\/v2\/users\/1"}],"replies":[{"embeddable":true,"href":"https:\/\/hubertpietka.bialystok.pl\/index.php?rest_route=%2Fwp%2Fv2%2Fcomments&post=4223"}],"version-history":[{"count":3,"href":"https:\/\/hubertpietka.bialystok.pl\/index.php?rest_route=\/wp\/v2\/pages\/4223\/revisions"}],"predecessor-version":[{"id":4228,"href":"https:\/\/hubertpietka.bialystok.pl\/index.php?rest_route=\/wp\/v2\/pages\/4223\/revisions\/4228"}],"wp:attachment":[{"href":"https:\/\/hubertpietka.bialystok.pl\/index.php?rest_route=%2Fwp%2Fv2%2Fmedia&parent=4223"}],"curies":[{"name":"wp","href":"https:\/\/api.w.org\/{rel}","templated":true}]}}