{"id":4237,"date":"2021-07-08T07:12:22","date_gmt":"2021-07-08T07:12:22","guid":{"rendered":"http:\/\/hubertpietka.bialystok.pl\/?page_id=4237"},"modified":"2021-07-08T07:45:18","modified_gmt":"2021-07-08T07:45:18","slug":"stuku-puku-ida-goscie","status":"publish","type":"page","link":"https:\/\/hubertpietka.bialystok.pl\/?page_id=4237","title":{"rendered":"Stuku puku \/ id\u0105 go\u015bcie"},"content":{"rendered":"<p><em><strong>Stuku puku \/ id\u0105 go\u015bcie<\/strong><\/em><\/p>\n<p style=\"text-align: right;\"><a href=\"https:\/\/youtu.be\/V4cmLFeDjrk\"><em>Kaliber 44 &#8211; Wej\u015bcie<\/em><\/a><\/p>\n<p>A skoro mog\u0105 przyj\u015b\u0107<br \/>\nJak si\u0119 zacznie dzie\u0144<\/p>\n<p>Chodzi o rano w domu<br \/>\nTo mo\u017ce nie trzeba si\u0119 k\u0142a\u015b\u0107 wcale<br \/>\nB\u0119dzie \u0142atwiej<br \/>\nI zrywa\u0107 si\u0119<br \/>\nNie b\u0119dzie trzeba ze snu<\/p>\n<p>A poza tym zawsze musi by\u0107 us\u0142u\u017cny kto\u015b<br \/>\nKto otworzy zaprosi wprowadzi do domu wska\u017ce drog\u0119<br \/>\nAby oszcz\u0119dzi\u0107 niepotrzebnego trudu go\u015bciom<br \/>\nJest to pewna oczywisto\u015b\u0107<\/p>\n<p><a href=\"http:\/\/hubertpietka.bialystok.pl\/wp-content\/uploads\/2021\/07\/IMG_20210708_083327.jpg\"><img loading=\"lazy\" decoding=\"async\" class=\"alignnone size-thumbnail wp-image-4238\" src=\"http:\/\/hubertpietka.bialystok.pl\/wp-content\/uploads\/2021\/07\/IMG_20210708_083327-150x150.jpg\" alt=\"\" width=\"150\" height=\"150\" srcset=\"https:\/\/hubertpietka.bialystok.pl\/wp-content\/uploads\/2021\/07\/IMG_20210708_083327-150x150.jpg 150w, https:\/\/hubertpietka.bialystok.pl\/wp-content\/uploads\/2021\/07\/IMG_20210708_083327-75x75.jpg 75w\" sizes=\"auto, (max-width: 150px) 100vw, 150px\" \/><\/a><\/p>\n<p><em>Na zdj. \u015aw. Izydor Oracz i Jan Pawe\u0142 II \u015bwi\u0119ty<\/em><br \/>\n<em> W sanktuarium Matki Bo\u017cej Loreta\u0144skiej w Piotrkowicach<\/em><br \/>\n<em> Trzeba robi\u0107 co mo\u017cna<\/em><br \/>\n<em> Tak czy inaczej<\/em><\/p>\n<p style=\"text-align: right;\"><a href=\"https:\/\/youtu.be\/YXccjTiNSU4\"><em><strong>Shakin Dudi &#8211; Go\u015bcie id\u0105<\/strong><\/em><\/a><\/p>\n<p><strong>Ps. Ja niego\u015bcinny raczej nie jestem<\/strong><br \/>\n<strong> Ale mimo wszystko s\u0105 granice przyzwoito\u015bci pewne<\/strong><\/p>\n","protected":false},"excerpt":{"rendered":"<p>Stuku puku \/ id\u0105 go\u015bcie Kaliber 44 &#8211; Wej\u015bcie A skoro mog\u0105 przyj\u015b\u0107 Jak si\u0119 zacznie dzie\u0144 Chodzi o rano w domu To mo\u017ce nie&hellip; <\/p>\n","protected":false},"author":1,"featured_media":0,"parent":0,"menu_order":0,"comment_status":"closed","ping_status":"closed","template":"","meta":{"footnotes":""},"class_list":["post-4237","page","type-page","status-publish","hentry"],"_links":{"self":[{"href":"https:\/\/hubertpietka.bialystok.pl\/index.php?rest_route=\/wp\/v2\/pages\/4237","targetHints":{"allow":["GET"]}}],"collection":[{"href":"https:\/\/hubertpietka.bialystok.pl\/index.php?rest_route=\/wp\/v2\/pages"}],"about":[{"href":"https:\/\/hubertpietka.bialystok.pl\/index.php?rest_route=\/wp\/v2\/types\/page"}],"author":[{"embeddable":true,"href":"https:\/\/hubertpietka.bialystok.pl\/index.php?rest_route=\/wp\/v2\/users\/1"}],"replies":[{"embeddable":true,"href":"https:\/\/hubertpietka.bialystok.pl\/index.php?rest_route=%2Fwp%2Fv2%2Fcomments&post=4237"}],"version-history":[{"count":3,"href":"https:\/\/hubertpietka.bialystok.pl\/index.php?rest_route=\/wp\/v2\/pages\/4237\/revisions"}],"predecessor-version":[{"id":4242,"href":"https:\/\/hubertpietka.bialystok.pl\/index.php?rest_route=\/wp\/v2\/pages\/4237\/revisions\/4242"}],"wp:attachment":[{"href":"https:\/\/hubertpietka.bialystok.pl\/index.php?rest_route=%2Fwp%2Fv2%2Fmedia&parent=4237"}],"curies":[{"name":"wp","href":"https:\/\/api.w.org\/{rel}","templated":true}]}}