{"id":4245,"date":"2021-07-08T21:17:25","date_gmt":"2021-07-08T21:17:25","guid":{"rendered":"http:\/\/hubertpietka.bialystok.pl\/?page_id=4245"},"modified":"2021-07-08T21:17:25","modified_gmt":"2021-07-08T21:17:25","slug":"kondycja-pewnego-malzenstwa","status":"publish","type":"page","link":"https:\/\/hubertpietka.bialystok.pl\/?page_id=4245","title":{"rendered":"Kondycja \/ pewnego ma\u0142\u017ce\u0144stwa"},"content":{"rendered":"<p><em><strong>Kondycja \/ pewnego ma\u0142\u017ce\u0144stwa<\/strong><\/em><\/p>\n<p><em>U nas wszystko jak dawniej<\/em><br \/>\n<em>Tylko \u015bwiat jest mniej kolorowy<\/em><\/p>\n<p>Ci maj\u0105 przyj\u015b\u0107 dalej<br \/>\nCi\u0105gle powa\u017cnie zagro\u017cona moja \u017cona<br \/>\nI nawet ten pies<br \/>\nA jak bliscy nasi<br \/>\nB\u00f3g to wie<\/p>\n<p>Ale w sumie pewne tego typu tendencje<br \/>\nS\u0105 przejawiane ju\u017c od d\u0142u\u017cszego czasu przecie\u017c<\/p>\n<p>I jeszcze<br \/>\nJak nie po mnie<br \/>\nTo w nas lub w nasze<br \/>\nLub w naszych a jak\u017ce<br \/>\nW sumie czemu nie<br \/>\nA czasem wszystko razem<\/p>\n<p>Raz tak a raz tak<br \/>\nI tak w k\u00f3\u0142ko<br \/>\nC\u00f3\u017c za nap\u00f3r to jest<br \/>\nCzasem wzmaga si\u0119 jeszcze bardziej<\/p>\n<p>Nic dziwnego te\u017c<br \/>\n\u017be zadyszka mo\u017ce zdarzy\u0107 si\u0119<br \/>\nAle tak to w \u017cyciu bywa czasem<br \/>\nNa pograniczu relacji bliskich bardzo<br \/>\nA czasem i zaiskrzy\u0107 mo\u017ce<\/p>\n<p><a href=\"http:\/\/hubertpietka.bialystok.pl\/wp-content\/uploads\/2021\/07\/IMG_20210708_224423.jpg\"><img loading=\"lazy\" decoding=\"async\" class=\"alignnone size-thumbnail wp-image-4246\" src=\"http:\/\/hubertpietka.bialystok.pl\/wp-content\/uploads\/2021\/07\/IMG_20210708_224423-150x150.jpg\" alt=\"\" width=\"150\" height=\"150\" srcset=\"https:\/\/hubertpietka.bialystok.pl\/wp-content\/uploads\/2021\/07\/IMG_20210708_224423-150x150.jpg 150w, https:\/\/hubertpietka.bialystok.pl\/wp-content\/uploads\/2021\/07\/IMG_20210708_224423-75x75.jpg 75w\" sizes=\"auto, (max-width: 150px) 100vw, 150px\" \/><\/a><\/p>\n<p><em>Na zdj. W Tarnowie kr\u00f3l W\u0142adys\u0142aw \u0141okietek<\/em><br \/>\n<em> A my jeste\u015bmy zwyk\u0142e Pi\u0119tki<\/em><br \/>\n<em> Wszystkie cz\u0119\u015bci cia\u0142a s\u0105 wa\u017cne<\/em><br \/>\n<em> Przecie\u017c tworz\u0105 jeden organizm \ud83d\ude42<\/em><\/p>\n<p><strong>Dzisiaj wspominani \u015bwi\u0119ci ma\u0142\u017conkowie<\/strong><br \/>\n<strong> Akwila i Pryscylla<\/strong><br \/>\n<strong> Ich imiona to orze\u0142 i stary dojrza\u0142y<\/strong><br \/>\n<strong> I lotna powinna by\u0107 w pewnym sensie staro\u015b\u0107<\/strong><br \/>\n<strong> Ku dobru pi\u0119knu prawdzie<\/strong><br \/>\n<strong> Ufam Panie \u017ce takiej wsp\u00f3lnie doczekamy<\/strong><br \/>\n<strong>Amen<\/strong><\/p>\n<hr \/>\n<p style=\"text-align: center;\"><a href=\"https:\/\/youtu.be\/tp6oeL8tIdg\"><em><strong>Sylwia Grzeszczak &#8211; Prawda o nas<\/strong><\/em><\/a><\/p>\n","protected":false},"excerpt":{"rendered":"<p>Kondycja \/ pewnego ma\u0142\u017ce\u0144stwa U nas wszystko jak dawniej Tylko \u015bwiat jest mniej kolorowy Ci maj\u0105 przyj\u015b\u0107 dalej Ci\u0105gle powa\u017cnie zagro\u017cona moja \u017cona I nawet&hellip; <\/p>\n","protected":false},"author":1,"featured_media":0,"parent":0,"menu_order":0,"comment_status":"closed","ping_status":"closed","template":"","meta":{"footnotes":""},"class_list":["post-4245","page","type-page","status-publish","hentry"],"_links":{"self":[{"href":"https:\/\/hubertpietka.bialystok.pl\/index.php?rest_route=\/wp\/v2\/pages\/4245","targetHints":{"allow":["GET"]}}],"collection":[{"href":"https:\/\/hubertpietka.bialystok.pl\/index.php?rest_route=\/wp\/v2\/pages"}],"about":[{"href":"https:\/\/hubertpietka.bialystok.pl\/index.php?rest_route=\/wp\/v2\/types\/page"}],"author":[{"embeddable":true,"href":"https:\/\/hubertpietka.bialystok.pl\/index.php?rest_route=\/wp\/v2\/users\/1"}],"replies":[{"embeddable":true,"href":"https:\/\/hubertpietka.bialystok.pl\/index.php?rest_route=%2Fwp%2Fv2%2Fcomments&post=4245"}],"version-history":[{"count":2,"href":"https:\/\/hubertpietka.bialystok.pl\/index.php?rest_route=\/wp\/v2\/pages\/4245\/revisions"}],"predecessor-version":[{"id":4248,"href":"https:\/\/hubertpietka.bialystok.pl\/index.php?rest_route=\/wp\/v2\/pages\/4245\/revisions\/4248"}],"wp:attachment":[{"href":"https:\/\/hubertpietka.bialystok.pl\/index.php?rest_route=%2Fwp%2Fv2%2Fmedia&parent=4245"}],"curies":[{"name":"wp","href":"https:\/\/api.w.org\/{rel}","templated":true}]}}