{"id":4249,"date":"2021-07-09T05:30:03","date_gmt":"2021-07-09T05:30:03","guid":{"rendered":"http:\/\/hubertpietka.bialystok.pl\/?page_id=4249"},"modified":"2021-07-09T05:30:03","modified_gmt":"2021-07-09T05:30:03","slug":"przez-wiare-ufanie","status":"publish","type":"page","link":"https:\/\/hubertpietka.bialystok.pl\/?page_id=4249","title":{"rendered":"Przez wiar\u0119 \/ ufanie"},"content":{"rendered":"<p><em><strong>Przez wiar\u0119 \/ ufanie<\/strong><\/em><\/p>\n<p>Biedni s\u0105 ci<br \/>\nKt\u00f3rzy chodz\u0105 jak na sznurku<br \/>\n\u017bal mi ich<\/p>\n<p>Bo ci maj\u0105 przyj\u015b\u0107<br \/>\nTeraz czy za chwil\u0119<br \/>\nCzy par\u0119 chwil<br \/>\nTak si\u0119 nie stanie<br \/>\nUfam Tobie Panie<\/p>\n<p>Niech ta modlitwa<br \/>\nOdnawia si\u0119 przed Tob\u0105 Panie<br \/>\nJak perpetuum mobile<br \/>\nRaz w ruch wprawiona<br \/>\nUfam<\/p>\n<p><strong>Dzi\u015b b\u0142. Fidelisa Chojnackiego<\/strong><br \/>\n<strong> Przez wiar\u0119<\/strong><br \/>\n<strong> Niech tak si\u0119 dzieje zawsze<\/strong><\/p>\n<p><strong><a href=\"http:\/\/hubertpietka.bialystok.pl\/wp-content\/uploads\/2021\/07\/IMG_20210709_070507.jpg\"><img loading=\"lazy\" decoding=\"async\" class=\"alignnone size-thumbnail wp-image-4250\" src=\"http:\/\/hubertpietka.bialystok.pl\/wp-content\/uploads\/2021\/07\/IMG_20210709_070507-150x150.jpg\" alt=\"\" width=\"150\" height=\"150\" srcset=\"https:\/\/hubertpietka.bialystok.pl\/wp-content\/uploads\/2021\/07\/IMG_20210709_070507-150x150.jpg 150w, https:\/\/hubertpietka.bialystok.pl\/wp-content\/uploads\/2021\/07\/IMG_20210709_070507-75x75.jpg 75w\" sizes=\"auto, (max-width: 150px) 100vw, 150px\" \/><\/a><\/strong><\/p>\n<p><em>Na zdj. Krzy\u017c \u015awi\u0119ty w katedrze tarnowskiej<\/em><br \/>\n<em> Pod nim \u015bw. J\u00f3zef<\/em><br \/>\n<em> Maryja Niepokalana wspomagaj\u0105ca zawsze<\/em><br \/>\n<em> I chyba \u015bw. Jan Pawe\u0142 II<\/em><br \/>\n<em> Jezus Maryja J\u00f3zef<\/em><br \/>\n<em> I Wszyscy \u015awi\u0119ci Pa\u0144scy<\/em><br \/>\n<em> B\u0105d\u017acie z nami zawsze<\/em><\/p>\n","protected":false},"excerpt":{"rendered":"<p>Przez wiar\u0119 \/ ufanie Biedni s\u0105 ci Kt\u00f3rzy chodz\u0105 jak na sznurku \u017bal mi ich Bo ci maj\u0105 przyj\u015b\u0107 Teraz czy za chwil\u0119 Czy par\u0119&hellip; <\/p>\n","protected":false},"author":1,"featured_media":0,"parent":0,"menu_order":0,"comment_status":"closed","ping_status":"closed","template":"","meta":{"footnotes":""},"class_list":["post-4249","page","type-page","status-publish","hentry"],"_links":{"self":[{"href":"https:\/\/hubertpietka.bialystok.pl\/index.php?rest_route=\/wp\/v2\/pages\/4249","targetHints":{"allow":["GET"]}}],"collection":[{"href":"https:\/\/hubertpietka.bialystok.pl\/index.php?rest_route=\/wp\/v2\/pages"}],"about":[{"href":"https:\/\/hubertpietka.bialystok.pl\/index.php?rest_route=\/wp\/v2\/types\/page"}],"author":[{"embeddable":true,"href":"https:\/\/hubertpietka.bialystok.pl\/index.php?rest_route=\/wp\/v2\/users\/1"}],"replies":[{"embeddable":true,"href":"https:\/\/hubertpietka.bialystok.pl\/index.php?rest_route=%2Fwp%2Fv2%2Fcomments&post=4249"}],"version-history":[{"count":1,"href":"https:\/\/hubertpietka.bialystok.pl\/index.php?rest_route=\/wp\/v2\/pages\/4249\/revisions"}],"predecessor-version":[{"id":4251,"href":"https:\/\/hubertpietka.bialystok.pl\/index.php?rest_route=\/wp\/v2\/pages\/4249\/revisions\/4251"}],"wp:attachment":[{"href":"https:\/\/hubertpietka.bialystok.pl\/index.php?rest_route=%2Fwp%2Fv2%2Fmedia&parent=4249"}],"curies":[{"name":"wp","href":"https:\/\/api.w.org\/{rel}","templated":true}]}}