{"id":4271,"date":"2021-07-13T21:40:04","date_gmt":"2021-07-13T21:40:04","guid":{"rendered":"http:\/\/hubertpietka.bialystok.pl\/?page_id=4271"},"modified":"2021-07-14T08:33:11","modified_gmt":"2021-07-14T08:33:11","slug":"trojkat-bermudzki","status":"publish","type":"page","link":"https:\/\/hubertpietka.bialystok.pl\/?page_id=4271","title":{"rendered":"Tr\u00f3jk\u0105t \/ bermudzki?"},"content":{"rendered":"<p><em><strong>Tr\u00f3jk\u0105t \/ bermudzki?<\/strong><\/em><\/p>\n<p><strong>Intro<\/strong><br \/>\n<em>Wydob\u0105d\u017a nas Panie<br \/>\nZ toni tak ogromnej<br \/>\nWoda si\u0119ga nam ju\u017c<br \/>\nA\u017c po szyj\u0119<\/em><\/p>\n<p>Wszystko si\u0119 rozgrywa pomi\u0119dzy<br \/>\nByciem kornym i kulpa mea<br \/>\nI by nie uderzy\u0142a czasem woda sodowa<br \/>\nTrzeba uwa\u017ca\u0107<\/p>\n<p>Wszystko si\u0119 tu rozgrywa<br \/>\nTa przestrze\u0144 poch\u0142on\u0105\u0107 mo\u017ce<br \/>\nTrzeba uwa\u017ca\u0107 bardzo<br \/>\n\/ I w\u0142a\u015bciwie akcenty rozk\u0142ada\u0107<br \/>\nPomi\u0119dzy byciem pokornym<br \/>\nA w\u0142asnej winy poczuciem<br \/>\nA tak\u017ce pewno\u015bci\u0105 zbytni\u0105 \/<\/p>\n<p>Bo ci przyj\u015b\u0107 maj\u0105 i daleko raczej nie maj\u0105<br \/>\nTeraz zaraz czy mo\u017ce za chwil par\u0119<br \/>\nW dzie\u0144 w nocy a mo\u017ce nad ranem<br \/>\nI pies i moj\u0105 \u017cona te\u017c s\u0105 zagro\u017cone<br \/>\nAle ka\u017cde inaczej raczej troch\u0119<\/p>\n<p><a href=\"http:\/\/hubertpietka.bialystok.pl\/wp-content\/uploads\/2021\/07\/IMG_20210713_233452.jpg\"><img loading=\"lazy\" decoding=\"async\" class=\"alignnone size-thumbnail wp-image-4272\" src=\"http:\/\/hubertpietka.bialystok.pl\/wp-content\/uploads\/2021\/07\/IMG_20210713_233452-150x150.jpg\" alt=\"\" width=\"150\" height=\"150\" srcset=\"https:\/\/hubertpietka.bialystok.pl\/wp-content\/uploads\/2021\/07\/IMG_20210713_233452-150x150.jpg 150w, https:\/\/hubertpietka.bialystok.pl\/wp-content\/uploads\/2021\/07\/IMG_20210713_233452-75x75.jpg 75w\" sizes=\"auto, (max-width: 150px) 100vw, 150px\" \/><\/a><\/p>\n<p><em>Na zdj. Woda<\/em><br \/>\n<em> Nie taka wielka mo\u017ce<\/em><br \/>\n<em> Nie daleko jest *Stop-nic-a*<\/em><br \/>\n<em> *Stop nic a* ufa\u0107 trzeba<\/em><br \/>\n<em> \u017be nie zatopi nas \u017cadna wielka woda<\/em><\/p>\n<p style=\"text-align: center;\"><a href=\"https:\/\/youtu.be\/myppBXyjknw\"><strong><em>Za wielkim morzem ty &#8211; BRAThANKI<\/em><\/strong><\/a><\/p>\n<p style=\"text-align: center;\"><a href=\"https:\/\/youtu.be\/Wn-c-BMKYcw\"><em><strong>Rado\u015b\u0107 najpi\u0119kniejszych lat &#8211; Marzena Palka \/ podk\u0142ad muzyczny &#8211; Jangok<\/strong><\/em><\/a><\/p>\n<p style=\"text-align: center;\"><a href=\"https:\/\/youtu.be\/3gkWAGoVekI\"><em><strong>Violetta Brzezi\u0144ska &#8211; Jeszcze si\u0119 tam \u017cagiel bieli \/ Fina\u0142 Szansy na sukces<\/strong><\/em><\/a><\/p>\n","protected":false},"excerpt":{"rendered":"<p>Tr\u00f3jk\u0105t \/ bermudzki? Intro Wydob\u0105d\u017a nas Panie Z toni tak ogromnej Woda si\u0119ga nam ju\u017c A\u017c po szyj\u0119 Wszystko si\u0119 rozgrywa pomi\u0119dzy Byciem kornym i&hellip; <\/p>\n","protected":false},"author":1,"featured_media":0,"parent":0,"menu_order":0,"comment_status":"closed","ping_status":"closed","template":"","meta":{"footnotes":""},"class_list":["post-4271","page","type-page","status-publish","hentry"],"_links":{"self":[{"href":"https:\/\/hubertpietka.bialystok.pl\/index.php?rest_route=\/wp\/v2\/pages\/4271","targetHints":{"allow":["GET"]}}],"collection":[{"href":"https:\/\/hubertpietka.bialystok.pl\/index.php?rest_route=\/wp\/v2\/pages"}],"about":[{"href":"https:\/\/hubertpietka.bialystok.pl\/index.php?rest_route=\/wp\/v2\/types\/page"}],"author":[{"embeddable":true,"href":"https:\/\/hubertpietka.bialystok.pl\/index.php?rest_route=\/wp\/v2\/users\/1"}],"replies":[{"embeddable":true,"href":"https:\/\/hubertpietka.bialystok.pl\/index.php?rest_route=%2Fwp%2Fv2%2Fcomments&post=4271"}],"version-history":[{"count":3,"href":"https:\/\/hubertpietka.bialystok.pl\/index.php?rest_route=\/wp\/v2\/pages\/4271\/revisions"}],"predecessor-version":[{"id":4275,"href":"https:\/\/hubertpietka.bialystok.pl\/index.php?rest_route=\/wp\/v2\/pages\/4271\/revisions\/4275"}],"wp:attachment":[{"href":"https:\/\/hubertpietka.bialystok.pl\/index.php?rest_route=%2Fwp%2Fv2%2Fmedia&parent=4271"}],"curies":[{"name":"wp","href":"https:\/\/api.w.org\/{rel}","templated":true}]}}