{"id":4277,"date":"2021-07-14T22:09:14","date_gmt":"2021-07-14T22:09:14","guid":{"rendered":"http:\/\/hubertpietka.bialystok.pl\/?page_id=4277"},"modified":"2021-07-14T22:09:43","modified_gmt":"2021-07-14T22:09:43","slug":"at-the-moment-or-next","status":"publish","type":"page","link":"https:\/\/hubertpietka.bialystok.pl\/?page_id=4277","title":{"rendered":"At the moment? \/ Or next?"},"content":{"rendered":"<p><em><strong>At the moment? \/ Or next?<\/strong><\/em><\/p>\n<p><em>Co to by\u0142o?<\/em><br \/>\n<em>Pies?<\/em><br \/>\n<em>Mo\u017ce dosta\u0142?<\/em><br \/>\n<em>Mo\u017ce<\/em>?<\/p>\n<p>Czy\u017cby mo\u017ce zmienili taktyk\u0119?<br \/>\nAby mnie pojma\u0107<br \/>\nNajpierw trzeba zlikwidowa\u0107 przeszkody?<\/p>\n<p>Czy\u017cby ju\u017c nie potrzebowali<br \/>\nAby ich kto\u015b wprowadzi\u0142?<br \/>\nCzy\u017cby wkroczy\u0107 na teren prywatny<br \/>\nBez zezwolenia mieli?<\/p>\n<p>A mo\u017ce<br \/>\nW konstelacji od okoliczno\u015bci r\u00f3\u017cnych<br \/>\nKto\u015b jednak by im si\u0119 m\u00f3g\u0142 przyda\u0107?<br \/>\nW celach us\u0142u\u017cnych<br \/>\nMo\u017ce jeszcze innych?<\/p>\n<p><strong>Jutro wspominany jest b\u0142. *Beszta*-*Bor*owski Antoni<\/strong><br \/>\n<strong> Jak za to nie beszta\u0107<\/strong><br \/>\n<strong> Skoro u nich cel u\u015bwi\u0119ca wszelkie \u015brodki<\/strong><br \/>\n<strong> To si\u0119 chyba nazywa po trupach do celu?<\/strong><\/p>\n<p><a href=\"http:\/\/hubertpietka.bialystok.pl\/wp-content\/uploads\/2021\/07\/IMG_20210714_232711.jpg\"><img loading=\"lazy\" decoding=\"async\" class=\"alignnone size-thumbnail wp-image-4279\" src=\"http:\/\/hubertpietka.bialystok.pl\/wp-content\/uploads\/2021\/07\/IMG_20210714_232711-150x150.jpg\" alt=\"\" width=\"150\" height=\"150\" srcset=\"https:\/\/hubertpietka.bialystok.pl\/wp-content\/uploads\/2021\/07\/IMG_20210714_232711-150x150.jpg 150w, https:\/\/hubertpietka.bialystok.pl\/wp-content\/uploads\/2021\/07\/IMG_20210714_232711-75x75.jpg 75w\" sizes=\"auto, (max-width: 150px) 100vw, 150px\" \/><\/a><\/p>\n<p><em>Na zdj. Suchowolski las<\/em><br \/>\n<em> I zachodz\u0105cego s\u0142o\u0144ca blask<\/em><br \/>\n<em> Nie jest to ciemny b\u00f3r typowy mo\u017ce<\/em><br \/>\n<em> Ale w najwi\u0119kszych ciemno\u015bciach<\/em><br \/>\n<em> Wida\u0107 zawsze jaki\u015b prze\u015bwit<\/em><br \/>\n<em> I tego b\u0119d\u0119 si\u0119 trzyma\u0107<\/em><\/p>\n<p style=\"text-align: center;\"><a href=\"https:\/\/youtu.be\/blJrLFTASvI\"><strong><em>MTV UNPLUGGET KULT &#8211; Czarne s\u0142o\u0144ca<\/em><\/strong><\/a><\/p>\n<p style=\"text-align: right;\"><a href=\"https:\/\/youtu.be\/Ok_n7GXVP0E\"><em><strong>Kult &#8211; Tan<\/strong><\/em><\/a><\/p>\n","protected":false},"excerpt":{"rendered":"<p>At the moment? \/ Or next? Co to by\u0142o? Pies? Mo\u017ce dosta\u0142? Mo\u017ce? Czy\u017cby mo\u017ce zmienili taktyk\u0119? Aby mnie pojma\u0107 Najpierw trzeba zlikwidowa\u0107 przeszkody? Czy\u017cby&hellip; <\/p>\n","protected":false},"author":1,"featured_media":0,"parent":0,"menu_order":0,"comment_status":"closed","ping_status":"closed","template":"","meta":{"footnotes":""},"class_list":["post-4277","page","type-page","status-publish","hentry"],"_links":{"self":[{"href":"https:\/\/hubertpietka.bialystok.pl\/index.php?rest_route=\/wp\/v2\/pages\/4277","targetHints":{"allow":["GET"]}}],"collection":[{"href":"https:\/\/hubertpietka.bialystok.pl\/index.php?rest_route=\/wp\/v2\/pages"}],"about":[{"href":"https:\/\/hubertpietka.bialystok.pl\/index.php?rest_route=\/wp\/v2\/types\/page"}],"author":[{"embeddable":true,"href":"https:\/\/hubertpietka.bialystok.pl\/index.php?rest_route=\/wp\/v2\/users\/1"}],"replies":[{"embeddable":true,"href":"https:\/\/hubertpietka.bialystok.pl\/index.php?rest_route=%2Fwp%2Fv2%2Fcomments&post=4277"}],"version-history":[{"count":3,"href":"https:\/\/hubertpietka.bialystok.pl\/index.php?rest_route=\/wp\/v2\/pages\/4277\/revisions"}],"predecessor-version":[{"id":4281,"href":"https:\/\/hubertpietka.bialystok.pl\/index.php?rest_route=\/wp\/v2\/pages\/4277\/revisions\/4281"}],"wp:attachment":[{"href":"https:\/\/hubertpietka.bialystok.pl\/index.php?rest_route=%2Fwp%2Fv2%2Fmedia&parent=4277"}],"curies":[{"name":"wp","href":"https:\/\/api.w.org\/{rel}","templated":true}]}}