{"id":4288,"date":"2021-07-19T14:41:54","date_gmt":"2021-07-19T14:41:54","guid":{"rendered":"http:\/\/hubertpietka.bialystok.pl\/?page_id=4288"},"modified":"2021-07-19T18:58:07","modified_gmt":"2021-07-19T18:58:07","slug":"zbyt-przestronna-furtka-sumienia","status":"publish","type":"page","link":"https:\/\/hubertpietka.bialystok.pl\/?page_id=4288","title":{"rendered":"Zbyt przestronna \/ sumienia furtka"},"content":{"rendered":"<p><em><strong>Zbyt przestronna \/ sumienia furtka<\/strong><\/em><\/p>\n<p>Z sumieniem jest troch\u0119<br \/>\nJak z domem i jego ogrodzeniem<br \/>\nAby nie dopuszcza\u0107 do siebie<br \/>\nZ\u0142a z zewn\u0105trz ewentualnego<br \/>\nCz\u0142owiek zamyka bramki i bramy<br \/>\nAby si\u0119 chroni\u0107 i\/lub bliskich swoich<br \/>\nTak si\u0119 dzieje naturalnie<\/p>\n<p>Lecz je\u015bli si\u0119 ma sumienie<br \/>\nZbyt przestronne<br \/>\nTo cz\u0142owiek na z\u0142o otwiera<br \/>\nTak\u0105 symboliczn\u0105 furtk\u0119<br \/>\nI si\u0119 przed sob\u0105 t\u0142umaczy<br \/>\n\u017be tak trzeba<br \/>\n\u017be nie mo\u017cna inaczej<\/p>\n<p>A w rzeczywisto\u015bci otwiera<br \/>\nDrog\u0119 z\u0142u do siebie<br \/>\nI\/lub bliskich jego<br \/>\nBo otwiera si\u0119 na grzech<br \/>\nDaje dost\u0119p mu<\/p>\n<p><a href=\"http:\/\/hubertpietka.bialystok.pl\/wp-content\/uploads\/2021\/07\/IMG_20210719_164014.jpg\"><img loading=\"lazy\" decoding=\"async\" class=\"alignnone size-thumbnail wp-image-4290\" src=\"http:\/\/hubertpietka.bialystok.pl\/wp-content\/uploads\/2021\/07\/IMG_20210719_164014-150x150.jpg\" alt=\"\" width=\"150\" height=\"150\" srcset=\"https:\/\/hubertpietka.bialystok.pl\/wp-content\/uploads\/2021\/07\/IMG_20210719_164014-150x150.jpg 150w, https:\/\/hubertpietka.bialystok.pl\/wp-content\/uploads\/2021\/07\/IMG_20210719_164014-75x75.jpg 75w\" sizes=\"auto, (max-width: 150px) 100vw, 150px\" \/><\/a><\/p>\n<p><em>Na zdj. W Szczepanowie bazylika \u015bw. Marii Magdaleny<\/em><br \/>\n<em> Sanktuarium \u015bw. Stanis\u0142awa biskupa<\/em><br \/>\n<em> Kr\u00f3l Boles\u0142aw (zbyt!) \u015amia\u0142y<\/em><br \/>\n<em> Zbyt szeroko otworzy\u0142 sumienia swego furtk\u0119<\/em><br \/>\n<em> I zabi\u0142 \u015bw. Stanis\u0142awa<\/em><br \/>\n<em> Za to w ramach kary <\/em><br \/>\n<em>Reszt\u0119 \u017cywota swego<\/em><br \/>\n<em>Musia\u0142 dope\u0142ni\u0107 na wygnaniu<\/em><\/p>\n","protected":false},"excerpt":{"rendered":"<p>Zbyt przestronna \/ sumienia furtka Z sumieniem jest troch\u0119 Jak z domem i jego ogrodzeniem Aby nie dopuszcza\u0107 do siebie Z\u0142a z zewn\u0105trz ewentualnego Cz\u0142owiek&hellip; <\/p>\n","protected":false},"author":1,"featured_media":0,"parent":0,"menu_order":0,"comment_status":"closed","ping_status":"closed","template":"","meta":{"footnotes":""},"class_list":["post-4288","page","type-page","status-publish","hentry"],"_links":{"self":[{"href":"https:\/\/hubertpietka.bialystok.pl\/index.php?rest_route=\/wp\/v2\/pages\/4288","targetHints":{"allow":["GET"]}}],"collection":[{"href":"https:\/\/hubertpietka.bialystok.pl\/index.php?rest_route=\/wp\/v2\/pages"}],"about":[{"href":"https:\/\/hubertpietka.bialystok.pl\/index.php?rest_route=\/wp\/v2\/types\/page"}],"author":[{"embeddable":true,"href":"https:\/\/hubertpietka.bialystok.pl\/index.php?rest_route=\/wp\/v2\/users\/1"}],"replies":[{"embeddable":true,"href":"https:\/\/hubertpietka.bialystok.pl\/index.php?rest_route=%2Fwp%2Fv2%2Fcomments&post=4288"}],"version-history":[{"count":4,"href":"https:\/\/hubertpietka.bialystok.pl\/index.php?rest_route=\/wp\/v2\/pages\/4288\/revisions"}],"predecessor-version":[{"id":4293,"href":"https:\/\/hubertpietka.bialystok.pl\/index.php?rest_route=\/wp\/v2\/pages\/4288\/revisions\/4293"}],"wp:attachment":[{"href":"https:\/\/hubertpietka.bialystok.pl\/index.php?rest_route=%2Fwp%2Fv2%2Fmedia&parent=4288"}],"curies":[{"name":"wp","href":"https:\/\/api.w.org\/{rel}","templated":true}]}}