{"id":4312,"date":"2021-07-25T09:37:31","date_gmt":"2021-07-25T09:37:31","guid":{"rendered":"http:\/\/hubertpietka.bialystok.pl\/?page_id=4312"},"modified":"2021-07-25T09:37:31","modified_gmt":"2021-07-25T09:37:31","slug":"a-co-tam-przekroje","status":"publish","type":"page","link":"https:\/\/hubertpietka.bialystok.pl\/?page_id=4312","title":{"rendered":"A co tam \/ przekroje"},"content":{"rendered":"<p><em><strong>A co tam \/ przekroje<\/strong><\/em><\/p>\n<p>Aby ukaza\u0107 przekroje czego\u015b tam<br \/>\nTo trzeba czasami co\u015b przekroi\u0107<br \/>\nPewnych ci\u0119\u0107 dokona\u0107<\/p>\n<p><strong>1. Przekr\u00f3j domu<\/strong><br \/>\nAby przekr\u00f3j domu ukaza\u0107<br \/>\nTo mo\u017ce warto zacz\u0105\u0107 od poddasza<br \/>\nWiele skarb\u00f3w tam mo\u017cna znale\u017a\u0107<br \/>\nNie tylko spu\u015bcizn\u0119 poprzednich pokole\u0144<\/p>\n<p><strong>2. Przekr\u00f3j zdrowia<\/strong><br \/>\nJe\u017celi nic si\u0119 nie dzieje<br \/>\nI co\u015b si\u0119 dzieje nagle ze zdrowiem<br \/>\nTo nie musi by\u0107 przyczyna immanentna tego zawsze<br \/>\nNie zawsze ma to pochodzenie tylko wewn\u0119trzne<br \/>\nMo\u017cna wywo\u0142ywa\u0107 odpowiednie objawy<br \/>\nJe\u015bli ma si\u0119 ku temu narz\u0119dzia odpowiednie<br \/>\nZdrowie nie jest tylko samo w sobie<br \/>\nMo\u017cna wp\u0142ywa\u0107 na nie<\/p>\n<p><strong>3. Przekr\u00f3j warstw spo\u0142ecznych<\/strong><br \/>\nStaruszki<br \/>\nMaj\u0105 czasem <em>stare r\u00f3\u017cki<\/em><br \/>\nD\u0142ugowieczno\u015bci nale\u017cy si\u0119 cze\u015b\u0107<br \/>\nI ile idzie z nim w parze czcigodne \u017cycie<br \/>\nPrzyk\u0142ad z Daniela tu wystarczy<br \/>\nGdzie przewrotni s\u0119dziowie starcy<br \/>\nZasadzili si\u0119 na Zuzann\u0119<\/p>\n<p>A m\u0142odzie\u017c<br \/>\nTo ma firmow\u0105 i modn\u0105 odzie\u017c na sobie<br \/>\nOby te\u017c mia\u0142a i zarazem warto\u015bci odpowiednie<br \/>\nW g\u0142owie i sercu<\/p>\n<p><strong>4. Przekr\u00f3j przez warstwy j\u0119zyka<\/strong><br \/>\nA ci ci\u0105gle przyj\u015b\u0107 po mnie chc\u0105 i maj\u0105<br \/>\nTak mi przysz\u0142o sobie pomy\u015bla\u0142em<br \/>\n\u017be mo\u017ce powiedzie\u0107 im trzeba<br \/>\nZwyk\u0142e staropolskie <em>wypier<\/em><br \/>\nA mo\u017ce to pewna troch\u0119 kuchenna \u0142acina<br \/>\nCzasami kto\u015b nie zrozumie<br \/>\nDop\u00f3ki si\u0119 nie u\u017cyje form dosadnych pewnych<\/p>\n<p><strong>5. Przekr\u00f3j przez relacje<\/strong><\/p>\n<p>Ja rozumiem mi\u0142o\u015b\u0107 do zwierz\u0105t i ekologi\u0119<br \/>\nAle jak mo\u017ce by\u0107 wa\u017cniejsze zwierz\u0119 ni\u017c cz\u0142owiek<br \/>\nSzczeg\u00f3lnie w najbli\u017cszych ludzkich relacjach<br \/>\nWydawa\u0142oby si\u0119 naturalnych tak bardzo<\/p>\n<p><a href=\"http:\/\/hubertpietka.bialystok.pl\/wp-content\/uploads\/2021\/07\/IMG_20210725_113543.jpg\"><img loading=\"lazy\" decoding=\"async\" class=\"alignnone size-thumbnail wp-image-4314\" src=\"http:\/\/hubertpietka.bialystok.pl\/wp-content\/uploads\/2021\/07\/IMG_20210725_113543-150x150.jpg\" alt=\"\" width=\"150\" height=\"150\" srcset=\"https:\/\/hubertpietka.bialystok.pl\/wp-content\/uploads\/2021\/07\/IMG_20210725_113543-150x150.jpg 150w, https:\/\/hubertpietka.bialystok.pl\/wp-content\/uploads\/2021\/07\/IMG_20210725_113543-75x75.jpg 75w\" sizes=\"auto, (max-width: 150px) 100vw, 150px\" \/><\/a><\/p>\n<p><em>Na zdj. Jezus Mi\u0142osierny w ko\u015bciele \u015bw. Barbary staszowskim<br \/>\nW otoczeniu \u015bw. Faustyny i b\u0142. ks. Micha\u0142a Sopo\u0107ko<br \/>\nPatronowie moi i \u017cony<br \/>\nWstawiajcie si\u0119 za nami<br \/>\nKiedy co\u015b do nas z zewn\u0105trz przychodzi\u0107 ma<br \/>\nW spos\u00f3b jakiekolwiek<br \/>\nI czegokolwiek to dotyczy\u0107 mo\u017ce<\/em><\/p>\n<p><strong>Dzi\u015b \u015bw. Jakuba Aposto\u0142a i \u015bw. Krzysztofa<br \/>\nImi\u0119 Jakub niech B\u00f3g ochroni oznacza\u0107 mo\u017ce<br \/>\nA \u015bw. Krzysztof jest patronem zmechanizowanych i podr\u00f3\u017cuj\u0105cych<\/strong><\/p>\n<p><strong>Niech B\u00f3g chroni nas zdrowie nasze i wszystkich naszych<\/strong><br \/>\n<strong> Mienie i dobytek nasz i wszystkich naszych<\/strong><br \/>\n<strong> Przed wszelkimi z\u0142ymi zakusami<\/strong><br \/>\n<strong> A tak\u017ce naszego pieska i nasz\u0105 koz\u0119 Basi\u0119 \ud83d\ude42<\/strong><br \/>\n<strong> Mi\u0142o\u015b\u0107 do zwierz\u0105t te\u017c wa\u017cna \ud83d\ude42<\/strong><\/p>\n<p>Tu przekr\u00f3j pewnego<br \/>\nTak\u017ce porz\u0105dku naturalnego<br \/>\nZako\u0144czy\u0107 mo\u017cna<\/p>\n","protected":false},"excerpt":{"rendered":"<p>A co tam \/ przekroje Aby ukaza\u0107 przekroje czego\u015b tam To trzeba czasami co\u015b przekroi\u0107 Pewnych ci\u0119\u0107 dokona\u0107 1. Przekr\u00f3j domu Aby przekr\u00f3j domu ukaza\u0107&hellip; <\/p>\n","protected":false},"author":1,"featured_media":0,"parent":0,"menu_order":0,"comment_status":"closed","ping_status":"closed","template":"","meta":{"footnotes":""},"class_list":["post-4312","page","type-page","status-publish","hentry"],"_links":{"self":[{"href":"https:\/\/hubertpietka.bialystok.pl\/index.php?rest_route=\/wp\/v2\/pages\/4312","targetHints":{"allow":["GET"]}}],"collection":[{"href":"https:\/\/hubertpietka.bialystok.pl\/index.php?rest_route=\/wp\/v2\/pages"}],"about":[{"href":"https:\/\/hubertpietka.bialystok.pl\/index.php?rest_route=\/wp\/v2\/types\/page"}],"author":[{"embeddable":true,"href":"https:\/\/hubertpietka.bialystok.pl\/index.php?rest_route=\/wp\/v2\/users\/1"}],"replies":[{"embeddable":true,"href":"https:\/\/hubertpietka.bialystok.pl\/index.php?rest_route=%2Fwp%2Fv2%2Fcomments&post=4312"}],"version-history":[{"count":2,"href":"https:\/\/hubertpietka.bialystok.pl\/index.php?rest_route=\/wp\/v2\/pages\/4312\/revisions"}],"predecessor-version":[{"id":4315,"href":"https:\/\/hubertpietka.bialystok.pl\/index.php?rest_route=\/wp\/v2\/pages\/4312\/revisions\/4315"}],"wp:attachment":[{"href":"https:\/\/hubertpietka.bialystok.pl\/index.php?rest_route=%2Fwp%2Fv2%2Fmedia&parent=4312"}],"curies":[{"name":"wp","href":"https:\/\/api.w.org\/{rel}","templated":true}]}}