{"id":4331,"date":"2021-08-01T21:23:29","date_gmt":"2021-08-01T21:23:29","guid":{"rendered":"http:\/\/hubertpietka.bialystok.pl\/?page_id=4331"},"modified":"2021-08-01T21:23:29","modified_gmt":"2021-08-01T21:23:29","slug":"godziny-dramat-w-trzech-aktach","status":"publish","type":"page","link":"https:\/\/hubertpietka.bialystok.pl\/?page_id=4331","title":{"rendered":"Godziny \/ dramat w trzech aktach"},"content":{"rendered":"<p><em><strong>Godziny \/ dramat w trzech aktach<\/strong><\/em><\/p>\n<p><em>Sekundy minuty godziny i dni<\/em><\/p>\n<p><strong>Akt pierwszy<\/strong><br \/>\n<em>Czas<\/em>: Godzina 21 dzie\u0144 poprzedni<br \/>\n<em>Miejsce<\/em>: Sanktuarium Narodu Serce<br \/>\n<em>Co to jest?<\/em><br \/>\nTo co by\u0107 nie powinno w \u015bwi\u0119tym miejscu<br \/>\nPersonifikacja poga\u0144stwa<\/p>\n<p><strong>Akt drugi<\/strong><br \/>\n<em>Czas<\/em>: godzina 12 dzie\u0144 bie\u017c\u0105cy<br \/>\n<em>Miejsce<\/em>: Watykan<br \/>\n<em>Co to jest?<\/em><br \/>\nParam-pam-param para-papa<br \/>\nNowomowa<br \/>\nIdolatria to kult poga\u0144stwa<\/p>\n<p><strong>Akt trzeci<\/strong><br \/>\n<em>Godzina<\/em>: 15.16.06?<br \/>\n666?<br \/>\n<em>Miejsce<\/em>: Cho\u0107 to nie zima<br \/>\nTo tu bia\u0142o-Bo\u017ce by\u0107 mia\u0142o<br \/>\nA by\u0142o wi\u015bniowo<br \/>\nNa wi\u015bni\u00f3wki kiedy\u015b si\u0119 m\u00f3wi\u0142o jabol<br \/>\n<em>Ja woll<\/em><br \/>\nA ja wol\u0119&#8230; mleko kozie<br \/>\n<em>Twoja twarz brzmi znajomo<\/em><\/p>\n<p><em><a href=\"http:\/\/hubertpietka.bialystok.pl\/wp-content\/uploads\/2021\/08\/IMG_20210801_232251.jpg\"><img loading=\"lazy\" decoding=\"async\" class=\"alignnone size-thumbnail wp-image-4332\" src=\"http:\/\/hubertpietka.bialystok.pl\/wp-content\/uploads\/2021\/08\/IMG_20210801_232251-150x150.jpg\" alt=\"\" width=\"150\" height=\"150\" srcset=\"https:\/\/hubertpietka.bialystok.pl\/wp-content\/uploads\/2021\/08\/IMG_20210801_232251-150x150.jpg 150w, https:\/\/hubertpietka.bialystok.pl\/wp-content\/uploads\/2021\/08\/IMG_20210801_232251-75x75.jpg 75w\" sizes=\"auto, (max-width: 150px) 100vw, 150px\" \/><\/a><\/em><\/p>\n<p><strong>Na zdj. <em>B\u00f3g Honor Ojczyzna &#8217;44<\/em><\/strong><br \/>\n<strong> Mural gdzie\u015b na \u015al\u0105sku<\/strong><br \/>\n<strong> Dzisiaj rocznica Powstania Warszawskiego<\/strong><\/p>\n<p>Akt pierwszy drugi i trzeci<br \/>\nZaprzeczeniem tych rzeczy<br \/>\nPoga\u0144stwo uderza w Boga<br \/>\nFa\u0142szowanie \u015bwi\u0119to\u015bci oznak\u0105 braku honoru<br \/>\nA to wszystko uderza te\u017c w Ojczyzn\u0119<\/p>\n<p>I jeszcze jedna godzina symboliczna<br \/>\n<em>Godzina W<\/em> dzie\u0144 bie\u017c\u0105cy<br \/>\nMia\u0142a by\u0107 godzin\u0105 \u015bmierci<br \/>\nW tym czasie Msza \u015awi\u0119ta<br \/>\nGodzina \u015bmierci w czasie kt\u00f3rej\u015b ju\u017c tam Mszy \u015awi\u0119tej<br \/>\nNie wspominaj\u0105c ju\u017c nawet i miejsc innych<br \/>\nMsza \u015awi\u0119ta godzin\u0105 \u015bmierci<br \/>\nParadoks tak ale chyba diabelski<\/p>\n<p>I jeszcze tylko jedno<br \/>\nTak na zako\u0144czenia<br \/>\nNajwa\u017cniejsze by<br \/>\n<em>O \u0142askawa o s\u0142odka o lito\u015bciwa<\/em> pewna M. mi\u0142a<br \/>\nZadowolona by\u0142a \ud83d\ude42<\/p>\n","protected":false},"excerpt":{"rendered":"<p>Godziny \/ dramat w trzech aktach Sekundy minuty godziny i dni Akt pierwszy Czas: Godzina 21 dzie\u0144 poprzedni Miejsce: Sanktuarium Narodu Serce Co to jest?&hellip; <\/p>\n","protected":false},"author":1,"featured_media":0,"parent":0,"menu_order":0,"comment_status":"closed","ping_status":"closed","template":"","meta":{"footnotes":""},"class_list":["post-4331","page","type-page","status-publish","hentry"],"_links":{"self":[{"href":"https:\/\/hubertpietka.bialystok.pl\/index.php?rest_route=\/wp\/v2\/pages\/4331","targetHints":{"allow":["GET"]}}],"collection":[{"href":"https:\/\/hubertpietka.bialystok.pl\/index.php?rest_route=\/wp\/v2\/pages"}],"about":[{"href":"https:\/\/hubertpietka.bialystok.pl\/index.php?rest_route=\/wp\/v2\/types\/page"}],"author":[{"embeddable":true,"href":"https:\/\/hubertpietka.bialystok.pl\/index.php?rest_route=\/wp\/v2\/users\/1"}],"replies":[{"embeddable":true,"href":"https:\/\/hubertpietka.bialystok.pl\/index.php?rest_route=%2Fwp%2Fv2%2Fcomments&post=4331"}],"version-history":[{"count":1,"href":"https:\/\/hubertpietka.bialystok.pl\/index.php?rest_route=\/wp\/v2\/pages\/4331\/revisions"}],"predecessor-version":[{"id":4333,"href":"https:\/\/hubertpietka.bialystok.pl\/index.php?rest_route=\/wp\/v2\/pages\/4331\/revisions\/4333"}],"wp:attachment":[{"href":"https:\/\/hubertpietka.bialystok.pl\/index.php?rest_route=%2Fwp%2Fv2%2Fmedia&parent=4331"}],"curies":[{"name":"wp","href":"https:\/\/api.w.org\/{rel}","templated":true}]}}