{"id":4336,"date":"2021-08-03T20:44:36","date_gmt":"2021-08-03T20:44:36","guid":{"rendered":"http:\/\/hubertpietka.bialystok.pl\/?page_id=4336"},"modified":"2021-08-03T20:48:58","modified_gmt":"2021-08-03T20:48:58","slug":"uwaga-pozory","status":"publish","type":"page","link":"https:\/\/hubertpietka.bialystok.pl\/?page_id=4336","title":{"rendered":"Uwaga \/ pozory"},"content":{"rendered":"<p><strong>Uwaga \/ pozory<\/strong><\/p>\n<p>*<em>Pozor<\/em> to uwaga po czesku<br \/>\nWbrew pozorom te wyrazy maj\u0105 wiele wsp\u00f3lnego<br \/>\nJe\u015bli kto\u015b szuka jakiejkolwiek prowokacji<br \/>\nTo dla niego ka\u017cdy poz\u00f3r mo\u017ce by\u0107 odpowiedni<\/p>\n<p>Uwaga<br \/>\nPrzyj\u015b\u0107 maj\u0105<br \/>\n<em>Jak nie maj\u0105 jak maj\u0105<\/em><br \/>\nJak klasyk mawia\u0142<\/p>\n<p>Uwaga<br \/>\nMo\u017cna przyj\u015b\u0107 pod jakim\u015b pozorem<br \/>\nI przeprowadzi\u0107 prowokacj\u0119 odpowiedni\u0105<br \/>\nDotyczy\u0107 to mo\u017ce i os\u00f3b z najbli\u017cszego otoczenia<br \/>\nUwaga nawet na znajomych<\/p>\n<p>\u2713<br \/>\nJe\u015bli kto\u015b ma przyj\u015b\u0107<br \/>\nTo trzeba mu otworzy\u0107<br \/>\nTak by nie musia\u0142 pokonywa\u0107<br \/>\nDodatkowych restrykcji<br \/>\n\u2713<br \/>\nOczywi\u015bcie naturalni znajomi<br \/>\nMog\u0105 wej\u015b\u0107 wtedy nawet<br \/>\nKiedy nie otrzymali zaproszenia<br \/>\nW chwili kiedy wchodz\u0105<br \/>\n\u2713<br \/>\nTo dotyczy sytuacji<br \/>\nKiedy nie ma na wej\u015bciu<br \/>\nRestrykcji dodatkowych<\/p>\n<p>Jest to naturalne prawo<br \/>\nAle nie obowi\u0105zuje<br \/>\nUwaga kiedy kto\u015b przychodzi w z\u0142ych zamiarach<br \/>\nNawet je\u015bli poz\u00f3r przyj\u015bcia jest zupe\u0142nie inny<br \/>\nB\u00f3g to widzi<\/p>\n<p>Oczywi\u015bcie co\u015b z\u0142ego mo\u017ce sta\u0107 si\u0119 przypadkiem<br \/>\nChyba \u017ce jest to zaplanowane<br \/>\nI tak tylko ma wygl\u0105da\u0107<br \/>\nWtedy to potencjalne zaproszenie do ewentualnego przyj\u015bcia<br \/>\nOs\u00f3b tak zwanych naturalnych<br \/>\nBez bezpo\u015bredniego zezwolenia gospodarzy<br \/>\nJest niewa\u017cne<\/p>\n<p>Bo ono jest zale\u017cne od tego w\u0142a\u015bnie<br \/>\nKto jakie ma zamiary<br \/>\nIntencje wychodz\u0105 z czasem<br \/>\nUwaga mimo gry pozor\u00f3w<\/p>\n<p>\u2022<br \/>\nDruga sytuacja to taka<br \/>\n\u017be kto\u015b ma przyj\u015b\u0107<br \/>\nBez pozwolenia gospodarza<br \/>\n\u2022<br \/>\nWtedy mo\u017ce si\u0119 w\u0142ama\u0107<br \/>\nWtargn\u0105\u0107 na posesj\u0119 bez zaproszenia<br \/>\nNa teren prywatny w celach w\u0105tpliwych moralnie i prawnie<br \/>\n\u2022<br \/>\nI nawet je\u015bli p\u0142ot przeskoczy<br \/>\nCzy si\u0119 podkopie<br \/>\nTo nie zmienia to tej istoty rzeczy<br \/>\n\u2022<br \/>\nCzy u\u017cyje drabiny czy trampoliny<br \/>\nCzy jakiejkolwiek podstawki przyczepki<br \/>\nTo tak samo fakt ten interpretowany by\u0107 musi<br \/>\n\u2022<br \/>\nJako wtargni\u0119cie na teren prywatny<br \/>\nTak czy inaczej<br \/>\nA w tym przypadku i wjazd za mostkiem jest prywatny<\/p>\n<p>Chodzi mi o tych<br \/>\nI innych kt\u00f3rzy<br \/>\nWsp\u00f3\u0142pracuj\u0105 z nimi w\u0142a\u015bnie<br \/>\nW celach co najmniej delikatnie m\u00f3wi\u0105c w\u0105tpliwych moralnie<\/p>\n<p>\u00b0<br \/>\nI jeszcze jest trzecia sytuacja<br \/>\nKiedy kto\u015b otworzy i wpu\u015bci zaprosi tych<br \/>\nKt\u00f3rzy przychodz\u0105 aby uczyni\u0107 komu\u015b jakie\u015b z\u0142o<br \/>\nAle to ju\u017c trzeba oceni\u0107 raczej jednoznacznie<br \/>\nUwaga mimo pozor\u00f3w innego przedstawiania tej sytuacji<\/p>\n<p><a href=\"http:\/\/hubertpietka.bialystok.pl\/wp-content\/uploads\/2021\/08\/IMG_20210803_223756.jpg\"><img loading=\"lazy\" decoding=\"async\" class=\"alignnone size-thumbnail wp-image-4338\" src=\"http:\/\/hubertpietka.bialystok.pl\/wp-content\/uploads\/2021\/08\/IMG_20210803_223756-150x150.jpg\" alt=\"\" width=\"150\" height=\"150\" srcset=\"https:\/\/hubertpietka.bialystok.pl\/wp-content\/uploads\/2021\/08\/IMG_20210803_223756-150x150.jpg 150w, https:\/\/hubertpietka.bialystok.pl\/wp-content\/uploads\/2021\/08\/IMG_20210803_223756-75x75.jpg 75w\" sizes=\"auto, (max-width: 150px) 100vw, 150px\" \/><\/a><\/p>\n<p><em>Na zdj. Krzy\u017c i roz\u0142o\u017cone w modlitwie r\u0119ce<br \/>\nW ko\u015bciele Pani Mirowskiej Pi\u0144czowskiej<br \/>\nCzasami na te sytuacje r\u0119ce opu\u015bci\u0107 by mo\u017cna<br \/>\nJak to ogarn\u0105\u0107<br \/>\nA jednak<\/em><\/p>\n<p><em>B\u00f3g jest wi\u0119kszy ni\u017c to<\/em><br \/>\n<em> I w tym objawi si\u0119 Jego chwa\u0142a mimo wszystko<\/em><br \/>\n<em> A mo\u017ce w\u0142a\u015bnie dlatego<\/em><\/p>\n<p><strong>Chcieliby nam przyda\u0107 szat\u0119 m\u0119cze\u0144stwa<br \/>\nDzi\u015b wspominana jest \u015bwi\u0119ta Lidia<br \/>\nKt\u00f3ra sprzedawa\u0142a purpur\u0119<br \/>\nA oni chcieliby j\u0105 na nas na\u0142o\u017cy\u0107 jak na skaza\u0144c\u00f3w<br \/>\nChocia\u017c nie zrobili\u015bmy nic z\u0142ego<\/strong><\/p>\n<p><strong>Na szcz\u0119\u015bcie jest Maryja<\/strong><br \/>\n<strong> Kt\u00f3ra to neutralizuje<\/strong><br \/>\n<strong> Czysto\u015bci biel\u0105<\/strong><\/p>\n<p><strong>Oka\u017ce si\u0119 jeszcze jej zwyci\u0119stwo<\/strong><br \/>\n<strong> Kt\u00f3re jest Boga prawdziwego zwyci\u0119stwem<\/strong><br \/>\n<strong> Amen<\/strong><br \/>\n<strong> Niech tak si\u0119 stanie<\/strong><\/p>\n","protected":false},"excerpt":{"rendered":"<p>Uwaga \/ pozory *Pozor to uwaga po czesku Wbrew pozorom te wyrazy maj\u0105 wiele wsp\u00f3lnego Je\u015bli kto\u015b szuka jakiejkolwiek prowokacji To dla niego ka\u017cdy poz\u00f3r&hellip; <\/p>\n","protected":false},"author":1,"featured_media":0,"parent":0,"menu_order":0,"comment_status":"closed","ping_status":"closed","template":"","meta":{"footnotes":""},"class_list":["post-4336","page","type-page","status-publish","hentry"],"_links":{"self":[{"href":"https:\/\/hubertpietka.bialystok.pl\/index.php?rest_route=\/wp\/v2\/pages\/4336","targetHints":{"allow":["GET"]}}],"collection":[{"href":"https:\/\/hubertpietka.bialystok.pl\/index.php?rest_route=\/wp\/v2\/pages"}],"about":[{"href":"https:\/\/hubertpietka.bialystok.pl\/index.php?rest_route=\/wp\/v2\/types\/page"}],"author":[{"embeddable":true,"href":"https:\/\/hubertpietka.bialystok.pl\/index.php?rest_route=\/wp\/v2\/users\/1"}],"replies":[{"embeddable":true,"href":"https:\/\/hubertpietka.bialystok.pl\/index.php?rest_route=%2Fwp%2Fv2%2Fcomments&post=4336"}],"version-history":[{"count":4,"href":"https:\/\/hubertpietka.bialystok.pl\/index.php?rest_route=\/wp\/v2\/pages\/4336\/revisions"}],"predecessor-version":[{"id":4341,"href":"https:\/\/hubertpietka.bialystok.pl\/index.php?rest_route=\/wp\/v2\/pages\/4336\/revisions\/4341"}],"wp:attachment":[{"href":"https:\/\/hubertpietka.bialystok.pl\/index.php?rest_route=%2Fwp%2Fv2%2Fmedia&parent=4336"}],"curies":[{"name":"wp","href":"https:\/\/api.w.org\/{rel}","templated":true}]}}