{"id":4343,"date":"2021-08-04T07:13:08","date_gmt":"2021-08-04T07:13:08","guid":{"rendered":"http:\/\/hubertpietka.bialystok.pl\/?page_id=4343"},"modified":"2021-08-04T07:13:08","modified_gmt":"2021-08-04T07:13:08","slug":"gra-pozorow-i-szukanie-pretekstow","status":"publish","type":"page","link":"https:\/\/hubertpietka.bialystok.pl\/?page_id=4343","title":{"rendered":"Gra pozor\u00f3w \/ i szukanie pretekst\u00f3w"},"content":{"rendered":"<p><em><strong>Gra pozor\u00f3w \/ i szukanie pretekst\u00f3w<\/strong><\/em><\/p>\n<p>Co jest najpierw<br \/>\nWed\u0142ug tego co wczoraj pisa\u0142em<br \/>\nSzukanie pretekstu<br \/>\nCzy si\u0119 sprowokowanie<br \/>\nO Panie<\/p>\n<p>Okazuje si\u0119<br \/>\n\u017be pretekstem mo\u017ce by\u0107 chocia\u017cby<br \/>\nFurtka zamkni\u0119ta<br \/>\nNa kt\u00f3r\u0105 na\u0142o\u017cono sznurek<br \/>\nNawet nie zawi\u0105zano<br \/>\nAle tak na\u0142o\u017cono<br \/>\nBy m\u00f3g\u0142 si\u0119 sam rozwi\u0105za\u0107<br \/>\nPrzez pchni\u0119cie furtki zwyczajne<br \/>\nOkazuje si\u0119 \u017ce to jest zbrodnia straszna<\/p>\n<p>W cz\u0142owieku wsp\u00f3\u0142pracuj\u0105 ze sob\u0105<br \/>\nWola pragnienia i rozum<br \/>\nI to wszystko wykorzystywa\u0107 mo\u017cna<br \/>\nAlbo ku z\u0142u albo dobru<br \/>\nWyd\u017awi\u0119k moralny tego jest jednoznaczny<\/p>\n<p>Ale nie o tym mia\u0142em<br \/>\nTo tylko przy okazji<br \/>\n\u017be ci przyj\u015b\u0107 maj\u0105<br \/>\nAby mnie pojma\u0107<br \/>\nA dla nich ka\u017cdy pretekst<br \/>\nJest ku temu dobry<br \/>\nA jak\u017ce o Panie<\/p>\n<p><a href=\"http:\/\/hubertpietka.bialystok.pl\/wp-content\/uploads\/2021\/08\/IMG_20210804_090205.jpg\"><img loading=\"lazy\" decoding=\"async\" class=\"alignnone size-thumbnail wp-image-4345\" src=\"http:\/\/hubertpietka.bialystok.pl\/wp-content\/uploads\/2021\/08\/IMG_20210804_090205-150x150.jpg\" alt=\"\" width=\"150\" height=\"150\" srcset=\"https:\/\/hubertpietka.bialystok.pl\/wp-content\/uploads\/2021\/08\/IMG_20210804_090205-150x150.jpg 150w, https:\/\/hubertpietka.bialystok.pl\/wp-content\/uploads\/2021\/08\/IMG_20210804_090205-75x75.jpg 75w\" sizes=\"auto, (max-width: 150px) 100vw, 150px\" \/><\/a><\/p>\n<p><em>Na zdj. Odblask zachodz\u0105cego s\u0142o\u0144ca<\/em><br \/>\n<em> Nad polami ze zbo\u017cem stopnickimi<\/em><br \/>\n<em> Tak si\u0119 zastanawiam mi przysz\u0142o<\/em><br \/>\n<em> Dlaczego kosi\u0142o si\u0119 traw\u0119 wsz\u0119dzie<\/em><br \/>\n<em> A nie ma \u017cniw<\/em><\/p>\n<p><em>To dotyczy nie tylko Stopnicy<\/em><br \/>\n<em> Tego regionu ale i Polski<\/em><br \/>\n<em> A kto wie mo\u017ce i jeszcze gdzie\u015b<\/em><\/p>\n<p><em>Czy\u017cby wzgl\u0119dy estetyczne by\u0142y najwa\u017cniejsze<\/em><br \/>\n<em> Dobrze \u017ce ju\u017c chocia\u017c sprz\u0105tni\u0119to \u015bmieci dzisiaj z ulicy<\/em><br \/>\n<em> A co je\u015b\u0107 b\u0119d\u0105 ludzie<\/em><br \/>\n<em> Zbo\u017ce ju\u017c dojrza\u0142e by\u0142o<\/em><br \/>\n<em> Tydzie\u0144 temu co najmniej<\/em><br \/>\n<em> A jak si\u0119 obsypie<\/em><br \/>\n<em> To z czego b\u0119dzie chleb<\/em><br \/>\n<em> Z trocin<\/em><br \/>\n<em> No chyba \u017ce s\u0105 wa\u017cniejsze<\/em><br \/>\n<em> Chocia\u017cby estetyczne wzgl\u0119dy<\/em><\/p>\n<p><strong>Dzisiaj \u015bw. Jana Marii Vianeya<\/strong><br \/>\n<strong> On dba\u0142 wbrew pozorom<\/strong><br \/>\n<strong> Nie tylko o swoj\u0105 parafi\u0119<\/strong><br \/>\n<strong> Mimo \u017ce by\u0142 proboszczem<\/strong><br \/>\n<strong> Wstawiaj si\u0119 za nami<\/strong><br \/>\n<strong> By by\u0142o jak trzeba tam gdzie przebywamy<\/strong><br \/>\n<strong> Ale by i w innych miejscach tak\u017ce by\u0142o<\/strong><br \/>\n<strong> Tak jak by\u0107 powinno<\/strong><\/p>\n<p><strong>O co w tym wszystkim chodzi<\/strong><br \/>\n<strong> Ty wiesz Panie Bo\u017ce<\/strong><br \/>\n<strong> Kto co i jak<\/strong><br \/>\n<strong> Ciebie si\u0119 nie oszuka<\/strong><br \/>\n<strong> \u017badna pozor\u00f3w gra<\/strong><\/p>\n","protected":false},"excerpt":{"rendered":"<p>Gra pozor\u00f3w \/ i szukanie pretekst\u00f3w Co jest najpierw Wed\u0142ug tego co wczoraj pisa\u0142em Szukanie pretekstu Czy si\u0119 sprowokowanie O Panie Okazuje si\u0119 \u017be pretekstem&hellip; <\/p>\n","protected":false},"author":1,"featured_media":0,"parent":0,"menu_order":0,"comment_status":"closed","ping_status":"closed","template":"","meta":{"footnotes":""},"class_list":["post-4343","page","type-page","status-publish","hentry"],"_links":{"self":[{"href":"https:\/\/hubertpietka.bialystok.pl\/index.php?rest_route=\/wp\/v2\/pages\/4343","targetHints":{"allow":["GET"]}}],"collection":[{"href":"https:\/\/hubertpietka.bialystok.pl\/index.php?rest_route=\/wp\/v2\/pages"}],"about":[{"href":"https:\/\/hubertpietka.bialystok.pl\/index.php?rest_route=\/wp\/v2\/types\/page"}],"author":[{"embeddable":true,"href":"https:\/\/hubertpietka.bialystok.pl\/index.php?rest_route=\/wp\/v2\/users\/1"}],"replies":[{"embeddable":true,"href":"https:\/\/hubertpietka.bialystok.pl\/index.php?rest_route=%2Fwp%2Fv2%2Fcomments&post=4343"}],"version-history":[{"count":2,"href":"https:\/\/hubertpietka.bialystok.pl\/index.php?rest_route=\/wp\/v2\/pages\/4343\/revisions"}],"predecessor-version":[{"id":4346,"href":"https:\/\/hubertpietka.bialystok.pl\/index.php?rest_route=\/wp\/v2\/pages\/4343\/revisions\/4346"}],"wp:attachment":[{"href":"https:\/\/hubertpietka.bialystok.pl\/index.php?rest_route=%2Fwp%2Fv2%2Fmedia&parent=4343"}],"curies":[{"name":"wp","href":"https:\/\/api.w.org\/{rel}","templated":true}]}}