{"id":4350,"date":"2021-08-05T19:52:48","date_gmt":"2021-08-05T19:52:48","guid":{"rendered":"http:\/\/hubertpietka.bialystok.pl\/?page_id=4350"},"modified":"2021-08-05T19:55:25","modified_gmt":"2021-08-05T19:55:25","slug":"wyliczanki-dla-hanki","status":"publish","type":"page","link":"https:\/\/hubertpietka.bialystok.pl\/?page_id=4350","title":{"rendered":"Wyliczanki \/ dla Hanki"},"content":{"rendered":"<p><em><strong>Wyliczanki \/ dla Hanki<\/strong><\/em><\/p>\n<p><strong>1.<\/strong><br \/>\nJak nie po mnie to w ciebie<br \/>\nJak nie w nas to w Dumk\u0119 te\u017c<br \/>\nJak nie w Dumk\u0119 to w Basi\u0119 koz\u0119<br \/>\nJak nie w Basi\u0119 to w kotki Dejzuni\u0119 i<br \/>\nA co si\u0119 sta\u0142o z Kajtkiem komu przeszkadza\u0142<br \/>\nCzym zawini\u0142 taki kotek swoim kocim <em>\u017cywociem<\/em><br \/>\nJak nie w zwierzyniec nasz to w nasze<br \/>\nNajpierw w samoch\u00f3d a jak\u017ce a potem<br \/>\nW dom nasz w mieszkanie w Bia\u0142ymstoku<br \/>\nA jak nie w nas i nasze to zapewne i w naszych<\/p>\n<p><em>A na kogo wypadnie na tego b\u0119c<\/em><\/p>\n<p>Tak ma by\u0107<br \/>\nAle ufam \u017ce jak najmniejsze b\u0119d\u0105 straty<br \/>\nPoza ju\u017c kotem Kajtkiem<br \/>\nA mo\u017ce jeszcze wr\u00f3ci cudem niewiadomo jakim<br \/>\nPoczekam jeszcze troch\u0119<br \/>\nA czasem to kombajn jest jaki\u015b<br \/>\n(Nie myli\u0107 ze \u017cniwami)<br \/>\n<em>Full<\/em> zestaw w nas nasze i naszych<br \/>\nNaprzemiennie i zarazem<\/p>\n<p><strong>2.<\/strong><br \/>\nJezus powiedzia\u0142 do faryzeusz\u00f3w<br \/>\n\u017be dbaj\u0105 o czysto\u015b\u0107 zewn\u0119trzn\u0105 naczy\u0144 i kubk\u00f3w<br \/>\nA ich wn\u0119trza s\u0105 pe\u0142ne<br \/>\nPlugastwa i niegodziwo\u015bci wszelkiej<br \/>\nFasada zewn\u0119trzna mo\u017ce by\u0107 pi\u0119kna<br \/>\nNie wiem domu twarzy ubioru czy postawy<br \/>\nA co jest wewn\u0105trz<\/p>\n<p>Mo\u017cna nawet odwo\u0142ania mie\u0107 Maryjne<br \/>\nMie\u0107 na ustach Pana Imi\u0119<br \/>\nA co wewn\u0105trz jest<br \/>\nTo B\u00f3g jeden wie<\/p>\n<p><strong>3.<\/strong><br \/>\nNie s\u0105dzi si\u0119 z pozor\u00f3w<br \/>\nLecz trzeba wydawa\u0107 wyroki sprawiedliwe<br \/>\nJezus te\u017c tak m\u00f3wi\u0142<\/p>\n<p>Bo jak to nazwa\u0107<br \/>\nKiedy za wyra\u017canie mocne silnych czasem emocji<br \/>\nChce si\u0119 zamkn\u0105\u0107 kogo\u015b<br \/>\nZ powodu niepoczytalno\u015bci rzekomej<\/p>\n<p>I jak to jest<br \/>\nZ u\u015bmiechem na twarzy<br \/>\nI w bia\u0142ych r\u0119kawiczkach<br \/>\nzabija\u0107<\/p>\n<p>W prawdzie stawa\u0107<br \/>\nKt\u00f3r\u0105 czasem trzeba mocniej wyrazi\u0107<br \/>\nCzy udawa\u0107<br \/>\nI kulturalnie oczywi\u015bcie prawd\u0119 zd\u0142awi\u0107<\/p>\n<p><strong>4.<\/strong><br \/>\nI jak przekona\u0107 mo\u017ce zwyk\u0142y hipopotam kogo\u015b<br \/>\n\u017be nie jest \u017cadnym wielb\u0142\u0105dem<br \/>\nKiedy chc\u0105 go w te ramy wstawi\u0107<br \/>\nI nie jest te\u017c \u017cadn\u0105 inn\u0105 niebezpieczn\u0105 (sic!) \u017cyraf\u0105<\/p>\n<p><strong>5.<\/strong><br \/>\n<em>Ence pence w kt\u00f3rej r\u0119ce<\/em><\/p>\n<p>Czasami trzeba patrze\u0107 na r\u0119ce<br \/>\nNie chowa ich nie ucieka z nimi<br \/>\nTen kto ma je czyste<br \/>\nS\u0105 niestety takie sytuacje<\/p>\n<p><a href=\"http:\/\/hubertpietka.bialystok.pl\/wp-content\/uploads\/2021\/08\/IMG_20210805_214157.jpg\"><img loading=\"lazy\" decoding=\"async\" class=\"alignnone size-thumbnail wp-image-4351\" src=\"http:\/\/hubertpietka.bialystok.pl\/wp-content\/uploads\/2021\/08\/IMG_20210805_214157-150x150.jpg\" alt=\"\" width=\"150\" height=\"150\" srcset=\"https:\/\/hubertpietka.bialystok.pl\/wp-content\/uploads\/2021\/08\/IMG_20210805_214157-150x150.jpg 150w, https:\/\/hubertpietka.bialystok.pl\/wp-content\/uploads\/2021\/08\/IMG_20210805_214157-75x75.jpg 75w\" sizes=\"auto, (max-width: 150px) 100vw, 150px\" \/><\/a><\/p>\n<p><em>Na zdj. Niebo zachodz\u0105cego s\u0142o\u0144ca na Bia\u0142oborzu<\/em><br \/>\n<em> Kolorowe barw pe\u0142ne wieczoru kt\u00f3rego\u015b<\/em><br \/>\n<em> Jeszcze b\u0119dzie przepi\u0119knie<\/em><br \/>\n<em> Cho\u0107 dzisiaj jest szaro i deszczowo<\/em><\/p>\n<p><strong>Dzisiaj jest Matki Bo\u017cej \u015anie\u017cnej<\/strong><br \/>\n<strong> Do Bia\u0142oborza to pasuje odpowiednio<\/strong><br \/>\n<strong> R\u00f3\u017cne ostatnio by\u0142y tu kolory<\/strong><br \/>\n<strong> Ale w Maryi z Maryj\u0105 i przez Maryj\u0119<\/strong><br \/>\n<strong> Oczy\u015bci si\u0119 wszystko wybieli jeszcze<\/strong><\/p>\n<p>Droga Hanko<br \/>\nTaka to moja wyliczanka<br \/>\nNie jest ona zbyt pi\u0119kna<br \/>\nAle niestety konieczna<br \/>\nChocia\u017c wola\u0142bym ci zanuci\u0107 Szopena<\/p>\n","protected":false},"excerpt":{"rendered":"<p>Wyliczanki \/ dla Hanki 1. Jak nie po mnie to w ciebie Jak nie w nas to w Dumk\u0119 te\u017c Jak nie w Dumk\u0119 to&hellip; <\/p>\n","protected":false},"author":1,"featured_media":0,"parent":0,"menu_order":0,"comment_status":"closed","ping_status":"closed","template":"","meta":{"footnotes":""},"class_list":["post-4350","page","type-page","status-publish","hentry"],"_links":{"self":[{"href":"https:\/\/hubertpietka.bialystok.pl\/index.php?rest_route=\/wp\/v2\/pages\/4350","targetHints":{"allow":["GET"]}}],"collection":[{"href":"https:\/\/hubertpietka.bialystok.pl\/index.php?rest_route=\/wp\/v2\/pages"}],"about":[{"href":"https:\/\/hubertpietka.bialystok.pl\/index.php?rest_route=\/wp\/v2\/types\/page"}],"author":[{"embeddable":true,"href":"https:\/\/hubertpietka.bialystok.pl\/index.php?rest_route=\/wp\/v2\/users\/1"}],"replies":[{"embeddable":true,"href":"https:\/\/hubertpietka.bialystok.pl\/index.php?rest_route=%2Fwp%2Fv2%2Fcomments&post=4350"}],"version-history":[{"count":3,"href":"https:\/\/hubertpietka.bialystok.pl\/index.php?rest_route=\/wp\/v2\/pages\/4350\/revisions"}],"predecessor-version":[{"id":4354,"href":"https:\/\/hubertpietka.bialystok.pl\/index.php?rest_route=\/wp\/v2\/pages\/4350\/revisions\/4354"}],"wp:attachment":[{"href":"https:\/\/hubertpietka.bialystok.pl\/index.php?rest_route=%2Fwp%2Fv2%2Fmedia&parent=4350"}],"curies":[{"name":"wp","href":"https:\/\/api.w.org\/{rel}","templated":true}]}}