{"id":4358,"date":"2021-08-07T21:22:30","date_gmt":"2021-08-07T21:22:30","guid":{"rendered":"http:\/\/hubertpietka.bialystok.pl\/?page_id=4358"},"modified":"2021-08-07T21:22:30","modified_gmt":"2021-08-07T21:22:30","slug":"h-a-nutka-hubalowa-nutka","status":"publish","type":"page","link":"https:\/\/hubertpietka.bialystok.pl\/?page_id=4358","title":{"rendered":"H&#8230;a-nutka \/ Hubalowa nutka"},"content":{"rendered":"<p><em><strong>H&#8230;a-nutka \/ Hubalowa nutka<\/strong><\/em><\/p>\n<p>1. Zawsze b\u0119d\u0119 patrzy\u0142 na r\u0119ce<br \/>\nTych u kt\u00f3rych rozpoznam<br \/>\nZ Bo\u017c\u0105 pomoc\u0105<br \/>\nNie do ko\u0144ca czyste intencje<\/p>\n<p>2. Nawet je\u015bli<br \/>\nMam by\u0107 w\u0142a\u015bnie za to<br \/>\nOskar\u017cony o niepoczytalno\u015b\u0107<\/p>\n<p>3. Je\u015bli mojej \u017conie<br \/>\nCo\u015b z\u0142ego si\u0119 stanie<br \/>\nTo ja wiem co z tym zrobi\u0107<br \/>\nI nie wa\u017cne<br \/>\nW domu ko\u015bciele czy gdziekolwiek<\/p>\n<p>4. B\u00f3g powiedzia\u0142<br \/>\nNawet je\u015bli matka zapomni o swym dziecku<br \/>\nTo ja nie zapomn\u0119 o dziecku Bo\u017cym<br \/>\nZawsze mnie to dziwi\u0142o mocno<br \/>\nJak najbli\u017csi mog\u0105 przyzwala\u0107 zbrodniom<\/p>\n<p>5. Prawda jest prawd\u0105<br \/>\nMno\u017cy k\u0142amstwa<br \/>\nTen co nie chce<br \/>\nPrzyzna\u0107 jej racji<\/p>\n<p>6. Skoro gazoci\u0105g mo\u017ce biec<br \/>\nPo dnie Ba\u0142tyku<br \/>\nTo i w budynku<br \/>\nMo\u017ce by\u0107 umieszczony<br \/>\nW miejscu niezbyt typowym<br \/>\nSzczeg\u00f3lnie je\u015bli zale\u017cy komu\u015b<br \/>\nBy efekty jego dzia\u0142ania<br \/>\nNie by\u0142y jako celowe rozpoznane<\/p>\n<p>7. Wi\u0119c je\u015bli cokolwiek<br \/>\nCokolwiunieczek<br \/>\nSi\u0119 stanie ma\u0142ej Calineczce<\/p>\n<p><a href=\"http:\/\/hubertpietka.bialystok.pl\/wp-content\/uploads\/2021\/08\/IMG_20210807_231319.jpg\"><img loading=\"lazy\" decoding=\"async\" class=\"alignnone size-thumbnail wp-image-4359\" src=\"http:\/\/hubertpietka.bialystok.pl\/wp-content\/uploads\/2021\/08\/IMG_20210807_231319-150x150.jpg\" alt=\"\" width=\"150\" height=\"150\" srcset=\"https:\/\/hubertpietka.bialystok.pl\/wp-content\/uploads\/2021\/08\/IMG_20210807_231319-150x150.jpg 150w, https:\/\/hubertpietka.bialystok.pl\/wp-content\/uploads\/2021\/08\/IMG_20210807_231319-75x75.jpg 75w\" sizes=\"auto, (max-width: 150px) 100vw, 150px\" \/><\/a><\/p>\n<p><em>Na zdj. Przetwory<\/em><br \/>\n<em> Zrobione przez moj\u0105 \u017con\u0119<\/em><br \/>\n<em> W tym sezonie<\/em><br \/>\n<em> A kt\u00f3rzy j\u0105 chc\u0105 zabi\u0107<\/em><br \/>\n<em> To potwory<\/em><br \/>\n<em> Tak trzeba to niestety nazwa\u0107<\/em><br \/>\n<em> Nazywa\u0107 zbrodniarzy wed\u0142ug prawdy<\/em><\/p>\n<p style=\"text-align: center;\"><a href=\"https:\/\/youtu.be\/CbCLGPEN3Yk\"><strong><em>\u00a0Renata Przemyk &#8211; Kochaj mnie jak wariat #polandrock2021<\/em><\/strong><\/a><\/p>\n","protected":false},"excerpt":{"rendered":"<p>H&#8230;a-nutka \/ Hubalowa nutka 1. Zawsze b\u0119d\u0119 patrzy\u0142 na r\u0119ce Tych u kt\u00f3rych rozpoznam Z Bo\u017c\u0105 pomoc\u0105 Nie do ko\u0144ca czyste intencje 2. Nawet je\u015bli&hellip; <\/p>\n","protected":false},"author":1,"featured_media":0,"parent":0,"menu_order":0,"comment_status":"closed","ping_status":"closed","template":"","meta":{"footnotes":""},"class_list":["post-4358","page","type-page","status-publish","hentry"],"_links":{"self":[{"href":"https:\/\/hubertpietka.bialystok.pl\/index.php?rest_route=\/wp\/v2\/pages\/4358","targetHints":{"allow":["GET"]}}],"collection":[{"href":"https:\/\/hubertpietka.bialystok.pl\/index.php?rest_route=\/wp\/v2\/pages"}],"about":[{"href":"https:\/\/hubertpietka.bialystok.pl\/index.php?rest_route=\/wp\/v2\/types\/page"}],"author":[{"embeddable":true,"href":"https:\/\/hubertpietka.bialystok.pl\/index.php?rest_route=\/wp\/v2\/users\/1"}],"replies":[{"embeddable":true,"href":"https:\/\/hubertpietka.bialystok.pl\/index.php?rest_route=%2Fwp%2Fv2%2Fcomments&post=4358"}],"version-history":[{"count":2,"href":"https:\/\/hubertpietka.bialystok.pl\/index.php?rest_route=\/wp\/v2\/pages\/4358\/revisions"}],"predecessor-version":[{"id":4361,"href":"https:\/\/hubertpietka.bialystok.pl\/index.php?rest_route=\/wp\/v2\/pages\/4358\/revisions\/4361"}],"wp:attachment":[{"href":"https:\/\/hubertpietka.bialystok.pl\/index.php?rest_route=%2Fwp%2Fv2%2Fmedia&parent=4358"}],"curies":[{"name":"wp","href":"https:\/\/api.w.org\/{rel}","templated":true}]}}