{"id":4364,"date":"2021-08-08T13:13:51","date_gmt":"2021-08-08T13:13:51","guid":{"rendered":"http:\/\/hubertpietka.bialystok.pl\/?page_id=4364"},"modified":"2021-08-08T13:13:51","modified_gmt":"2021-08-08T13:13:51","slug":"retrospekcja-pewna-mechaniczna-zapewne-konieczna","status":"publish","type":"page","link":"https:\/\/hubertpietka.bialystok.pl\/?page_id=4364","title":{"rendered":"Retrospekcja pewna mechaniczna \/ zapewne konieczna"},"content":{"rendered":"<p><em><strong>Retrospekcja pewna mechaniczna \/ zapewne konieczna<\/strong><\/em><\/p>\n<p>Na pocz\u0105tku o\u015bwiadczam<br \/>\nBogu niech b\u0119d\u0105 dzi\u0119ki<br \/>\n\u017be wr\u00f3ci\u0142 Kajtek<br \/>\nKotek bohaterski<\/p>\n<p>Czeka\u0142em na to<br \/>\nI teraz ju\u017c wskazany i do\u015b\u0107 potrzebny<br \/>\nRekonesans pewny<\/p>\n<p>1. Wtorek tygodnia minionego<br \/>\nGodz. mniej wi\u0119cej 8.00-8.21<br \/>\nNajpierw czarne chyba A6 Audi<br \/>\nPotem busik jakiej\u015b kapeli muzycznej<br \/>\nMi nieznanej ale o tre\u015bci te\u017c raczej czarnej<br \/>\nI na koniec bolid m\u0142odzie\u017cowy<br \/>\nTe\u017c czarny<\/p>\n<p>2. Tego te\u017c dnia wieczorem<br \/>\nBy\u0142em odwr\u00f3cony troch\u0119<br \/>\nPo godzinie 20 te\u017c by\u0142y<br \/>\nDwa przejazdy zapewne<\/p>\n<p>3. We \u015brod\u0119 oczywi\u015bcie po 8.00<br \/>\nCo tam by\u0142o<br \/>\nTe\u017c ze dwa przejazdy<br \/>\nAaa szara Vectra<br \/>\nI co\u015b jak pomidor czerwonego<br \/>\nJu\u017c nie pami\u0119tam<\/p>\n<p>4. A w \u015brod\u0119 wieczorem<br \/>\nPrzed godzin\u0105 21 chwil\u0119<br \/>\nPo treningu oldboy\u00f3w<br \/>\nNa krzy\u017c\u00f3wce Stopnica Bia\u0142oborze<br \/>\nAuto bia\u0142e jakie\u015b<\/p>\n<p>5. Ci\u0105g dalszy by\u0142 w pi\u0105tek i w sobot\u0119<br \/>\nI by\u0107 mo\u017ce rano dzisiaj<br \/>\nKiedy spa\u0142em by\u0142y mo\u017ce ze dwa przejazdy<br \/>\nW godzinach analogicznie wyznaczonych<br \/>\nI o odpowiednich dnia porach<\/p>\n<p>W sumie naliczy\u0142em 13 przejazd\u00f3w<br \/>\nOd wtorku do dzisiaj<br \/>\nMog\u0142o by\u0107 ich i 15 r\u00f3wnie dobrze<br \/>\nBy\u0142a te\u017c Omega granatowa<br \/>\nTylko B\u00f3g jest Alf\u0105 i Omeg\u0105 prawdziw\u0105<br \/>\nI Skoda bia\u0142a suw Codiaq<br \/>\nI Volvo XC 60<br \/>\nI co tam jeszcze<\/p>\n<p>6. To chyba jaki\u015b ichni nadkomisarz<br \/>\nBo po co takie przedstawienia si\u0119 urz\u0105dza<br \/>\nNie wiem ale B\u00f3g zna\u0107 mi daje<br \/>\n\u017be to wa\u017cne<br \/>\nI mi to potwierdza<br \/>\nTak czy inaczej<\/p>\n<p>Wiem te\u017c<br \/>\n\u017be je\u015bli mog\u0119 tak to nazwa\u0107<br \/>\nKoronny przejazd<br \/>\nMa si\u0119 odby\u0107 dzi\u015b o 16 chyba minut 9<br \/>\nAle ja mam to gdzie\u015b<br \/>\nJad\u0119 na oldboy\u00f3w mecz<\/p>\n<p><strong>Dzi\u015b wspominany jest \u015bwi\u0119ty m\u0119czennik<\/strong><br \/>\n<strong> Z czas\u00f3w drugiej wojny \u015bwiatowej<\/strong><br \/>\n<strong> B\u0142. *W-\u0142odzi-mierz* Laskowski<\/strong><br \/>\n<strong> M\u00f3dl si\u0119 za nami<\/strong><br \/>\n<strong> Aby\u015bmy czuwali<\/strong><br \/>\n<strong> Kiedy zareagowa\u0107 trzeba<\/strong><br \/>\n<strong> Tak jak *w \u0142odzi mierzy* si\u0119 poziom wody<\/strong><br \/>\n<strong> W czasie sztormu czy ulewy<\/strong><\/p>\n<p><strong><a href=\"http:\/\/hubertpietka.bialystok.pl\/wp-content\/uploads\/2021\/08\/IMG_20210808_145631.jpg\"><img loading=\"lazy\" decoding=\"async\" class=\"alignnone size-thumbnail wp-image-4365\" src=\"http:\/\/hubertpietka.bialystok.pl\/wp-content\/uploads\/2021\/08\/IMG_20210808_145631-150x150.jpg\" alt=\"\" width=\"150\" height=\"150\" srcset=\"https:\/\/hubertpietka.bialystok.pl\/wp-content\/uploads\/2021\/08\/IMG_20210808_145631-150x150.jpg 150w, https:\/\/hubertpietka.bialystok.pl\/wp-content\/uploads\/2021\/08\/IMG_20210808_145631-75x75.jpg 75w\" sizes=\"auto, (max-width: 150px) 100vw, 150px\" \/><\/a><\/strong><\/p>\n<p><em>Na zdj. \u015arodowy mecz buskiego AKS-u<\/em><br \/>\n<em> W\u0142a\u015bnie\u00a0z drugim \u0141KS-em \u0141\u00f3d\u017a<\/em><br \/>\n<em> Swoje trzeba robi\u0107 zawsze<\/em><br \/>\n<em> Mimo wszystko i je\u015bli nawet<\/em><\/p>\n<p style=\"text-align: center;\"><a href=\"https:\/\/youtu.be\/lA7L-Ap7PDA\"><strong><em>44 \/ Wszystko ch\u0142opcy jest o&#8217;k &#8211; Janusz Laskowski<\/em><\/strong><\/a><\/p>\n","protected":false},"excerpt":{"rendered":"<p>Retrospekcja pewna mechaniczna \/ zapewne konieczna Na pocz\u0105tku o\u015bwiadczam Bogu niech b\u0119d\u0105 dzi\u0119ki \u017be wr\u00f3ci\u0142 Kajtek Kotek bohaterski Czeka\u0142em na to I teraz ju\u017c wskazany&hellip; <\/p>\n","protected":false},"author":1,"featured_media":0,"parent":0,"menu_order":0,"comment_status":"closed","ping_status":"closed","template":"","meta":{"footnotes":""},"class_list":["post-4364","page","type-page","status-publish","hentry"],"_links":{"self":[{"href":"https:\/\/hubertpietka.bialystok.pl\/index.php?rest_route=\/wp\/v2\/pages\/4364","targetHints":{"allow":["GET"]}}],"collection":[{"href":"https:\/\/hubertpietka.bialystok.pl\/index.php?rest_route=\/wp\/v2\/pages"}],"about":[{"href":"https:\/\/hubertpietka.bialystok.pl\/index.php?rest_route=\/wp\/v2\/types\/page"}],"author":[{"embeddable":true,"href":"https:\/\/hubertpietka.bialystok.pl\/index.php?rest_route=\/wp\/v2\/users\/1"}],"replies":[{"embeddable":true,"href":"https:\/\/hubertpietka.bialystok.pl\/index.php?rest_route=%2Fwp%2Fv2%2Fcomments&post=4364"}],"version-history":[{"count":1,"href":"https:\/\/hubertpietka.bialystok.pl\/index.php?rest_route=\/wp\/v2\/pages\/4364\/revisions"}],"predecessor-version":[{"id":4366,"href":"https:\/\/hubertpietka.bialystok.pl\/index.php?rest_route=\/wp\/v2\/pages\/4364\/revisions\/4366"}],"wp:attachment":[{"href":"https:\/\/hubertpietka.bialystok.pl\/index.php?rest_route=%2Fwp%2Fv2%2Fmedia&parent=4364"}],"curies":[{"name":"wp","href":"https:\/\/api.w.org\/{rel}","templated":true}]}}