{"id":4371,"date":"2021-08-12T05:08:22","date_gmt":"2021-08-12T05:08:22","guid":{"rendered":"http:\/\/hubertpietka.bialystok.pl\/?page_id=4371"},"modified":"2021-08-12T05:08:22","modified_gmt":"2021-08-12T05:08:22","slug":"gra-o-nic-zachowywanie-pewnych-gra-nic","status":"publish","type":"page","link":"https:\/\/hubertpietka.bialystok.pl\/?page_id=4371","title":{"rendered":"*Gra o nic?* \/ Zachowywanie pewnych *gra-nic*"},"content":{"rendered":"<p><em><strong>*Gra o nic?* \/ Zachowywanie pewnych *gra-nic*?<\/strong><\/em><\/p>\n<p>Czyli dalej<br \/>\nA\u017c do<\/p>\n<p>Ale najpierw powr\u00f3t<br \/>\nDo poniedzia\u0142ku<br \/>\nNa Bia\u0142oborzu<\/p>\n<p>2021<br \/>\nGodzina 20 do 21<br \/>\nAlbo od 8 do 9 analogicznie<br \/>\nPodobnie od 8.00 do 8.21<br \/>\nC\u00f3\u017c to jest<br \/>\nPodkre\u015blenie roku 2021<\/p>\n<p>Tak w miniony poniedzia\u0142ek rano<br \/>\nPo godzinie 8 na Bia\u0142oborzu<br \/>\nBia\u0142y dostawczy minivan<br \/>\nOk<br \/>\nA potem nagle tu\u017c przed 17<br \/>\nCzerwona chyba Toyota Yaris<br \/>\nOk<br \/>\nBia\u0142o-czerwono w sumie odpowiednio barwnie<br \/>\nAle potem w drodze<br \/>\nDo Kielc i w mie\u015bcie tym<br \/>\nTen kolor powt\u00f3rzony<br \/>\nTrzykrotnie<br \/>\nTo ju\u017c zaburzenie proporcji pewnych<\/p>\n<p>A potem na trasie dalej<br \/>\nNa drodze krakowsko-warszawskiej<br \/>\nChyba dwa razy kto UN<br \/>\nRaz by\u0142o na 422 kilometrze<br \/>\n4\/2+2<br \/>\n44<\/p>\n<p>A potem w \u0141adach przed Warszaw\u0105<br \/>\nMin\u0105\u0142em K-Os<br \/>\nZapowied\u017a os<br \/>\nMia\u0142em kiedy\u015b taki samoch\u00f3d Samar\u0119<br \/>\nI wbrew pozorom wspominam go do\u015b\u0107 dobrze<br \/>\nTo by\u0142a wersja fi\u0144ska<br \/>\nJak na tamto auto<em> full<\/em>-wypas<br \/>\nI by\u0142a bia\u0142a<br \/>\nNiech to proporcje nieco wyr\u00f3wna<\/p>\n<p>A potem na Hel<br \/>\n<em>What the hell<\/em><br \/>\nCo jest grane<br \/>\n\u017bniwa dopiero za Warszaw\u0105<br \/>\nI to bli\u017cej Gda\u0144ska<br \/>\nJu\u017c do\u015b\u0107 p\u00f3\u017ano na to<\/p>\n<p>A potem tu\u017c przed Jastarni\u0105<br \/>\nNa wysoko\u015bci historycznej fortyfikacji<br \/>\nZnowu to on<br \/>\nI jak do o\u015brodka wje\u017cd\u017cali\u015bmy to ju\u017c wiedzia\u0142em<br \/>\n\u017be nie b\u0119dziemy tu sami<\/p>\n<p>Ale to co tu zasz\u0142o<br \/>\nTo troch\u0119 przesada<\/p>\n<p>S\u0105 jakie\u015b przecie\u017c chyba jakie\u015b<br \/>\nPrzyzwoito\u015bci granice<br \/>\nNikt nie powinien targa\u0107 si\u0119 na \u015bwi\u0119to\u015bci pewne<br \/>\nKimkolwiek by by\u0142<\/p>\n<p>A mianowicie<br \/>\nJu\u017c przy pierwszej kolacji<br \/>\nTu w o\u015brodku w jadalni<br \/>\n<em>Twoja twarz brzmi znajomo<\/em><br \/>\nDosiad\u0142 si\u0119<br \/>\nMo\u017ce herbaty<br \/>\nNajwi\u0119kszemu wrogowi nie odm\u00f3wi\u0142abym kubka wody<br \/>\nKiedy spragniony<\/p>\n<p>Ale dnia nast\u0119pnego<br \/>\nJu\u017c w koloratce przy \u015bniadaniu<br \/>\nI tak przez dzie\u0144 ca\u0142y<br \/>\nNie wiem czy by\u0142 na Mszy przy o\u0142tarzu rano<br \/>\nNie widzia\u0142em<br \/>\nAle je\u015bli tak to przegi\u0119cie kolejne<br \/>\nNie pierwsze zreszt\u0105 ju\u017c przecie<br \/>\nW tym temacie<br \/>\nBo ksi\u0105dz a na pewno katolicki to nie jest<br \/>\nPotem podczas mojej S\u0142owa Bo\u017cego lektury zwyczajnej<br \/>\nOmal do domku mi nie wszed\u0142 by\u0142 tak blisko<br \/>\nAle wieczorem ju\u017c po 22 godzinie<br \/>\nWiedzia\u0142em \u017ce ju\u017c go tu nie ma<br \/>\nA mo\u017ce wr\u00f3ci znowu dzisiaj<br \/>\nW innej sk\u00f3rze przebraniu itp<br \/>\nA mo\u017ce by si\u0119 wcieli\u0142 na przyk\u0142ad w kobiet\u0119<br \/>\nW ko\u0144cu modne jest to teraz gender<\/p>\n<p>Tak\u017ce na razie go tu nie ma<br \/>\nA czy si\u0119 pojawi gdzie jak i kiedy<br \/>\nB\u00f3g raczy wiedzie\u0107<br \/>\nAle my\u015bl\u0119 \u017ce mo\u017ce ju\u017c wystarczy tej farsy<br \/>\nS\u0105 chyba jednak granice jakie\u015b<br \/>\nCho\u0107by moralno\u015bci<br \/>\nChyba \u017ce on nie zna granic \u017cadnych<\/p>\n<p><a href=\"http:\/\/hubertpietka.bialystok.pl\/wp-content\/uploads\/2021\/08\/IMG_20210812_065930.jpg\"><img loading=\"lazy\" decoding=\"async\" class=\"alignnone size-thumbnail wp-image-4372\" src=\"http:\/\/hubertpietka.bialystok.pl\/wp-content\/uploads\/2021\/08\/IMG_20210812_065930-150x150.jpg\" alt=\"\" width=\"150\" height=\"150\" srcset=\"https:\/\/hubertpietka.bialystok.pl\/wp-content\/uploads\/2021\/08\/IMG_20210812_065930-150x150.jpg 150w, https:\/\/hubertpietka.bialystok.pl\/wp-content\/uploads\/2021\/08\/IMG_20210812_065930-75x75.jpg 75w\" sizes=\"auto, (max-width: 150px) 100vw, 150px\" \/><\/a><\/p>\n<p><em>Na zdj. Maryja na tle ko\u0142ysz\u0105cych si\u0119 zb\u00f3\u017c<\/em><br \/>\n<em>W o\u015brodku jastarskim werbist\u00f3w<\/em><br \/>\n<em>Dobrze \u017ce \u017cniwa w Polsce jednak ruszy\u0142y ju\u017c<\/em><br \/>\n<em>Oby uda\u0142o si\u0119 je zrealizowa\u0107 tak by<\/em><br \/>\n<em>Ludzie mieli co je\u015b\u0107<\/em><br \/>\n<em>Dobrze \u017ce tutaj chocia\u017c<\/em><br \/>\n<em>Czuwaj Maryjo nad polskim ludem<\/em><br \/>\n<em>I innymi kt\u00f3rzy maj\u0105 i mo\u017ce podobnie<\/em><br \/>\n<em>By nie zabrak\u0142o chleba ludziom na sto\u0142ach<\/em><\/p>\n<p><strong>Dzi\u015b wspominana \u015bw. Joanna de Chantall<\/strong><br \/>\n<strong>Wizytek za\u0142o\u017cycielka<\/strong><br \/>\n<strong>Tak\u0105 to tu wizyty mieli\u015bmy<\/strong><br \/>\n<strong>Czy b\u0119d\u0105 kolejne<\/strong><\/p>\n","protected":false},"excerpt":{"rendered":"<p>*Gra o nic?* \/ Zachowywanie pewnych *gra-nic*? Czyli dalej A\u017c do Ale najpierw powr\u00f3t Do poniedzia\u0142ku Na Bia\u0142oborzu 2021 Godzina 20 do 21 Albo od&hellip; <\/p>\n","protected":false},"author":1,"featured_media":0,"parent":0,"menu_order":0,"comment_status":"closed","ping_status":"closed","template":"","meta":{"footnotes":""},"class_list":["post-4371","page","type-page","status-publish","hentry"],"_links":{"self":[{"href":"https:\/\/hubertpietka.bialystok.pl\/index.php?rest_route=\/wp\/v2\/pages\/4371","targetHints":{"allow":["GET"]}}],"collection":[{"href":"https:\/\/hubertpietka.bialystok.pl\/index.php?rest_route=\/wp\/v2\/pages"}],"about":[{"href":"https:\/\/hubertpietka.bialystok.pl\/index.php?rest_route=\/wp\/v2\/types\/page"}],"author":[{"embeddable":true,"href":"https:\/\/hubertpietka.bialystok.pl\/index.php?rest_route=\/wp\/v2\/users\/1"}],"replies":[{"embeddable":true,"href":"https:\/\/hubertpietka.bialystok.pl\/index.php?rest_route=%2Fwp%2Fv2%2Fcomments&post=4371"}],"version-history":[{"count":1,"href":"https:\/\/hubertpietka.bialystok.pl\/index.php?rest_route=\/wp\/v2\/pages\/4371\/revisions"}],"predecessor-version":[{"id":4373,"href":"https:\/\/hubertpietka.bialystok.pl\/index.php?rest_route=\/wp\/v2\/pages\/4371\/revisions\/4373"}],"wp:attachment":[{"href":"https:\/\/hubertpietka.bialystok.pl\/index.php?rest_route=%2Fwp%2Fv2%2Fmedia&parent=4371"}],"curies":[{"name":"wp","href":"https:\/\/api.w.org\/{rel}","templated":true}]}}