{"id":4403,"date":"2021-08-14T11:57:10","date_gmt":"2021-08-14T11:57:10","guid":{"rendered":"http:\/\/hubertpietka.bialystok.pl\/?page_id=4403"},"modified":"2021-08-14T11:57:10","modified_gmt":"2021-08-14T11:57:10","slug":"malzenstwa-i-uczciwosc-wzajemna","status":"publish","type":"page","link":"https:\/\/hubertpietka.bialystok.pl\/?page_id=4403","title":{"rendered":"Ma\u0142\u017ce\u0144stwa \/ i uczciwo\u015b\u0107 wzajemna"},"content":{"rendered":"<p><em><strong>Ma\u0142\u017ce\u0144stwa \/ i uczciwo\u015b\u0107 wzajemna<\/strong><\/em><\/p>\n<p>Mo\u017cna si\u0119 nie dogadywa\u0107<br \/>\nMo\u017cna si\u0119 nie rozumie\u0107<br \/>\nMo\u017cna<\/p>\n<p>Lecz najwa\u017cniejsze w ma\u0142\u017ce\u0144stwie<br \/>\nBy mie\u0107 wol\u0119 dobra<br \/>\nWobec siebie nawzajem<\/p>\n<p>I wobec innych<br \/>\n<em>By patrze\u0107 razem w jednym kierunku<\/em> wsp\u00f3lnym<br \/>\nMimo nawet niedopasowa\u0144 pewnych<\/p>\n<p>Bo ma\u0142\u017ce\u0144stwo por\u00f3wna\u0107 mo\u017cna<br \/>\nDo kamieni w morzu<br \/>\nKt\u00f3re cho\u0107 r\u00f3\u017cne<br \/>\nKszta\u0142tuje jak morze wsp\u00f3lne \u017cycie<\/p>\n<p><a href=\"http:\/\/hubertpietka.bialystok.pl\/wp-content\/uploads\/2021\/08\/IMG_20210814_135154.jpg\"><img loading=\"lazy\" decoding=\"async\" class=\"alignnone size-thumbnail wp-image-4404\" src=\"http:\/\/hubertpietka.bialystok.pl\/wp-content\/uploads\/2021\/08\/IMG_20210814_135154-150x150.jpg\" alt=\"\" width=\"150\" height=\"150\" srcset=\"https:\/\/hubertpietka.bialystok.pl\/wp-content\/uploads\/2021\/08\/IMG_20210814_135154-150x150.jpg 150w, https:\/\/hubertpietka.bialystok.pl\/wp-content\/uploads\/2021\/08\/IMG_20210814_135154-75x75.jpg 75w\" sizes=\"auto, (max-width: 150px) 100vw, 150px\" \/><\/a><\/p>\n<p><em>Na zdj. W Jastarni zatoka Ba\u0142tyckiego Morza<\/em><br \/>\n<em> I kamienie przywo\u0142ane przy falochronie<\/em><br \/>\n<em> Ma\u0142\u017ce\u0144stwa dobre te\u017c wspieraj\u0105 ludzko\u015b\u0107<\/em><br \/>\n<em> Przed nawa\u0142em fal z\u0142a<\/em><br \/>\n<em> Aby ludzko\u015b\u0107 nie zosta\u0142a przez nie zatopiona<\/em><\/p>\n<p><em>I jeszcze jedno<\/em><br \/>\n<em> Dzisiaj przy okazji \u015bwi\u0119towania rocznicy ma\u0142\u017ce\u0144skiej pewnej<\/em><br \/>\n<em> U\u015bwiadomi\u0142em sobie<\/em><br \/>\n<em> Jak wa\u017cna jest uczciwo\u015b\u0107 ma\u0142\u017ce\u0144ska<\/em><br \/>\n<em> Wzgl\u0119dem siebie nawzajem i innych<\/em><br \/>\n<em> W ni\u0105 z\u0142o te\u017c bardzo chce uderza\u0107<\/em><\/p>\n<p><em>A moja kochana \u017cona<\/em><br \/>\n<em> Nieustannie zagro\u017cona i tu te\u017c<\/em><br \/>\n<em> Lecz ufam \u017ce z Bo\u017c\u0105 pomoc\u0105 i wsp\u00f3lnymi si\u0142ami<\/em><br \/>\n<em> To wszystko przetrzymamy<\/em><\/p>\n","protected":false},"excerpt":{"rendered":"<p>Ma\u0142\u017ce\u0144stwa \/ i uczciwo\u015b\u0107 wzajemna Mo\u017cna si\u0119 nie dogadywa\u0107 Mo\u017cna si\u0119 nie rozumie\u0107 Mo\u017cna Lecz najwa\u017cniejsze w ma\u0142\u017ce\u0144stwie By mie\u0107 wol\u0119 dobra Wobec siebie nawzajem&hellip; <\/p>\n","protected":false},"author":1,"featured_media":0,"parent":0,"menu_order":0,"comment_status":"closed","ping_status":"closed","template":"","meta":{"footnotes":""},"class_list":["post-4403","page","type-page","status-publish","hentry"],"_links":{"self":[{"href":"https:\/\/hubertpietka.bialystok.pl\/index.php?rest_route=\/wp\/v2\/pages\/4403","targetHints":{"allow":["GET"]}}],"collection":[{"href":"https:\/\/hubertpietka.bialystok.pl\/index.php?rest_route=\/wp\/v2\/pages"}],"about":[{"href":"https:\/\/hubertpietka.bialystok.pl\/index.php?rest_route=\/wp\/v2\/types\/page"}],"author":[{"embeddable":true,"href":"https:\/\/hubertpietka.bialystok.pl\/index.php?rest_route=\/wp\/v2\/users\/1"}],"replies":[{"embeddable":true,"href":"https:\/\/hubertpietka.bialystok.pl\/index.php?rest_route=%2Fwp%2Fv2%2Fcomments&post=4403"}],"version-history":[{"count":1,"href":"https:\/\/hubertpietka.bialystok.pl\/index.php?rest_route=\/wp\/v2\/pages\/4403\/revisions"}],"predecessor-version":[{"id":4405,"href":"https:\/\/hubertpietka.bialystok.pl\/index.php?rest_route=\/wp\/v2\/pages\/4403\/revisions\/4405"}],"wp:attachment":[{"href":"https:\/\/hubertpietka.bialystok.pl\/index.php?rest_route=%2Fwp%2Fv2%2Fmedia&parent=4403"}],"curies":[{"name":"wp","href":"https:\/\/api.w.org\/{rel}","templated":true}]}}