{"id":4413,"date":"2021-08-15T22:29:07","date_gmt":"2021-08-15T22:29:07","guid":{"rendered":"http:\/\/hubertpietka.bialystok.pl\/?page_id=4413"},"modified":"2021-08-15T22:29:07","modified_gmt":"2021-08-15T22:29:07","slug":"matka-boska-maryja-zwycieza-zawsze","status":"publish","type":"page","link":"https:\/\/hubertpietka.bialystok.pl\/?page_id=4413","title":{"rendered":"Matka Boska \/ Maryja zwyci\u0119\u017ca zawsze"},"content":{"rendered":"<p><em><strong>Matka Boska \/ Maryja zwyci\u0119\u017ca zawsze<\/strong><\/em><\/p>\n<p>Niby-ksi\u0105dz jednak by\u0142<br \/>\nTam gdzie by\u0107 nie powinien<br \/>\nPrzy o\u0142tarzu podczas Mszy \u015awi\u0119tej<br \/>\nNawet czyta\u0142 dzisiaj Ewangeli\u0119<\/p>\n<p>A dzisiaj na dnia zako\u0144czenie<br \/>\nZamiast zwyczajowego Apelu Jasnog\u00f3rskiego o 21<br \/>\nPara-msza przez innego niby-ksi\u0119dza<br \/>\nMaryi i Jezusowi si\u0119 pok\u0142oni\u0142em<br \/>\nPodczas procesji niby-komunijnej<\/p>\n<p>Du\u017co tych niby<br \/>\nAle to jeszcze nie wszystkie<br \/>\nPojawi\u0142a si\u0119 posta\u0107 kolejna<br \/>\nNiejako drugie wcielenie<br \/>\nW czwartek bie\u017c\u0105cy i w pi\u0105tek rano<br \/>\nHipis niby<br \/>\nD\u0142ugie w\u0142osy koszula kraciasta<br \/>\nI spodnie chyba sztruksy<br \/>\nCiekawe wcielenie<br \/>\nNie mia\u0142bym nic do tego<br \/>\nGdyby to nie by\u0142o fa\u0142szerstwo<br \/>\nTu trzeba zapyta\u0107<br \/>\nPara-hipis czy prawdziwy hipopotam<\/p>\n<p>Ale i to jeszcze nie jest wszystko<br \/>\nW pi\u0105tek podczas wycieczki z \u017con\u0105 zwyk\u0142ej<br \/>\nDo fortyfikacji do bunkru Saba\u0142a pod Jastarni\u0105<br \/>\nPrzejazd motocykli czterech<br \/>\nW\u015br\u00f3d nich ten jeden<br \/>\nTak\u017ce <em>twoja twarz brzmi znajomo<\/em><br \/>\nW r\u00f3\u017cnych ods\u0142onach<\/p>\n<p>Czemu s\u0142u\u017c\u0105 te niby-zabawy<br \/>\nKto si\u0119 w nie bawi<br \/>\nI czyim kosztem<br \/>\nTrzeba odpowiedzie\u0107 na to sobie<br \/>\nM\u00f3g\u0142bym si\u0119 bawi\u0107 w to dalej bez ko\u0144ca<br \/>\nJednak pewne granice zosta\u0142y przekroczone<br \/>\nW przypadku kpiny z \u015bwi\u0119to\u015bci<br \/>\nBo tak trzeba to nazwa\u0107<br \/>\nW wielu przypadkach<\/p>\n<p><a href=\"http:\/\/hubertpietka.bialystok.pl\/wp-content\/uploads\/2021\/08\/IMG_20210816_002337.jpg\"><img loading=\"lazy\" decoding=\"async\" class=\"alignnone size-thumbnail wp-image-4414\" src=\"http:\/\/hubertpietka.bialystok.pl\/wp-content\/uploads\/2021\/08\/IMG_20210816_002337-150x150.jpg\" alt=\"\" width=\"150\" height=\"150\" srcset=\"https:\/\/hubertpietka.bialystok.pl\/wp-content\/uploads\/2021\/08\/IMG_20210816_002337-150x150.jpg 150w, https:\/\/hubertpietka.bialystok.pl\/wp-content\/uploads\/2021\/08\/IMG_20210816_002337-75x75.jpg 75w\" sizes=\"auto, (max-width: 150px) 100vw, 150px\" \/><\/a><\/p>\n<p><em>Na zdj. Maryja i Jezus Mi\u0142osierny<\/em><br \/>\n<em> W kaplicy werbist\u00f3w w Jastarni<\/em><br \/>\n<em> Fa\u0142szywi ksi\u0119\u017ca fa\u0142szywe msze \u015bwi\u0119te<\/em><br \/>\n<em> I komunikanty<\/em><br \/>\n<em> To grube przegi\u0119cia<\/em><\/p>\n<p><em>Na szcz\u0119\u015bcie jest Maryja<\/em><br \/>\n<em> J\u0105 zawezwa\u0107 zawsze mo\u017cna<\/em><br \/>\n<em> Stoi Kr\u00f3lowa po Twojej prawicy<\/em><br \/>\n<em> Jezu Mi\u0142osierny i tutaj<\/em><br \/>\n<em> Prawdziw\u0105 cze\u015b\u0107 Maryi oddawa\u0107 trzeba<\/em><br \/>\n<em> W Duchu \u015awi\u0119tym i prawdzie<\/em><br \/>\n<em> W ten spos\u00f3b Boga prawdziwego czci si\u0119<\/em><br \/>\n<em> Chwa\u0142a Bo\u017ca jest w Maryi<\/em><\/p>\n","protected":false},"excerpt":{"rendered":"<p>Matka Boska \/ Maryja zwyci\u0119\u017ca zawsze Niby-ksi\u0105dz jednak by\u0142 Tam gdzie by\u0107 nie powinien Przy o\u0142tarzu podczas Mszy \u015awi\u0119tej Nawet czyta\u0142 dzisiaj Ewangeli\u0119 A dzisiaj&hellip; <\/p>\n","protected":false},"author":1,"featured_media":0,"parent":0,"menu_order":0,"comment_status":"closed","ping_status":"closed","template":"","meta":{"footnotes":""},"class_list":["post-4413","page","type-page","status-publish","hentry"],"_links":{"self":[{"href":"https:\/\/hubertpietka.bialystok.pl\/index.php?rest_route=\/wp\/v2\/pages\/4413","targetHints":{"allow":["GET"]}}],"collection":[{"href":"https:\/\/hubertpietka.bialystok.pl\/index.php?rest_route=\/wp\/v2\/pages"}],"about":[{"href":"https:\/\/hubertpietka.bialystok.pl\/index.php?rest_route=\/wp\/v2\/types\/page"}],"author":[{"embeddable":true,"href":"https:\/\/hubertpietka.bialystok.pl\/index.php?rest_route=\/wp\/v2\/users\/1"}],"replies":[{"embeddable":true,"href":"https:\/\/hubertpietka.bialystok.pl\/index.php?rest_route=%2Fwp%2Fv2%2Fcomments&post=4413"}],"version-history":[{"count":1,"href":"https:\/\/hubertpietka.bialystok.pl\/index.php?rest_route=\/wp\/v2\/pages\/4413\/revisions"}],"predecessor-version":[{"id":4415,"href":"https:\/\/hubertpietka.bialystok.pl\/index.php?rest_route=\/wp\/v2\/pages\/4413\/revisions\/4415"}],"wp:attachment":[{"href":"https:\/\/hubertpietka.bialystok.pl\/index.php?rest_route=%2Fwp%2Fv2%2Fmedia&parent=4413"}],"curies":[{"name":"wp","href":"https:\/\/api.w.org\/{rel}","templated":true}]}}