{"id":4421,"date":"2021-08-18T06:45:17","date_gmt":"2021-08-18T06:45:17","guid":{"rendered":"http:\/\/hubertpietka.bialystok.pl\/?page_id=4421"},"modified":"2021-08-18T06:45:17","modified_gmt":"2021-08-18T06:45:17","slug":"4421-2","status":"publish","type":"page","link":"https:\/\/hubertpietka.bialystok.pl\/?page_id=4421","title":{"rendered":"\u0141om\u017cy\u0144skie koloryty \/ kontynuacji pewnych"},"content":{"rendered":"<p><em><strong>\u0141om\u017cy\u0144skie koloryty \/ kontynuacji pewnych<\/strong><\/em><\/p>\n<p>Je\u017celi co\u015b prawd\u0105 jest<br \/>\nA nie zgadza si\u0119 z ich widzimisiem<br \/>\nTo dla prawdy tym gorzej<\/p>\n<p><strong>1.<\/strong> Je\u015bli B\u00f3g pokazuje mi co\u015b<br \/>\nR\u00f3\u017cne rzeczy cho\u0107by przez ptaki<br \/>\nTo tym gorzej dla ptak\u00f3w<\/p>\n<p><strong>2.<\/strong> W czasie powrotu znad morza<br \/>\nW drodze do \u0141om\u017cy<br \/>\nBy\u0142 spok\u00f3j wzgl\u0119dny<br \/>\nDopiero w fajnie brzmi\u0105cej miejscowo\u015bci<br \/>\nStacha Konwy tu\u017c przed \u0141om\u017c\u0105<br \/>\nSzary samoch\u00f3d na \u017c\u00f3\u0142tych blachach<br \/>\nI ju\u017c wiedzia\u0142em<br \/>\n\u017be on jest i tu<br \/>\nIdzie w \u015blad za mn\u0105<\/p>\n<p><strong>3.<\/strong> Tego dnia poniedzia\u0142ek tygodnia bie\u017c\u0105cego<br \/>\nWieczorna Msza \u015awi\u0119ta<br \/>\nI tu znowu\u017c<br \/>\nNadal pcha\u0142 si\u0119 do o\u0142tarza<br \/>\nW tym wzgl\u0119dzie<br \/>\n\u017be tym razem by\u0142 niby-ministrantem<br \/>\nCo to jest<br \/>\n\u017be na szk\u0142o parcie takie<br \/>\n\u017beby koniecznie by\u0107 na \u015bwieczniku<br \/>\nAle aby by\u0107 ministrantem<br \/>\nTe\u017c trzeba spe\u0142nia\u0107 pewne ko\u015bcielne wymogi formalne<br \/>\nI tak nie powinien by\u0107 on tam by\u0107<\/p>\n<p><strong>4.<\/strong> We wtorek czyli wczoraj<br \/>\nWsp\u00f3lny spacer z przyjaci\u00f3\u0142mi<br \/>\nW Parku Jednaczewskim w \u0141om\u017cy<br \/>\nTam passat granatowy<br \/>\nI taki sam potem w drodze do ko\u015bcio\u0142a<br \/>\nWyje\u017cd\u017caj\u0105cy z drogi podporz\u0105dkowanej<br \/>\nNa ulicy Wojska Polskiego<br \/>\nA potem na Mszy \u015awi\u0119tej<br \/>\nTe\u017c by\u0142 obecny<br \/>\nNa szcz\u0119\u015bcie ju\u017c nie przy o\u0142tarzu samym<\/p>\n<p><strong>5.<\/strong> Nie wiem czy przyjmowa\u0142 komuni\u0119<br \/>\n\u017be nie jest katolikiem<br \/>\nB\u00f3g mi pokazuje<br \/>\nJe\u015bli jest innego wyznania<br \/>\nTo nie powinien tego czyni\u0107 wcale a wcale<br \/>\nChyba \u017ce ma pozwolenie odpowiednie z Watykanu<br \/>\nA je\u015bli jest prawos\u0142awny<br \/>\nTo mo\u017ce to uczyni\u0107<br \/>\nAle tylko w sytuacji zagro\u017cenia swego \u017cycia<\/p>\n<p><strong>6.<\/strong> Poza tym komuni\u0119 \u015bwi\u0119t\u0105 mo\u017ce przyjmowa\u0107 tylko<br \/>\nOsoba moralnie czysta<br \/>\n\u017be ju\u017c nie wspomn\u0119 o tym<br \/>\n\u017be bycie ministrantem cho\u0107by<br \/>\nJest mo\u017cliwe wtedy tylko<br \/>\nGdy osoba spe\u0142niaj\u0105ca t\u0105 Bo\u017c\u0105 pos\u0142ug\u0119<br \/>\nZgorszenia tym nie powoduje wobec innych<br \/>\nTakie jest prawo ko\u015bcielne<br \/>\nTak\u017ce przy przyjmowaniu komunii \u015bwi\u0119tej<br \/>\n\u017be je\u015bli kto\u015b prowadzi mocno niemoralne \u017cycie<br \/>\nI chocia\u017cby wyst\u0119puje przeciwko \u017cyciu<br \/>\nTo nie powinien przyjmowa\u0107 komunii \u015bwi\u0119tej ko\u015bcielnej<br \/>\nBo on po prostu z Bogiem w jedno\u015bci nie trwa<br \/>\nI mo\u017ce to sta\u0107 si\u0119 zgorszeniem<br \/>\nChocia\u017cby dla wiernych kt\u00f3rzy o tym wiedz\u0105<\/p>\n<p><strong>7.<\/strong> A poza tym na tej Mszy \u015awi\u0119tej by\u0142 ksi\u0105dz<br \/>\nO kt\u00f3rym kiedy\u015b m\u00f3wi\u0142o si\u0119 \u017ce jest czerwony<br \/>\nMaj\u0105cy lewicowe pogl\u0105dy<br \/>\nAle to ju\u017c p\u00f3\u0142 biedy<br \/>\nBo to przecie\u017c i w prawdzie ksi\u0105dz przecie<br \/>\nMimo \u017ce o czerwonych r\u0119kach<br \/>\n\u017be tak powiem<br \/>\nMaj\u0105c na my\u015bli jego pogl\u0105dy<\/p>\n<p><strong>8.<\/strong> Takie to w \u0141om\u017cy perypetie<br \/>\nDzisiaj wyruszamy do Bia\u0142egostoku<br \/>\nB\u00f3g raczy wiedzie\u0107 co nas tam czeka<br \/>\nJakie r\u00f3\u017cne koloryty<br \/>\nI tutaj w \u0141om\u017cy<br \/>\n<em>Twoja twarz brzmi znajomo<\/em><br \/>\nWi\u0119c i tam i w drodze i gdziekolwiek<br \/>\nW \u015blad za mn\u0105 zapewne<\/p>\n<p><a href=\"http:\/\/hubertpietka.bialystok.pl\/wp-content\/uploads\/2021\/08\/IMG_20210818_082957.jpg\"><img loading=\"lazy\" decoding=\"async\" class=\"alignnone size-thumbnail wp-image-4423\" src=\"http:\/\/hubertpietka.bialystok.pl\/wp-content\/uploads\/2021\/08\/IMG_20210818_082957-150x150.jpg\" alt=\"\" width=\"150\" height=\"150\" srcset=\"https:\/\/hubertpietka.bialystok.pl\/wp-content\/uploads\/2021\/08\/IMG_20210818_082957-150x150.jpg 150w, https:\/\/hubertpietka.bialystok.pl\/wp-content\/uploads\/2021\/08\/IMG_20210818_082957-75x75.jpg 75w\" sizes=\"auto, (max-width: 150px) 100vw, 150px\" \/><\/a><\/p>\n<p><em>Na zdj. W \u0142om\u017cy\u0144skim ko\u015bciele Mi\u0142osierdzia Bo\u017cego<br \/>\n\u015awi\u0119ty J\u00f3zef i Maryja<br \/>\nPod jego p\u0142aszczem niejako<br \/>\nTrzeba chroni\u0107 to co zagro\u017cone<br \/>\nBezwzgl\u0119dnie i bezdyskusyjnie<br \/>\nTak Bo\u017ce dopom\u00f3\u017c<br \/>\nWspieraj w tym wszystkich<\/em><\/p>\n","protected":false},"excerpt":{"rendered":"<p>\u0141om\u017cy\u0144skie koloryty \/ kontynuacji pewnych Je\u017celi co\u015b prawd\u0105 jest A nie zgadza si\u0119 z ich widzimisiem To dla prawdy tym gorzej 1. Je\u015bli B\u00f3g pokazuje&hellip; <\/p>\n","protected":false},"author":1,"featured_media":0,"parent":0,"menu_order":0,"comment_status":"closed","ping_status":"closed","template":"","meta":{"footnotes":""},"class_list":["post-4421","page","type-page","status-publish","hentry"],"_links":{"self":[{"href":"https:\/\/hubertpietka.bialystok.pl\/index.php?rest_route=\/wp\/v2\/pages\/4421","targetHints":{"allow":["GET"]}}],"collection":[{"href":"https:\/\/hubertpietka.bialystok.pl\/index.php?rest_route=\/wp\/v2\/pages"}],"about":[{"href":"https:\/\/hubertpietka.bialystok.pl\/index.php?rest_route=\/wp\/v2\/types\/page"}],"author":[{"embeddable":true,"href":"https:\/\/hubertpietka.bialystok.pl\/index.php?rest_route=\/wp\/v2\/users\/1"}],"replies":[{"embeddable":true,"href":"https:\/\/hubertpietka.bialystok.pl\/index.php?rest_route=%2Fwp%2Fv2%2Fcomments&post=4421"}],"version-history":[{"count":5,"href":"https:\/\/hubertpietka.bialystok.pl\/index.php?rest_route=\/wp\/v2\/pages\/4421\/revisions"}],"predecessor-version":[{"id":4427,"href":"https:\/\/hubertpietka.bialystok.pl\/index.php?rest_route=\/wp\/v2\/pages\/4421\/revisions\/4427"}],"wp:attachment":[{"href":"https:\/\/hubertpietka.bialystok.pl\/index.php?rest_route=%2Fwp%2Fv2%2Fmedia&parent=4421"}],"curies":[{"name":"wp","href":"https:\/\/api.w.org\/{rel}","templated":true}]}}