{"id":4434,"date":"2021-08-22T15:59:43","date_gmt":"2021-08-22T15:59:43","guid":{"rendered":"http:\/\/hubertpietka.bialystok.pl\/?page_id=4434"},"modified":"2021-08-22T15:59:43","modified_gmt":"2021-08-22T15:59:43","slug":"zycie-i-wiara-boze-dary","status":"publish","type":"page","link":"https:\/\/hubertpietka.bialystok.pl\/?page_id=4434","title":{"rendered":"\u017bycie i wiara \/ Bo\u017ce dary"},"content":{"rendered":"<p><strong>\u017bycie i wiara \/ Bo\u017ce dary<\/strong><\/p>\n<p>Je\u017celi wy na mocy dyspensy<br \/>\nW czasach pandemii<br \/>\nMogli\u015bcie nie uczestniczy\u0107 w niedzielnej Mszy \u015awi\u0119tej<br \/>\nCho\u0107 przykazanie Bo\u017ce m\u00f3wi<br \/>\n<em>Pami\u0119taj aby\u015b dzie\u0144 \u015bwi\u0119ty \u015bwieci\u0142<\/em><\/p>\n<p>Albo je\u015bli matka lub ojciec<br \/>\nCzuwa przy chorym dziecku<br \/>\nI nie mo\u017ce spe\u0142ni\u0107 ko\u015bcielnego obowi\u0105zku niedzielnego<\/p>\n<p>To dlaczego si\u0119 dziwicie<br \/>\nTym \u017ce kto\u015b przekracza<br \/>\nWskazania ko\u015bcielne<br \/>\nNawet nie przykazanie Bo\u017ce<br \/>\nW wa\u017cnej rzeczy<\/p>\n<p>I dlaczego mi nie pozwolicie<br \/>\nRobi\u0107 co nale\u017cy<br \/>\nAby ocali\u0107 \u017cony mojej \u017cycie<\/p>\n<p>Przekracza\u0107 nie tylko wskazania ko\u015bcielne<br \/>\nAle i przykazania Bo\u017ce<br \/>\nMo\u017cna tylko i wy\u0142\u0105cznie<br \/>\nAby ocala\u0107 \u017cycie<\/p>\n<p>S\u0142usznie Jezus m\u00f3wi\u0142<br \/>\n\u017be r\u00f3\u017cni faryzeusze ob\u0142udnicy<br \/>\nZmieniaj\u0105 przykazania Bo\u017ce<br \/>\nTylko dla ludzkich tradycji<\/p>\n<p>Prawo Bo\u017ce jest duchem<br \/>\nNie materi\u0105 martw\u0105<br \/>\nG\u0142\u00f3wnym przes\u0142aniem Bo\u017cego prawa<br \/>\nJest \u017cycie ocala\u0107<br \/>\nA wszystko inne s\u0142u\u017cy\u0107 temu w\u0142a\u015bnie ma<\/p>\n<p>\u017bycie i wiara<br \/>\nTo dwa najwi\u0119ksze Bo\u017ce dary<br \/>\nI te rzeczywisto\u015bci<br \/>\nS\u0105 koherentne nierozdzielne i bezwzgl\u0119dne<\/p>\n<p><a href=\"http:\/\/hubertpietka.bialystok.pl\/wp-content\/uploads\/2021\/08\/IMG_20210822_175557.jpg\"><img loading=\"lazy\" decoding=\"async\" class=\"alignnone size-thumbnail wp-image-4435\" src=\"http:\/\/hubertpietka.bialystok.pl\/wp-content\/uploads\/2021\/08\/IMG_20210822_175557-150x150.jpg\" alt=\"\" width=\"150\" height=\"150\" srcset=\"https:\/\/hubertpietka.bialystok.pl\/wp-content\/uploads\/2021\/08\/IMG_20210822_175557-150x150.jpg 150w, https:\/\/hubertpietka.bialystok.pl\/wp-content\/uploads\/2021\/08\/IMG_20210822_175557-75x75.jpg 75w\" sizes=\"auto, (max-width: 150px) 100vw, 150px\" \/><\/a><\/p>\n<p><em>Na zdj. Matka Bo\u017ca \u0141askawa<\/em><br \/>\n<em> Na warszawskim Mie\u015bcie Starym<\/em><br \/>\n<em> Po\u015bredniczka \u0141ask Wszelkich<\/em><br \/>\n<em> Udzielaj nam ich przez \u0142ask\u0119 sakramentu ma\u0142\u017ce\u0144stwa<\/em><br \/>\n<em> A poprzez nas tak\u017ce i tym kt\u00f3rzy s\u0105 wok\u00f3\u0142<\/em><\/p>\n<p><strong>Dzisiaj Maryi Kr\u00f3lowej<\/strong><br \/>\n<strong> Niech objawia si\u0119 chwa\u0142a twoja<\/strong><br \/>\n<strong> I w tobie Boga<\/strong><\/p>\n","protected":false},"excerpt":{"rendered":"<p>\u017bycie i wiara \/ Bo\u017ce dary Je\u017celi wy na mocy dyspensy W czasach pandemii Mogli\u015bcie nie uczestniczy\u0107 w niedzielnej Mszy \u015awi\u0119tej Cho\u0107 przykazanie Bo\u017ce m\u00f3wi&hellip; <\/p>\n","protected":false},"author":1,"featured_media":0,"parent":0,"menu_order":0,"comment_status":"closed","ping_status":"closed","template":"","meta":{"footnotes":""},"class_list":["post-4434","page","type-page","status-publish","hentry"],"_links":{"self":[{"href":"https:\/\/hubertpietka.bialystok.pl\/index.php?rest_route=\/wp\/v2\/pages\/4434","targetHints":{"allow":["GET"]}}],"collection":[{"href":"https:\/\/hubertpietka.bialystok.pl\/index.php?rest_route=\/wp\/v2\/pages"}],"about":[{"href":"https:\/\/hubertpietka.bialystok.pl\/index.php?rest_route=\/wp\/v2\/types\/page"}],"author":[{"embeddable":true,"href":"https:\/\/hubertpietka.bialystok.pl\/index.php?rest_route=\/wp\/v2\/users\/1"}],"replies":[{"embeddable":true,"href":"https:\/\/hubertpietka.bialystok.pl\/index.php?rest_route=%2Fwp%2Fv2%2Fcomments&post=4434"}],"version-history":[{"count":1,"href":"https:\/\/hubertpietka.bialystok.pl\/index.php?rest_route=\/wp\/v2\/pages\/4434\/revisions"}],"predecessor-version":[{"id":4436,"href":"https:\/\/hubertpietka.bialystok.pl\/index.php?rest_route=\/wp\/v2\/pages\/4434\/revisions\/4436"}],"wp:attachment":[{"href":"https:\/\/hubertpietka.bialystok.pl\/index.php?rest_route=%2Fwp%2Fv2%2Fmedia&parent=4434"}],"curies":[{"name":"wp","href":"https:\/\/api.w.org\/{rel}","templated":true}]}}