{"id":4439,"date":"2021-08-24T16:42:55","date_gmt":"2021-08-24T16:42:55","guid":{"rendered":"http:\/\/hubertpietka.bialystok.pl\/?page_id=4439"},"modified":"2021-08-24T21:40:42","modified_gmt":"2021-08-24T21:40:42","slug":"do-wspolbraci-w-chrystusie","status":"publish","type":"page","link":"https:\/\/hubertpietka.bialystok.pl\/?page_id=4439","title":{"rendered":"Do wsp\u00f3\u0142braci \/ w Chrystusie"},"content":{"rendered":"<p><em><strong>Do wsp\u00f3\u0142braci \/ w Chrystusie<\/strong><\/em><\/p>\n<p><strong>1.<\/strong> <em>Znale\u017ali\u015bmy Tego<\/em><br \/>\n<em> O kt\u00f3rym pisa\u0142 Moj\u017cesz i prorocy<\/em><br \/>\nJezusa Chrystusa \u015bwiata tego Zbawc\u0119<\/p>\n<p>Oby\u015bmy byli przed Nim czy\u015bci<br \/>\nI wobec siebie<br \/>\nI roztropni wobec \u015bwiata tego<\/p>\n<p><strong>2.<\/strong> I by nie by\u0142o w nas \u017cadnego podst\u0119pu<br \/>\nBy\u015bmy byli w Bogu prawdziwi<br \/>\nA nie jak ci<\/p>\n<p>Kt\u00f3rzy robi\u0105 parodi\u0119<br \/>\nNawet z najwi\u0119kszych \u015bwi\u0119to\u015bci<br \/>\nI nieobcy jest im podst\u0119p najgorszy<\/p>\n<p><a href=\"http:\/\/hubertpietka.bialystok.pl\/wp-content\/uploads\/2021\/08\/IMG_20210824_184116.jpg\"><img loading=\"lazy\" decoding=\"async\" class=\"alignnone size-thumbnail wp-image-4441\" src=\"http:\/\/hubertpietka.bialystok.pl\/wp-content\/uploads\/2021\/08\/IMG_20210824_184116-150x150.jpg\" alt=\"\" width=\"150\" height=\"150\" srcset=\"https:\/\/hubertpietka.bialystok.pl\/wp-content\/uploads\/2021\/08\/IMG_20210824_184116-150x150.jpg 150w, https:\/\/hubertpietka.bialystok.pl\/wp-content\/uploads\/2021\/08\/IMG_20210824_184116-75x75.jpg 75w\" sizes=\"auto, (max-width: 150px) 100vw, 150px\" \/><\/a><\/p>\n<p><em>Na zdj. Maryja i Jezus<\/em><br \/>\n<em>Eucharystyczny i Mi\u0142osierny to jedno<\/em><br \/>\n<em>W kaplicy adoracji toru\u0144skiego sanktuarium Maryi Gwiazdy Nowej Ewangelizacji<\/em><\/p>\n<p><strong>Dzi\u015b wspominany jest \u015bw. *Na-ta-na-el*<\/strong><br \/>\n<strong>Po\u0142o\u017cyli\u015bmy ufno\u015b\u0107 swoj\u0105 *na t\u0105 i na El*<\/strong><br \/>\n<strong>W Maryi i w Bogu z\u0142o\u017cyli\u015bmy ufno\u015b\u0107 swoj\u0105<\/strong><\/p>\n<p>B\u00f3g nie zawodzi<br \/>\nCho\u0107 czasem dzia\u0142a inaczej ni\u017c by si\u0119 chcia\u0142o<br \/>\nTak czy inaczej objawi si\u0119 Jego chwa\u0142a<\/p>\n<p>I nawet je\u015bli ci podstawiaj\u0105 podst\u0119pnie fa\u0142szywych ksi\u0119\u017cy<br \/>\nKpi\u0105c sobie z \u015bwi\u0119to\u015bci<br \/>\nI jak chocia\u017cby dzisiaj<br \/>\nTraktuj\u0105c instrumentalne nawet ludzk\u0105 niepe\u0142nosprawno\u015b\u0107<\/p>\n<p style=\"text-align: center;\"><a href=\"https:\/\/youtu.be\/XemOERlYd2E\"><em><strong>Nie \u015bcigaj si\u0119 z mi\u0142o\u015bci\u0105 &#8211; Marzena i Julia &#8211; podk\u0142ad Jangok<\/strong><\/em><\/a><\/p>\n","protected":false},"excerpt":{"rendered":"<p>Do wsp\u00f3\u0142braci \/ w Chrystusie 1. Znale\u017ali\u015bmy Tego O kt\u00f3rym pisa\u0142 Moj\u017cesz i prorocy Jezusa Chrystusa \u015bwiata tego Zbawc\u0119 Oby\u015bmy byli przed Nim czy\u015bci I&hellip; <\/p>\n","protected":false},"author":1,"featured_media":0,"parent":0,"menu_order":0,"comment_status":"closed","ping_status":"closed","template":"","meta":{"footnotes":""},"class_list":["post-4439","page","type-page","status-publish","hentry"],"_links":{"self":[{"href":"https:\/\/hubertpietka.bialystok.pl\/index.php?rest_route=\/wp\/v2\/pages\/4439","targetHints":{"allow":["GET"]}}],"collection":[{"href":"https:\/\/hubertpietka.bialystok.pl\/index.php?rest_route=\/wp\/v2\/pages"}],"about":[{"href":"https:\/\/hubertpietka.bialystok.pl\/index.php?rest_route=\/wp\/v2\/types\/page"}],"author":[{"embeddable":true,"href":"https:\/\/hubertpietka.bialystok.pl\/index.php?rest_route=\/wp\/v2\/users\/1"}],"replies":[{"embeddable":true,"href":"https:\/\/hubertpietka.bialystok.pl\/index.php?rest_route=%2Fwp%2Fv2%2Fcomments&post=4439"}],"version-history":[{"count":5,"href":"https:\/\/hubertpietka.bialystok.pl\/index.php?rest_route=\/wp\/v2\/pages\/4439\/revisions"}],"predecessor-version":[{"id":4448,"href":"https:\/\/hubertpietka.bialystok.pl\/index.php?rest_route=\/wp\/v2\/pages\/4439\/revisions\/4448"}],"wp:attachment":[{"href":"https:\/\/hubertpietka.bialystok.pl\/index.php?rest_route=%2Fwp%2Fv2%2Fmedia&parent=4439"}],"curies":[{"name":"wp","href":"https:\/\/api.w.org\/{rel}","templated":true}]}}