{"id":4459,"date":"2021-08-28T06:34:09","date_gmt":"2021-08-28T06:34:09","guid":{"rendered":"http:\/\/hubertpietka.bialystok.pl\/?page_id=4459"},"modified":"2021-08-28T06:34:09","modified_gmt":"2021-08-28T06:34:09","slug":"czystosc-intencji","status":"publish","type":"page","link":"https:\/\/hubertpietka.bialystok.pl\/?page_id=4459","title":{"rendered":"Czysto\u015b\u0107 \/ intencji"},"content":{"rendered":"<p><em><strong>Czysto\u015b\u0107<\/strong><strong> \/ intencji<\/strong><\/em><\/p>\n<p>Czy ja nie jestem wdzi\u0119czny<br \/>\nB\u00f3g zna moje serce<\/p>\n<p>Bezinteresowno\u015b\u0107 czysta prawdziwa<br \/>\nDo osobistego celu nie d\u0105\u017cy<br \/>\nSzczeg\u00f3lnie po usuni\u0119ciu przeszkody<\/p>\n<p>Czy\u017c nie zas\u0142uguje robotnik<br \/>\n\u017byj\u0105cy Bo\u017c\u0105 spraw\u0105<br \/>\nNa zap\u0142at\u0119 swoj\u0105 odpowiedni\u0105<\/p>\n<p>Oskar\u017cenia mno\u017cy<br \/>\nKto nie ma konkretnych podstaw<br \/>\nDla swojej postawy<\/p>\n<p><a href=\"http:\/\/hubertpietka.bialystok.pl\/wp-content\/uploads\/2021\/08\/IMG_20210828_081628.jpg\"><img loading=\"lazy\" decoding=\"async\" class=\"alignnone size-thumbnail wp-image-4460\" src=\"http:\/\/hubertpietka.bialystok.pl\/wp-content\/uploads\/2021\/08\/IMG_20210828_081628-150x150.jpg\" alt=\"\" width=\"150\" height=\"150\" srcset=\"https:\/\/hubertpietka.bialystok.pl\/wp-content\/uploads\/2021\/08\/IMG_20210828_081628-150x150.jpg 150w, https:\/\/hubertpietka.bialystok.pl\/wp-content\/uploads\/2021\/08\/IMG_20210828_081628-75x75.jpg 75w\" sizes=\"auto, (max-width: 150px) 100vw, 150px\" \/><\/a><\/p>\n<p><em>Na zdj. \u015aw. Micha\u0142 Archanio\u0142<\/em><br \/>\n<em> A w tle \u015bw. Jan Pawe\u0142 II<\/em><br \/>\n<em> W sanktuarium Maryi Gwiazdy Nowej Ewangelizacji w Toruniu<\/em><br \/>\n<em> Postawa oskar\u017cycielska ma swe \u017ar\u00f3d\u0142o<\/em><br \/>\n<em> Bynajmniej nie w sprawach Bo\u017cych<\/em><br \/>\n<em> \u015aw. Michale Archaniele pomagaj j\u0105 nam prze\u0142amywa\u0107<\/em><br \/>\n<em> A ty \u015bw. Janie Pawle II w naszych d\u0105\u017ceniach nas wspieraj<\/em><\/p>\n<p><strong>Wczoraj \u015bw. Moniki a dzi\u015b wspomnienie \u015bw. Augustyna<\/strong><br \/>\n<strong> \u015aw. Monika nie szuka\u0142a r\u00f3\u017cnych korzy\u015bci osobistych<\/strong><br \/>\n<strong> Lecz modli\u0142a si\u0119 za swego syna<\/strong><br \/>\n<strong> Owocem jej d\u0105\u017ce\u0144 by\u0142a \u015bwi\u0119to\u015b\u0107<\/strong><br \/>\n<strong> W\u0142asna i syna swego<\/strong><br \/>\n<strong> M\u00f3dlcie si\u0119 za nami<\/strong><br \/>\n<strong> Aby\u015bmy do Boga d\u0105\u017cyli w pokorze i prawdzie<\/strong><br \/>\n<strong> Nawracaj\u0105c swoje serce nieustannie<\/strong><\/p>\n<p>75 rocznica te\u017c \u015bmierci Inki dzisiaj<br \/>\nOby si\u0119 to ju\u017c nigdy nie powtarza\u0142o<br \/>\nNiesprawiedliwa \u015bmier\u0107 niewinnych<\/p>\n","protected":false},"excerpt":{"rendered":"<p>Czysto\u015b\u0107 \/ intencji Czy ja nie jestem wdzi\u0119czny B\u00f3g zna moje serce Bezinteresowno\u015b\u0107 czysta prawdziwa Do osobistego celu nie d\u0105\u017cy Szczeg\u00f3lnie po usuni\u0119ciu przeszkody Czy\u017c&hellip; <\/p>\n","protected":false},"author":1,"featured_media":0,"parent":0,"menu_order":0,"comment_status":"closed","ping_status":"closed","template":"","meta":{"footnotes":""},"class_list":["post-4459","page","type-page","status-publish","hentry"],"_links":{"self":[{"href":"https:\/\/hubertpietka.bialystok.pl\/index.php?rest_route=\/wp\/v2\/pages\/4459","targetHints":{"allow":["GET"]}}],"collection":[{"href":"https:\/\/hubertpietka.bialystok.pl\/index.php?rest_route=\/wp\/v2\/pages"}],"about":[{"href":"https:\/\/hubertpietka.bialystok.pl\/index.php?rest_route=\/wp\/v2\/types\/page"}],"author":[{"embeddable":true,"href":"https:\/\/hubertpietka.bialystok.pl\/index.php?rest_route=\/wp\/v2\/users\/1"}],"replies":[{"embeddable":true,"href":"https:\/\/hubertpietka.bialystok.pl\/index.php?rest_route=%2Fwp%2Fv2%2Fcomments&post=4459"}],"version-history":[{"count":1,"href":"https:\/\/hubertpietka.bialystok.pl\/index.php?rest_route=\/wp\/v2\/pages\/4459\/revisions"}],"predecessor-version":[{"id":4461,"href":"https:\/\/hubertpietka.bialystok.pl\/index.php?rest_route=\/wp\/v2\/pages\/4459\/revisions\/4461"}],"wp:attachment":[{"href":"https:\/\/hubertpietka.bialystok.pl\/index.php?rest_route=%2Fwp%2Fv2%2Fmedia&parent=4459"}],"curies":[{"name":"wp","href":"https:\/\/api.w.org\/{rel}","templated":true}]}}