{"id":4472,"date":"2021-09-01T07:11:24","date_gmt":"2021-09-01T07:11:24","guid":{"rendered":"http:\/\/hubertpietka.bialystok.pl\/?page_id=4472"},"modified":"2021-09-01T07:39:09","modified_gmt":"2021-09-01T07:39:09","slug":"manewry-potrzebne-mocne-nerwy","status":"publish","type":"page","link":"https:\/\/hubertpietka.bialystok.pl\/?page_id=4472","title":{"rendered":"R\u00f3\u017cne manewry \/ potrzebne mocne nerwy"},"content":{"rendered":"<p><em><strong>R\u00f3\u017cne manewry \/ potrzebne mocne nerwy<\/strong><\/em><\/p>\n<p>Dzi\u015b dzieci id\u0105 do szko\u0142y<br \/>\nJak w &#8217;39<br \/>\nJan Pawe\u0142 II zawsze m\u00f3wi\u0142<br \/>\nNigdy wi\u0119cej wojny<\/p>\n<p>A podobno tymczasem<br \/>\nNa granicy polsko-bia\u0142oruskiej<br \/>\nGromadzone s\u0105 wojska<\/p>\n<p>Manewry ruskie i ma\u0142o-ruskie<br \/>\nNie po raz pierwszy w tym miejscu<br \/>\nWojny nigdy wi\u0119cej<\/p>\n<p>Oby nie mia\u0142 racji<br \/>\n\u015ap. Prezydent prof. Lech Kaczy\u0144ski<br \/>\nKt\u00f3ry zgin\u0105\u0142 w Smole\u0144sku<br \/>\n\u017be najpierw Gruzja<br \/>\nPotem Ukraina i kraje ba\u0142tyckie<br \/>\nA mo\u017ce Polska potem<br \/>\nCzy\u017cby to by\u0142y s\u0142owa prorocze<\/p>\n<p><a href=\"http:\/\/hubertpietka.bialystok.pl\/wp-content\/uploads\/2021\/09\/IMG_20210901_090618.jpg\"><img loading=\"lazy\" decoding=\"async\" class=\"alignnone size-thumbnail wp-image-4473\" src=\"http:\/\/hubertpietka.bialystok.pl\/wp-content\/uploads\/2021\/09\/IMG_20210901_090618-150x150.jpg\" alt=\"\" width=\"150\" height=\"150\" srcset=\"https:\/\/hubertpietka.bialystok.pl\/wp-content\/uploads\/2021\/09\/IMG_20210901_090618-150x150.jpg 150w, https:\/\/hubertpietka.bialystok.pl\/wp-content\/uploads\/2021\/09\/IMG_20210901_090618-75x75.jpg 75w\" sizes=\"auto, (max-width: 150px) 100vw, 150px\" \/><\/a><\/p>\n<p><em>Na zdj. Matka Bo\u017ca Solidarno\u015bci Mi\u0119dzyludzkiej<\/em><br \/>\n<em> W ko\u015bciele \u015bw. Piotra wadowickim<\/em><br \/>\n<em> Tutaj modli\u0142 si\u0119 Jan Pawe\u0142 II<\/em><br \/>\n<em> Potrzeba du\u017co modlitwy<\/em><br \/>\n<em> I solidarno\u015bci ludzkiej og\u00f3lnej<\/em><br \/>\n<em> Wojny nigdy wi\u0119cej<\/em><br \/>\n<em> M\u00f3dlmy si\u0119<\/em><\/p>\n<p><strong>Dzi\u015b Maryi Kr\u00f3lowej Pokoju<\/strong><br \/>\n<strong> Wstawiaj si\u0119 za nami<\/strong><br \/>\n<strong> By zosta\u0142y prze\u0142amane<\/strong><br \/>\n<strong> D\u0105\u017cenia z\u0142owrogie<\/strong><br \/>\n<strong> Nigdy wi\u0119cej wojny<\/strong><\/p>\n<p style=\"text-align: center;\"><a href=\"https:\/\/youtu.be\/TPpGcRlyLTU\"><em><strong>Lao Che &#8211; Wojenka<\/strong><\/em><\/a><\/p>\n<p>Ps. I dzisiaj na Bia\u0142oborzu rano ju\u017c standardowo<br \/>\nJak przed wyjazdem<br \/>\nDziwne manewry<br \/>\n<em>Twoja twarz brzmi znajomo<\/em><br \/>\nNa bia\u0142o-czerwono<br \/>\nNa czarno-szaro<br \/>\nI jeszcze granatowo<br \/>\nKomu ma to s\u0142u\u017cy\u0107<br \/>\nCzy\u017c ju\u017c nie wystarczy tej<br \/>\nDla mnie zabawy do\u015b\u0107 neurotycznej<\/p>\n","protected":false},"excerpt":{"rendered":"<p>R\u00f3\u017cne manewry \/ potrzebne mocne nerwy Dzi\u015b dzieci id\u0105 do szko\u0142y Jak w &#8217;39 Jan Pawe\u0142 II zawsze m\u00f3wi\u0142 Nigdy wi\u0119cej wojny A podobno tymczasem&hellip; <\/p>\n","protected":false},"author":1,"featured_media":0,"parent":0,"menu_order":0,"comment_status":"closed","ping_status":"closed","template":"","meta":{"footnotes":""},"class_list":["post-4472","page","type-page","status-publish","hentry"],"_links":{"self":[{"href":"https:\/\/hubertpietka.bialystok.pl\/index.php?rest_route=\/wp\/v2\/pages\/4472","targetHints":{"allow":["GET"]}}],"collection":[{"href":"https:\/\/hubertpietka.bialystok.pl\/index.php?rest_route=\/wp\/v2\/pages"}],"about":[{"href":"https:\/\/hubertpietka.bialystok.pl\/index.php?rest_route=\/wp\/v2\/types\/page"}],"author":[{"embeddable":true,"href":"https:\/\/hubertpietka.bialystok.pl\/index.php?rest_route=\/wp\/v2\/users\/1"}],"replies":[{"embeddable":true,"href":"https:\/\/hubertpietka.bialystok.pl\/index.php?rest_route=%2Fwp%2Fv2%2Fcomments&post=4472"}],"version-history":[{"count":4,"href":"https:\/\/hubertpietka.bialystok.pl\/index.php?rest_route=\/wp\/v2\/pages\/4472\/revisions"}],"predecessor-version":[{"id":4478,"href":"https:\/\/hubertpietka.bialystok.pl\/index.php?rest_route=\/wp\/v2\/pages\/4472\/revisions\/4478"}],"wp:attachment":[{"href":"https:\/\/hubertpietka.bialystok.pl\/index.php?rest_route=%2Fwp%2Fv2%2Fmedia&parent=4472"}],"curies":[{"name":"wp","href":"https:\/\/api.w.org\/{rel}","templated":true}]}}