{"id":4481,"date":"2021-09-03T08:30:03","date_gmt":"2021-09-03T08:30:03","guid":{"rendered":"http:\/\/hubertpietka.bialystok.pl\/?page_id=4481"},"modified":"2021-09-03T08:30:03","modified_gmt":"2021-09-03T08:30:03","slug":"pola-i-walki-moje","status":"publish","type":"page","link":"https:\/\/hubertpietka.bialystok.pl\/?page_id=4481","title":{"rendered":"Pola \/ i walki moje"},"content":{"rendered":"<p><em><strong>Pola \/ i walki moje<\/strong><\/em><\/p>\n<p>Maj\u0105 wobec mnie<br \/>\nTrzy zasadnicze pola dzia\u0142ania<\/p>\n<p><strong>1.<\/strong> Maj\u0105 przyj\u015b\u0107 po mnie<br \/>\nAby mnie pojma\u0107 i wyko\u0144czy\u0107<\/p>\n<p><strong>2.<\/strong> <em>Twoja twarz brzmi znajomo<\/em><br \/>\nW r\u00f3\u017cnych zas\u0142onach<br \/>\nNawet i dzisiaj<br \/>\nW ich standardowej godzinie<br \/>\nRano od 8 do 9<br \/>\nI czarna Insygnia i trzydziestka i wreszcie Caddy szary<br \/>\nI co\u015b tam chyba jeszcze<br \/>\nA mo\u017ce trzeba postawi\u0107 jak\u0105\u015b grub\u0105 kresk\u0119<br \/>\nIle i jak d\u0142ugo tego jeszcze<\/p>\n<p><strong>3.<\/strong> Fa\u0142szywi ksi\u0119\u017ca i niby sakramenty<br \/>\nAle w sumie to nie moje grzechy<br \/>\nBo ja w sumie w duchu wiary szczerej<br \/>\nMog\u0119 prze\u017cywa\u0107 te rzeczywisto\u015bci<br \/>\nNie zwa\u017caj\u0105c na te profanacje<br \/>\nB\u00f3g wska\u017ce drog\u0119<br \/>\nTak ufam i w tej materii odpowiednio<\/p>\n<p>Te trzy rzeczy<br \/>\nMaj\u0105 wie\u015b\u0107 do zguby mojej<br \/>\nI razem i roz\u0142\u0105cznie<br \/>\nJest i czwarta rzeczywisto\u015b\u0107<br \/>\nKt\u00f3ra ma do tego prowadzi\u0107<br \/>\nMojej \u017cony zabicie<br \/>\nW spos\u00f3b inny czy taki tak czy inaczej<br \/>\nI ja mam wyrzec si\u0119 jakiejkolwiek obrony mojej \u017cony<br \/>\nWtedy b\u0119d\u0119 poczytalny<br \/>\nA je\u015bli ona zginie<br \/>\nTo oczywi\u015bcie tak by\u0107 mia\u0142o<br \/>\nAle ufam \u017ce tak si\u0119 nie stanie<br \/>\nI \u017ce B\u00f3g odpowiednio dopomo\u017ce w jej obronie<\/p>\n<p><a href=\"http:\/\/hubertpietka.bialystok.pl\/wp-content\/uploads\/2021\/09\/IMG_20210903_095954.jpg\"><img loading=\"lazy\" decoding=\"async\" class=\"alignnone size-thumbnail wp-image-4482\" src=\"http:\/\/hubertpietka.bialystok.pl\/wp-content\/uploads\/2021\/09\/IMG_20210903_095954-150x150.jpg\" alt=\"\" width=\"150\" height=\"150\" srcset=\"https:\/\/hubertpietka.bialystok.pl\/wp-content\/uploads\/2021\/09\/IMG_20210903_095954-150x150.jpg 150w, https:\/\/hubertpietka.bialystok.pl\/wp-content\/uploads\/2021\/09\/IMG_20210903_095954-75x75.jpg 75w\" sizes=\"auto, (max-width: 150px) 100vw, 150px\" \/><\/a><\/p>\n<p><em>Na zdj. W ko\u015bciele \u015bw. Piotra wadowickim<\/em><br \/>\n<em> Naj\u015bwi\u0119tsze Serce Jezusa i Maryja<\/em><br \/>\n<em> Trzeba modli\u0107 si\u0119 przeb\u0142agalnie<\/em><br \/>\n<em> Za tak wiele grzech\u00f3w<\/em><br \/>\n<em> Dzi\u015b pierwszy pi\u0105tek miesi\u0105ca<\/em><br \/>\n<em> To okazja do tego dobra<\/em><br \/>\n<em> I mimo \u017ce to nie moje grzechy<\/em><br \/>\n<em> Bolej\u0119 nad nimi wszystkimi<\/em><br \/>\n<em> A co dopiero Jezus<\/em><\/p>\n<p><strong>Dzisiaj \u015bw. Grzegorza Wielkiego<\/strong><br \/>\n<strong> Grzech to odmiana jego imienia<\/strong><br \/>\n<strong> Grzechy wielkie i ci\u0119\u017ckie wok\u00f3\u0142<\/strong><br \/>\n<strong> Niech B\u00f3g mierzy mi\u0142osierdziem swoim<\/strong><br \/>\n<strong>A mi pomo\u017ce odnajdywa\u0107 si\u0119 w tym wszystkim w\u0142a\u015bciwie<\/strong><br \/>\n<strong>Na Jego miar\u0119<\/strong><\/p>\n<p style=\"text-align: right;\"><a href=\"https:\/\/youtu.be\/KIXE5myWV0k\"><em><strong>Pola &#8211; Muniek Staszczyk<\/strong><\/em><\/a><\/p>\n","protected":false},"excerpt":{"rendered":"<p>Pola \/ i walki moje Maj\u0105 wobec mnie Trzy zasadnicze pola dzia\u0142ania 1. Maj\u0105 przyj\u015b\u0107 po mnie Aby mnie pojma\u0107 i wyko\u0144czy\u0107 2. Twoja twarz&hellip; <\/p>\n","protected":false},"author":1,"featured_media":0,"parent":0,"menu_order":0,"comment_status":"closed","ping_status":"closed","template":"","meta":{"footnotes":""},"class_list":["post-4481","page","type-page","status-publish","hentry"],"_links":{"self":[{"href":"https:\/\/hubertpietka.bialystok.pl\/index.php?rest_route=\/wp\/v2\/pages\/4481","targetHints":{"allow":["GET"]}}],"collection":[{"href":"https:\/\/hubertpietka.bialystok.pl\/index.php?rest_route=\/wp\/v2\/pages"}],"about":[{"href":"https:\/\/hubertpietka.bialystok.pl\/index.php?rest_route=\/wp\/v2\/types\/page"}],"author":[{"embeddable":true,"href":"https:\/\/hubertpietka.bialystok.pl\/index.php?rest_route=\/wp\/v2\/users\/1"}],"replies":[{"embeddable":true,"href":"https:\/\/hubertpietka.bialystok.pl\/index.php?rest_route=%2Fwp%2Fv2%2Fcomments&post=4481"}],"version-history":[{"count":2,"href":"https:\/\/hubertpietka.bialystok.pl\/index.php?rest_route=\/wp\/v2\/pages\/4481\/revisions"}],"predecessor-version":[{"id":4484,"href":"https:\/\/hubertpietka.bialystok.pl\/index.php?rest_route=\/wp\/v2\/pages\/4481\/revisions\/4484"}],"wp:attachment":[{"href":"https:\/\/hubertpietka.bialystok.pl\/index.php?rest_route=%2Fwp%2Fv2%2Fmedia&parent=4481"}],"curies":[{"name":"wp","href":"https:\/\/api.w.org\/{rel}","templated":true}]}}