{"id":4494,"date":"2021-09-05T14:53:13","date_gmt":"2021-09-05T14:53:13","guid":{"rendered":"http:\/\/hubertpietka.bialystok.pl\/?page_id=4494"},"modified":"2021-09-07T10:45:42","modified_gmt":"2021-09-07T10:45:42","slug":"wola-boza-jest-bezwzglednie-ocalenie","status":"publish","type":"page","link":"https:\/\/hubertpietka.bialystok.pl\/?page_id=4494","title":{"rendered":"Wol\u0105 Bo\u017c\u0105 jest bezwzgl\u0119dnie \/ ocalenie"},"content":{"rendered":"<p><em><strong>Wol\u0105 Bo\u017c\u0105 jest bezwzgl\u0119dnie \/ ocalenie<\/strong><\/em><\/p>\n<p><strong>1.<\/strong> Czy\u017c nie jest wol\u0105 Bo\u017c\u0105<br \/>\nWypuszcza\u0107 na wolno\u015b\u0107 uwi\u0119zionych<br \/>\nOg\u0142asza\u0107 rok \u0142aski<br \/>\nOcala\u0107 skazanych<br \/>\nA nie wi\u0119zi\u0107 zabija\u0107 skazywa\u0107<\/p>\n<p><strong>2.\u00a0<\/strong>Wol\u0105 Bo\u017c\u0105 jest bezwzgl\u0119dnie ocalenie<br \/>\nA je\u015bli nie to trzeba rozpatrze\u0107 nast\u0119puj\u0105ce kwestie<\/p>\n<p><em>Twoja twarz brzmi znajomo<\/em><br \/>\nPozw\u00f3lcie \u017ce wr\u00f3c\u0119 do niej<br \/>\nNa zasadzie obrazuj\u0105cej<\/p>\n<p>Kowboj czy ch\u0142opaczyna biedny<br \/>\nNa rowerze na motorze pieszo czy przy samochodzie<br \/>\nMa zawsze jedn\u0105 wsp\u00f3ln\u0105 cech\u0119<br \/>\nKt\u00f3rej nie zmieni \u017cadna maska ubranie czy charakteryzacja<\/p>\n<p>Co B\u00f3g mi pozna\u0107 pozwoli\u0142 to wa\u017cne<br \/>\nAle jest te\u017c jeden wsp\u00f3lny mianownik tych wszystkich postaci<br \/>\nI nawet gender i str\u00f3j kobiecy nie wiele by tu zmieni\u0142<br \/>\nOn niejako zdradza\u0142 sam siebie<br \/>\nNatury nie oszuka si\u0119 raczej<\/p>\n<p>A mianowicie<br \/>\nKrzywe n\u00f3\u017cki jak u kaczuszki<br \/>\nSam mam krzywe<br \/>\nAle to cecha charakterystyczna<br \/>\nKt\u00f3ra pozwala\u0142a mi go rozpozna\u0107<\/p>\n<p>Wobec tego<br \/>\nSkoro sam si\u0119 zdradza\u0142<br \/>\nNie wa\u017cne \u017ce nie\u015bwiadomie<br \/>\nTo mo\u017ce i wobec niego<br \/>\nNale\u017ca\u0142oby przewidzie\u0107 taki sam wymiar<\/p>\n<p><strong>3.<\/strong> Jest powszechnie znane do\u015b\u0107 powiedzenie<br \/>\n\u017be rewolucja zabija w\u0142asne dzieci<br \/>\nW konsekwencji i w efekcie<br \/>\nPoch\u0142ania tych kt\u00f3rzy jej s\u0142u\u017c\u0105<br \/>\nTak samo dzia\u0142a nieprzyjaciel Boga<\/p>\n<p><a href=\"http:\/\/hubertpietka.bialystok.pl\/wp-content\/uploads\/2021\/09\/IMG_20210905_163738.jpg\"><img loading=\"lazy\" decoding=\"async\" class=\"alignnone size-thumbnail wp-image-4495\" src=\"http:\/\/hubertpietka.bialystok.pl\/wp-content\/uploads\/2021\/09\/IMG_20210905_163738-150x150.jpg\" alt=\"\" width=\"150\" height=\"150\" srcset=\"https:\/\/hubertpietka.bialystok.pl\/wp-content\/uploads\/2021\/09\/IMG_20210905_163738-150x150.jpg 150w, https:\/\/hubertpietka.bialystok.pl\/wp-content\/uploads\/2021\/09\/IMG_20210905_163738-75x75.jpg 75w\" sizes=\"auto, (max-width: 150px) 100vw, 150px\" \/><\/a><\/p>\n<p><em>Na zdj. Kamie\u0144 przy klasztorze si\u00f3str norbertanek w Krakowie<\/em><br \/>\n<em> Postawiony ku upami\u0119tnieniu przej\u015bcia kr\u00f3la Jana III Sobieskiego<\/em><br \/>\n<em> Przez to miejsce<\/em><br \/>\n<em> W drodze ku Wiktorii Wiede\u0144skiej<\/em><\/p>\n<p><strong>Dzi\u015b \u015bw. Wiktoryna<\/strong><br \/>\n<strong> Kt\u00f3rego imi\u0119 pochodzi od wiktorii<\/strong><br \/>\n<strong> Czyli od zwyci\u0119stwa<\/strong><br \/>\n<strong> Niech B\u00f3g przezwyci\u0119\u017ca to wszystko<\/strong><br \/>\n<strong> Co nie jest z Niego i przeciwstawia si\u0119 Bogu<\/strong><\/p>\n<hr \/>\n<p><em><strong>Dopisek w dzie\u0144 kolejny po napisaniu wiersza<\/strong><\/em><\/p>\n<p><em>Jak dalej<\/em><\/p>\n<p><strong>Ps. 1<\/strong><br \/>\nS\u0105siedzie drogi<br \/>\nKto mieszka u ciebie jest bywa<br \/>\nZ kim to przyj\u015b\u0107 masz<\/p>\n<p>(Maj\u0105 w sumie trzy mo\u017ce cztery drogi po mnie<br \/>\nWszystkie nie do ko\u0144ca legalne<\/p>\n<p>1. Mog\u0105 si\u0119 wedrze\u0107 na posesje<br \/>\nPokona\u0107 ogrodzenie<br \/>\nBez zezwolenia w\u0142a\u015bciciela<\/p>\n<p>2. Mog\u0105 te\u017c wykorzysta\u0107 s\u0105siedztwo<br \/>\nPotencjalne zezwolenie nie zawsze jest jednak<br \/>\nZgodne ze stanem faktycznym<br \/>\nI nawet je\u015bli maj\u0105 klucze<br \/>\nI je\u015bli nawet zezwoli\u0142 lokator<br \/>\nTo czy zgodzi\u0142 si\u0119 w\u0142a\u015bciciel na to<br \/>\nPotencjalnie nie znaczy<br \/>\nZgodnie ze stanem realnym<br \/>\nW\u0142a\u015bciciel jest od lokatora wa\u017cniejszy<\/p>\n<p>3. Wykorzysta\u0107 podst\u0119p<br \/>\nI przyj\u015b\u0107 od tej strony<br \/>\nGdzie przeszk\u00f3d ju\u017c nie b\u0119d\u0105 potem mieli<\/p>\n<p><strong>Ps. 2<\/strong> A teraz dr\u017cyj w\u0142a\u015bcicielu<br \/>\nA zreszt\u0105 ju\u017c od do\u015b\u0107 dawna wyko\u0144czy\u0107 ci\u0119 maj\u0105<br \/>\nTo pow\u00f3d kolejny<\/p>\n<p>Przecie\u017c je\u015bli zmieni si\u0119 w\u0142a\u015bciciel<br \/>\nWszystko mo\u017ce by\u0107 prostsze<br \/>\nLokator mo\u017ce tylko ewentualnie zaprosi\u0107<br \/>\nA w\u0142a\u015bciciel ju\u017c wszystko mo\u017ce<\/p>\n<p>Czy\u017c w\u0142a\u015bciciel nie mo\u017ce zrobi\u0107<br \/>\nTego co chce ze swoim<br \/>\nCzy\u017c tylko mi akurat tego nie wolno<\/p>\n<p><a href=\"http:\/\/hubertpietka.bialystok.pl\/wp-content\/uploads\/2021\/09\/IMG_20210906_224450.jpg\"><img loading=\"lazy\" decoding=\"async\" class=\"alignnone size-thumbnail wp-image-4501\" src=\"http:\/\/hubertpietka.bialystok.pl\/wp-content\/uploads\/2021\/09\/IMG_20210906_224450-150x150.jpg\" alt=\"\" width=\"150\" height=\"150\" srcset=\"https:\/\/hubertpietka.bialystok.pl\/wp-content\/uploads\/2021\/09\/IMG_20210906_224450-150x150.jpg 150w, https:\/\/hubertpietka.bialystok.pl\/wp-content\/uploads\/2021\/09\/IMG_20210906_224450-75x75.jpg 75w\" sizes=\"auto, (max-width: 150px) 100vw, 150px\" \/><\/a><\/p>\n<p><em>Na zdj. Jan Pawe\u0142 II w klasztorze tynieckim<\/em><br \/>\n<em> Bywa\u0142 tam wiele razy<\/em><br \/>\n<em> Mi\u0119dzy innymi na rekolekcjach<\/em><br \/>\n<em> Jak wida\u0107 fa\u0142szowa\u0107 mo\u017cna wszystko<\/em><br \/>\n<em> Nawet *brew-iarz* modlitw\u0119 kap\u0142a\u0144sk\u0105<\/em><br \/>\n<em> *Ty-niec* a *ty nic* no nie<\/em><br \/>\n<em> Zaprotestowa\u0107 trzeba fa\u0142szerstwa wszelkie<\/em><br \/>\n<em> *Brew ja a\u017c* na to marszczy\u0107 zawsze b\u0119d\u0119<\/em><\/p>\n<p><strong>Dzi\u015b wspominany jest \u015bw. Magnus z *Fu-ssen*<\/strong><br \/>\n<strong> Imi\u0119 jego znaczy wielki<\/strong><br \/>\n<strong> Jak Jan Pawe\u0142 II Jan III Sobieski<\/strong><br \/>\n<strong> A *fu sen* to<\/strong><br \/>\n<strong> Niech to wszystko minie jak z\u0142y sen<\/strong><br \/>\n<strong> To wszystko co z Boga na pewno nie jest<\/strong><br \/>\n<strong> I nie ma wiele wsp\u00f3lnego z pi\u0119knem prawd\u0105 dobrem<\/strong><\/p>\n<p style=\"text-align: right;\"><a href=\"https:\/\/youtu.be\/i5L13qzmSPQ\"><em><strong>Ha\u0144ba &#8211; \u017bandarm #polandrock2021<\/strong><\/em><\/a><\/p>\n<hr \/>\n<p><em>Resp.<\/em><br \/>\nI czy to nie jest tak czasem<br \/>\n\u017be niepoczytalny jestem<br \/>\nW tym co ich mierzi najbardziej im przeszkadza<br \/>\nI czy\u017c nie jest tak<br \/>\n\u017be przyj\u015b\u0107 w\u0142a\u015bnie maj\u0105<br \/>\nI dlatego mnie niepoczytalnym czyni\u0105<\/p>\n<p><em>Ad. 4 Dopisek w dzie\u0144 po dopisku kolejny jednak konieczny<\/em><\/p>\n<p>Jest i droga czwarta niestety<br \/>\n\u017be kto\u015b im otworzy zaprosi ich i wprowadzi<br \/>\nPotencjalna ale jednak bardzo realna<\/p>\n","protected":false},"excerpt":{"rendered":"<p>Wol\u0105 Bo\u017c\u0105 jest bezwzgl\u0119dnie \/ ocalenie 1. Czy\u017c nie jest wol\u0105 Bo\u017c\u0105 Wypuszcza\u0107 na wolno\u015b\u0107 uwi\u0119zionych Og\u0142asza\u0107 rok \u0142aski Ocala\u0107 skazanych A nie wi\u0119zi\u0107 zabija\u0107&hellip; <\/p>\n","protected":false},"author":1,"featured_media":0,"parent":0,"menu_order":0,"comment_status":"closed","ping_status":"closed","template":"","meta":{"footnotes":""},"class_list":["post-4494","page","type-page","status-publish","hentry"],"_links":{"self":[{"href":"https:\/\/hubertpietka.bialystok.pl\/index.php?rest_route=\/wp\/v2\/pages\/4494","targetHints":{"allow":["GET"]}}],"collection":[{"href":"https:\/\/hubertpietka.bialystok.pl\/index.php?rest_route=\/wp\/v2\/pages"}],"about":[{"href":"https:\/\/hubertpietka.bialystok.pl\/index.php?rest_route=\/wp\/v2\/types\/page"}],"author":[{"embeddable":true,"href":"https:\/\/hubertpietka.bialystok.pl\/index.php?rest_route=\/wp\/v2\/users\/1"}],"replies":[{"embeddable":true,"href":"https:\/\/hubertpietka.bialystok.pl\/index.php?rest_route=%2Fwp%2Fv2%2Fcomments&post=4494"}],"version-history":[{"count":8,"href":"https:\/\/hubertpietka.bialystok.pl\/index.php?rest_route=\/wp\/v2\/pages\/4494\/revisions"}],"predecessor-version":[{"id":4511,"href":"https:\/\/hubertpietka.bialystok.pl\/index.php?rest_route=\/wp\/v2\/pages\/4494\/revisions\/4511"}],"wp:attachment":[{"href":"https:\/\/hubertpietka.bialystok.pl\/index.php?rest_route=%2Fwp%2Fv2%2Fmedia&parent=4494"}],"curies":[{"name":"wp","href":"https:\/\/api.w.org\/{rel}","templated":true}]}}