{"id":4506,"date":"2021-09-07T08:41:27","date_gmt":"2021-09-07T08:41:27","guid":{"rendered":"http:\/\/hubertpietka.bialystok.pl\/?page_id=4506"},"modified":"2021-09-07T08:41:27","modified_gmt":"2021-09-07T08:41:27","slug":"piosenka-o-starym-domku","status":"publish","type":"page","link":"https:\/\/hubertpietka.bialystok.pl\/?page_id=4506","title":{"rendered":"Piosenka \/ o starym domku"},"content":{"rendered":"<p><em><strong>Piosenka \/ o starym domku<\/strong><\/em><\/p>\n<p><em>Ref.<br \/>\nTeraz za chwil\u0119 czy za chwil par\u0119<br \/>\nI je\u015bli cokolwiek cokolwieczunio nawet<\/em><\/p>\n<p><strong>1.<\/strong> A ci przyj\u015b\u0107 maj\u0105<br \/>\nZe strony lewej czy prawej starego domu<br \/>\nW taki czy inny spos\u00f3b<\/p>\n<p><em>Ref.<\/em><\/p>\n<p><strong>2.<\/strong> A z moj\u0105 \u017con\u0105 co\u015b z\u0142ego sta\u0107 si\u0119 ma tu<br \/>\nPodobnie\u017c z tym psem<br \/>\nPod takim czy innym pretekstem<\/p>\n<p><em>Ref.<\/em><\/p>\n<p><strong>3.<\/strong> Po mnie w nas lub w nasze<br \/>\nTak czy inaczej<br \/>\nDla nich byle pretekst<\/p>\n<p><em>Ref.<\/em><\/p>\n<p><a href=\"http:\/\/hubertpietka.bialystok.pl\/wp-content\/uploads\/2021\/09\/IMG_20210907_102524.jpg\"><img loading=\"lazy\" decoding=\"async\" class=\"alignnone size-thumbnail wp-image-4507\" src=\"http:\/\/hubertpietka.bialystok.pl\/wp-content\/uploads\/2021\/09\/IMG_20210907_102524-150x150.jpg\" alt=\"\" width=\"150\" height=\"150\" srcset=\"https:\/\/hubertpietka.bialystok.pl\/wp-content\/uploads\/2021\/09\/IMG_20210907_102524-150x150.jpg 150w, https:\/\/hubertpietka.bialystok.pl\/wp-content\/uploads\/2021\/09\/IMG_20210907_102524-75x75.jpg 75w\" sizes=\"auto, (max-width: 150px) 100vw, 150px\" \/><\/a><\/p>\n<p><em>Na zdj. Stary domek kt\u00f3ry ju\u017c nie nale\u017cy do nas<\/em><br \/>\n<em> A na pierwszym planie kadru s\u0142oneczniki ozdobne<\/em><br \/>\n<em> Daj nam Panie cho\u0107 taki stary domek<\/em><br \/>\n<em> Ale spokojny bezpieczny<\/em><br \/>\n<em> Bo nie chc\u0105 nas przyj\u0105\u0107 pozwoli\u0107 \u017cy\u0107 nawet w stajni<\/em><br \/>\n<em> Cho\u0107 ta do nas nale\u017cy<\/em><br \/>\n<em> A s\u0142oneczniki to prezent dla mojej \u017cony<\/em><br \/>\n<em> Od dziecka kt\u00f3re ma szczere i czyste serce<\/em><br \/>\n<em> Niestety nie wszyscy maj\u0105 takie<\/em><\/p>\n<p><strong>Dzi\u015b \u015bw. Ignacego K\u0142opotowskiego<\/strong><br \/>\n<strong> Kt\u00f3ry odtworzy\u0142 domek Maryi<\/strong><br \/>\n<strong> Matko Bo\u017ca Loreta\u0144ska<\/strong><br \/>\n<strong> Udzielaj nam swego schronienia<\/strong><br \/>\n<strong> Tam gdzie go nam da\u0107 nigdzie nie chc\u0105<\/strong><br \/>\n<strong> Paradoksalnie i mimo wszystko<\/strong><br \/>\n<strong> W Tobie chronimy siebie<\/strong><br \/>\n<strong> Nas naszych i nasze<\/strong><br \/>\n<strong> Ave Maryja<\/strong><\/p>\n<p style=\"text-align: center;\"><a href=\"https:\/\/youtu.be\/GZGvNjS5tT8\"><em><strong>Kamil Bednarek &#8211; Cho\u0107 ucieknijmy st\u0105d<\/strong><\/em><\/a><\/p>\n","protected":false},"excerpt":{"rendered":"<p>Piosenka \/ o starym domku Ref. Teraz za chwil\u0119 czy za chwil par\u0119 I je\u015bli cokolwiek cokolwieczunio nawet 1. A ci przyj\u015b\u0107 maj\u0105 Ze strony&hellip; <\/p>\n","protected":false},"author":1,"featured_media":0,"parent":0,"menu_order":0,"comment_status":"closed","ping_status":"closed","template":"","meta":{"footnotes":""},"class_list":["post-4506","page","type-page","status-publish","hentry"],"_links":{"self":[{"href":"https:\/\/hubertpietka.bialystok.pl\/index.php?rest_route=\/wp\/v2\/pages\/4506","targetHints":{"allow":["GET"]}}],"collection":[{"href":"https:\/\/hubertpietka.bialystok.pl\/index.php?rest_route=\/wp\/v2\/pages"}],"about":[{"href":"https:\/\/hubertpietka.bialystok.pl\/index.php?rest_route=\/wp\/v2\/types\/page"}],"author":[{"embeddable":true,"href":"https:\/\/hubertpietka.bialystok.pl\/index.php?rest_route=\/wp\/v2\/users\/1"}],"replies":[{"embeddable":true,"href":"https:\/\/hubertpietka.bialystok.pl\/index.php?rest_route=%2Fwp%2Fv2%2Fcomments&post=4506"}],"version-history":[{"count":1,"href":"https:\/\/hubertpietka.bialystok.pl\/index.php?rest_route=\/wp\/v2\/pages\/4506\/revisions"}],"predecessor-version":[{"id":4508,"href":"https:\/\/hubertpietka.bialystok.pl\/index.php?rest_route=\/wp\/v2\/pages\/4506\/revisions\/4508"}],"wp:attachment":[{"href":"https:\/\/hubertpietka.bialystok.pl\/index.php?rest_route=%2Fwp%2Fv2%2Fmedia&parent=4506"}],"curies":[{"name":"wp","href":"https:\/\/api.w.org\/{rel}","templated":true}]}}