{"id":4523,"date":"2021-09-11T09:20:23","date_gmt":"2021-09-11T09:20:23","guid":{"rendered":"http:\/\/hubertpietka.bialystok.pl\/?page_id=4523"},"modified":"2021-09-11T09:22:09","modified_gmt":"2021-09-11T09:22:09","slug":"dwudziesta-rocznica-na-wtc-zamachu","status":"publish","type":"page","link":"https:\/\/hubertpietka.bialystok.pl\/?page_id=4523","title":{"rendered":"Dwudziesta rocznica \/ na WTC zamachu"},"content":{"rendered":"<p><em><strong>Dwudziesta rocznica \/ na WTC zamachu<\/strong><\/em><\/p>\n<p>By\u0142em wtedy w dziwnym domu<br \/>\nNiewiele dociera\u0142o wtedy do mnie<br \/>\nNa niewiele potrafi\u0142em si\u0119 otworzy\u0107<br \/>\nAle to pami\u0119tam bardzo dobrze<br \/>\nWstrz\u0105sn\u0119\u0142o to do g\u0142\u0119bi mn\u0105<\/p>\n<p>Mimo w\u0142asnego nadmiernego baga\u017cu cierpienia<br \/>\nPorazi\u0142o mnie co tam by\u0142o<br \/>\nP\u0142on\u0105ce wie\u017ce po uderzeniu samolot\u00f3w<br \/>\nI wie\u017cowce rozpadaj\u0105ce si\u0119 tak<br \/>\nJak przys\u0142owiowe domki z kart<\/p>\n<p>I tyle niewinnych ludzkich istnie\u0144<br \/>\nW imi\u0119 czyjej\u015b chorej nienawi\u015bci<br \/>\nNie powinno si\u0119 to wydarzy\u0107<br \/>\nTyle te\u017c w historii razy<br \/>\nCzy ludzko\u015b\u0107 wyci\u0105gn\u0119\u0142a tu wnioski<\/p>\n<p><a href=\"http:\/\/hubertpietka.bialystok.pl\/wp-content\/uploads\/2021\/09\/IMG_20210911_110435.jpg\"><img loading=\"lazy\" decoding=\"async\" class=\"alignnone size-thumbnail wp-image-4524\" src=\"http:\/\/hubertpietka.bialystok.pl\/wp-content\/uploads\/2021\/09\/IMG_20210911_110435-150x150.jpg\" alt=\"\" width=\"150\" height=\"150\" srcset=\"https:\/\/hubertpietka.bialystok.pl\/wp-content\/uploads\/2021\/09\/IMG_20210911_110435-150x150.jpg 150w, https:\/\/hubertpietka.bialystok.pl\/wp-content\/uploads\/2021\/09\/IMG_20210911_110435-75x75.jpg 75w\" sizes=\"auto, (max-width: 150px) 100vw, 150px\" \/><\/a><\/p>\n<p><em>Na zdj. Tablica w hitlerowskim obozie zag\u0142ady<\/em><br \/>\n<em> Auschwitz-Birkenau<\/em><br \/>\n<em> Upami\u0119tniaj\u0105ca zbrodni\u0119 ludob\u00f3jstwa<\/em><\/p>\n<p><em>Na tablicy tej napis taki:<\/em><br \/>\n<em> Niechaj na wieki b\u0119dzie krzykiem rozpaczy<\/em><br \/>\n<em> I przestrog\u0105 dla ludzko\u015bci<\/em><br \/>\n<em> To miejsce w kt\u00f3rym<\/em><br \/>\n<em> Hitlerowcy wymordowali oko\u0142o p\u00f3\u0142tora miliona<\/em><br \/>\n<em> M\u0119\u017cczyzn kobiet dzieci<\/em><br \/>\n<em> G\u0142\u00f3wnie \u017byd\u00f3w z r\u00f3\u017cnych kraj\u00f3w Europy<\/em><br \/>\n<em> Auschwitz-Birkenau 1949-1945<\/em><\/p>\n<p><em>Oby ju\u017c nigdy wi\u0119cej<\/em><br \/>\n<em>Niewinne istnienia ludzkie \u017cadne<\/em><br \/>\n<em>Nie by\u0142y ofiar\u0105 czyich\u015b szale\u0144stw<\/em><\/p>\n<p><strong>Dzisiaj \u015bw. Jana Franciszka Bonifacio<\/strong><br \/>\n<strong> Jego nazwisko czyni\u0107 dobrze znaczy<\/strong><br \/>\n<strong> Oby w tym kierunku sz\u0142y raczej<\/strong><br \/>\n<strong> Wszelkie dzia\u0142ania ludzi tak by<\/strong><br \/>\n<strong> Czyni\u0107 wobec siebie dobro prawdziwe<\/strong><\/p>\n<p style=\"text-align: center;\"><a href=\"https:\/\/youtu.be\/j0U4lrfzv6U\"><em><strong>Ich Troje &#8211; Powiedz<\/strong><\/em><\/a><\/p>\n","protected":false},"excerpt":{"rendered":"<p>Dwudziesta rocznica \/ na WTC zamachu By\u0142em wtedy w dziwnym domu Niewiele dociera\u0142o wtedy do mnie Na niewiele potrafi\u0142em si\u0119 otworzy\u0107 Ale to pami\u0119tam bardzo&hellip; <\/p>\n","protected":false},"author":1,"featured_media":0,"parent":0,"menu_order":0,"comment_status":"closed","ping_status":"closed","template":"","meta":{"footnotes":""},"class_list":["post-4523","page","type-page","status-publish","hentry"],"_links":{"self":[{"href":"https:\/\/hubertpietka.bialystok.pl\/index.php?rest_route=\/wp\/v2\/pages\/4523","targetHints":{"allow":["GET"]}}],"collection":[{"href":"https:\/\/hubertpietka.bialystok.pl\/index.php?rest_route=\/wp\/v2\/pages"}],"about":[{"href":"https:\/\/hubertpietka.bialystok.pl\/index.php?rest_route=\/wp\/v2\/types\/page"}],"author":[{"embeddable":true,"href":"https:\/\/hubertpietka.bialystok.pl\/index.php?rest_route=\/wp\/v2\/users\/1"}],"replies":[{"embeddable":true,"href":"https:\/\/hubertpietka.bialystok.pl\/index.php?rest_route=%2Fwp%2Fv2%2Fcomments&post=4523"}],"version-history":[{"count":3,"href":"https:\/\/hubertpietka.bialystok.pl\/index.php?rest_route=\/wp\/v2\/pages\/4523\/revisions"}],"predecessor-version":[{"id":4527,"href":"https:\/\/hubertpietka.bialystok.pl\/index.php?rest_route=\/wp\/v2\/pages\/4523\/revisions\/4527"}],"wp:attachment":[{"href":"https:\/\/hubertpietka.bialystok.pl\/index.php?rest_route=%2Fwp%2Fv2%2Fmedia&parent=4523"}],"curies":[{"name":"wp","href":"https:\/\/api.w.org\/{rel}","templated":true}]}}