{"id":4530,"date":"2021-09-12T20:05:48","date_gmt":"2021-09-12T20:05:48","guid":{"rendered":"http:\/\/hubertpietka.bialystok.pl\/?page_id=4530"},"modified":"2021-09-12T20:05:48","modified_gmt":"2021-09-12T20:05:48","slug":"mania-przesladowana","status":"publish","type":"page","link":"https:\/\/hubertpietka.bialystok.pl\/?page_id=4530","title":{"rendered":"Mania \/ prze\u015bladowana"},"content":{"rendered":"<p><em><strong>Mania \/ prze\u015bladowana<\/strong><\/em><\/p>\n<p>Je\u015bli ja mani\u0119 prze\u015bladowcz\u0105 mam<br \/>\nTo co ma ten<br \/>\nCo j\u0105 tropi<\/p>\n<p>Prze\u015bladowcza mania na punkcie mani<br \/>\nA mo\u017ce ta moja jednak<br \/>\nStaje na przek\u00f3r ich zamiarom<\/p>\n<p>Dlatego tak jej si\u0119 sprzeciwiaj\u0105<br \/>\nBo nie mog\u0105 zrobi\u0107 tego<br \/>\nDo czego d\u0105\u017c\u0105 nieustannie<\/p>\n<p><strong>Dzi\u015b Naj\u015bwi\u0119tszego Imienia Maryi<\/strong><br \/>\n<strong> Tak te\u017c moja mama<\/strong><br \/>\n<strong>Maria ma na imi\u0119<\/strong><br \/>\n<strong> Na ni\u0105 wo\u0142ali kiedy\u015b Mania<\/strong><\/p>\n<p><strong>Czy\u017c Maryja dzisiaj nie jest podobnie prze\u015bladowana<\/strong><br \/>\n<strong> Bo jak to nazwa\u0107<\/strong><br \/>\n<strong> Tylko dlatego \u017ce wskazuje na Boga zawsze<\/strong><\/p>\n<p><strong><a href=\"http:\/\/hubertpietka.bialystok.pl\/wp-content\/uploads\/2021\/09\/IMG_20210912_213819.jpg\"><img loading=\"lazy\" decoding=\"async\" class=\"alignnone size-thumbnail wp-image-4532\" src=\"http:\/\/hubertpietka.bialystok.pl\/wp-content\/uploads\/2021\/09\/IMG_20210912_213819-150x150.jpg\" alt=\"\" width=\"150\" height=\"150\" srcset=\"https:\/\/hubertpietka.bialystok.pl\/wp-content\/uploads\/2021\/09\/IMG_20210912_213819-150x150.jpg 150w, https:\/\/hubertpietka.bialystok.pl\/wp-content\/uploads\/2021\/09\/IMG_20210912_213819-75x75.jpg 75w\" sizes=\"auto, (max-width: 150px) 100vw, 150px\" \/><\/a><\/strong><\/p>\n<p><em>Na zdj. Maryjna kapliczka w Bia\u0142ymstoku na Rzemie\u015blniczej<\/em><br \/>\n<em> Jestem tylko ma\u0142ym Boga rzemie\u015blnikiem<\/em><br \/>\n<em> Raz co\u015b wychodzi lepiej a raz gorzej<\/em><br \/>\n<em> Wszystko ku chwale Bo\u017cej<\/em><\/p>\n<p style=\"text-align: right;\"><a href=\"https:\/\/youtu.be\/GdmdVUsyTtU\"><b><i>B\u0105d\u017a Kr\u00f3low\u0105 moich czystych my\u015bli<\/i><\/b><\/a><\/p>\n","protected":false},"excerpt":{"rendered":"<p>Mania \/ prze\u015bladowana Je\u015bli ja mani\u0119 prze\u015bladowcz\u0105 mam To co ma ten Co j\u0105 tropi Prze\u015bladowcza mania na punkcie mani A mo\u017ce ta moja jednak&hellip; <\/p>\n","protected":false},"author":1,"featured_media":0,"parent":0,"menu_order":0,"comment_status":"closed","ping_status":"closed","template":"","meta":{"footnotes":""},"class_list":["post-4530","page","type-page","status-publish","hentry"],"_links":{"self":[{"href":"https:\/\/hubertpietka.bialystok.pl\/index.php?rest_route=\/wp\/v2\/pages\/4530","targetHints":{"allow":["GET"]}}],"collection":[{"href":"https:\/\/hubertpietka.bialystok.pl\/index.php?rest_route=\/wp\/v2\/pages"}],"about":[{"href":"https:\/\/hubertpietka.bialystok.pl\/index.php?rest_route=\/wp\/v2\/types\/page"}],"author":[{"embeddable":true,"href":"https:\/\/hubertpietka.bialystok.pl\/index.php?rest_route=\/wp\/v2\/users\/1"}],"replies":[{"embeddable":true,"href":"https:\/\/hubertpietka.bialystok.pl\/index.php?rest_route=%2Fwp%2Fv2%2Fcomments&post=4530"}],"version-history":[{"count":1,"href":"https:\/\/hubertpietka.bialystok.pl\/index.php?rest_route=\/wp\/v2\/pages\/4530\/revisions"}],"predecessor-version":[{"id":4533,"href":"https:\/\/hubertpietka.bialystok.pl\/index.php?rest_route=\/wp\/v2\/pages\/4530\/revisions\/4533"}],"wp:attachment":[{"href":"https:\/\/hubertpietka.bialystok.pl\/index.php?rest_route=%2Fwp%2Fv2%2Fmedia&parent=4530"}],"curies":[{"name":"wp","href":"https:\/\/api.w.org\/{rel}","templated":true}]}}