{"id":4536,"date":"2021-09-13T07:28:05","date_gmt":"2021-09-13T07:28:05","guid":{"rendered":"http:\/\/hubertpietka.bialystok.pl\/?page_id=4536"},"modified":"2021-09-13T07:28:05","modified_gmt":"2021-09-13T07:28:05","slug":"sad-nad-debem-przypowiesc","status":"publish","type":"page","link":"https:\/\/hubertpietka.bialystok.pl\/?page_id=4536","title":{"rendered":"S\u0105d nad d\u0119bem \/ przypowie\u015b\u0107"},"content":{"rendered":"<p><em><strong>S\u0105d nad d\u0119bem \/ przypowie\u015b\u0107<\/strong><\/em><\/p>\n<p>Zebra\u0142a si\u0119 lasu spo\u0142eczno\u015b\u0107<br \/>\nNa s\u0105d nad d\u0119bem<\/p>\n<p>Powiedzia\u0142y mr\u00f3wki<br \/>\nJest bezproduktywny<br \/>\nNie pracuje ci\u0119\u017cko jak my<\/p>\n<p>Powiedzia\u0142y krzewy<br \/>\nNie pozwa\u0142a jego cie\u0144<br \/>\nRosn\u0105\u0107 m\u0142odej trawie swobodnie<br \/>\nUkoronujmy go naszym cierniem<br \/>\nI niech przyjd\u0105 i niech go wytn\u0105<\/p>\n<p>A d\u0105b tylko<br \/>\nSzumia\u0142 cicho<br \/>\nKu chwale Bo\u017cej<br \/>\nWyci\u0105ga\u0142 te\u017c swych ga\u0142\u0119zi ramiona<br \/>\nKu niebu<\/p>\n<p>Jak i inne drzewa<br \/>\nCho\u0107by brzozy i sosny<br \/>\nA w jego listowiu<br \/>\nPtaki mog\u0142y si\u0119 chroni\u0107<\/p>\n<p><a href=\"http:\/\/hubertpietka.bialystok.pl\/wp-content\/uploads\/2021\/09\/IMG_20210913_091134.jpg\"><img loading=\"lazy\" decoding=\"async\" class=\"alignnone size-thumbnail wp-image-4537\" src=\"http:\/\/hubertpietka.bialystok.pl\/wp-content\/uploads\/2021\/09\/IMG_20210913_091134-150x150.jpg\" alt=\"\" width=\"150\" height=\"150\" srcset=\"https:\/\/hubertpietka.bialystok.pl\/wp-content\/uploads\/2021\/09\/IMG_20210913_091134-150x150.jpg 150w, https:\/\/hubertpietka.bialystok.pl\/wp-content\/uploads\/2021\/09\/IMG_20210913_091134-75x75.jpg 75w\" sizes=\"auto, (max-width: 150px) 100vw, 150px\" \/><\/a><\/p>\n<p><strong>Na zdj. Bia\u0142ostocki Park Antoniuk przy Wierzbowej<\/strong><br \/>\n<strong> Dzisiaj jest wspominany b\u0142. m\u0119czennik II wojny \u015bwiatowej<\/strong><br \/>\n<strong> Jeden z wielu wtedy<\/strong><br \/>\n<strong> B\u0142. Franciszek Drzewiecki<\/strong><\/p>\n<p><em>Chrze\u015bcijanie s\u0105 w\u0142a\u015bnie<\/em><br \/>\n<em> Jak drzewa w lesie<\/em><br \/>\n<em> Wbrew pozorom dzi\u0119ki nim<\/em><br \/>\n<em> W og\u00f3le istnieje lasu spo\u0142eczno\u015b\u0107<\/em><br \/>\n<em> Sk\u0105d wi\u0119c tyle hejtu<\/em><br \/>\n<em> Kt\u00f3re wylewa si\u0119 na nich<\/em><br \/>\n<em> Jak wiadro pomyj<\/em><\/p>\n<p style=\"text-align: center;\"><a href=\"https:\/\/youtu.be\/G8OUQW8ycB4\"><strong><em>Janusz Kofta &#8211; Pami\u0119tajcie o ogrodach<\/em><\/strong><\/a><\/p>\n","protected":false},"excerpt":{"rendered":"<p>S\u0105d nad d\u0119bem \/ przypowie\u015b\u0107 Zebra\u0142a si\u0119 lasu spo\u0142eczno\u015b\u0107 Na s\u0105d nad d\u0119bem Powiedzia\u0142y mr\u00f3wki Jest bezproduktywny Nie pracuje ci\u0119\u017cko jak my Powiedzia\u0142y krzewy Nie&hellip; <\/p>\n","protected":false},"author":1,"featured_media":0,"parent":0,"menu_order":0,"comment_status":"closed","ping_status":"closed","template":"","meta":{"footnotes":""},"class_list":["post-4536","page","type-page","status-publish","hentry"],"_links":{"self":[{"href":"https:\/\/hubertpietka.bialystok.pl\/index.php?rest_route=\/wp\/v2\/pages\/4536","targetHints":{"allow":["GET"]}}],"collection":[{"href":"https:\/\/hubertpietka.bialystok.pl\/index.php?rest_route=\/wp\/v2\/pages"}],"about":[{"href":"https:\/\/hubertpietka.bialystok.pl\/index.php?rest_route=\/wp\/v2\/types\/page"}],"author":[{"embeddable":true,"href":"https:\/\/hubertpietka.bialystok.pl\/index.php?rest_route=\/wp\/v2\/users\/1"}],"replies":[{"embeddable":true,"href":"https:\/\/hubertpietka.bialystok.pl\/index.php?rest_route=%2Fwp%2Fv2%2Fcomments&post=4536"}],"version-history":[{"count":1,"href":"https:\/\/hubertpietka.bialystok.pl\/index.php?rest_route=\/wp\/v2\/pages\/4536\/revisions"}],"predecessor-version":[{"id":4538,"href":"https:\/\/hubertpietka.bialystok.pl\/index.php?rest_route=\/wp\/v2\/pages\/4536\/revisions\/4538"}],"wp:attachment":[{"href":"https:\/\/hubertpietka.bialystok.pl\/index.php?rest_route=%2Fwp%2Fv2%2Fmedia&parent=4536"}],"curies":[{"name":"wp","href":"https:\/\/api.w.org\/{rel}","templated":true}]}}