{"id":4555,"date":"2021-09-18T11:00:22","date_gmt":"2021-09-18T11:00:22","guid":{"rendered":"http:\/\/hubertpietka.bialystok.pl\/?page_id=4555"},"modified":"2021-09-18T11:00:22","modified_gmt":"2021-09-18T11:00:22","slug":"porzekadla-narzekadla","status":"publish","type":"page","link":"https:\/\/hubertpietka.bialystok.pl\/?page_id=4555","title":{"rendered":"Porzekad\u0142a \/ narzekad\u0142a :)"},"content":{"rendered":"<p><em><strong>Porzekad\u0142a \/ narzekad\u0142a \ud83d\ude42<\/strong><\/em><\/p>\n<p>Cho\u0107by\u015b wierci\u0142 wiert\u0142em<br \/>\n\u0141upa\u0142 m\u0142otem<br \/>\nNie przebijesz si\u0119 do twardog\u0142owych<\/p>\n<p>Je\u015bli kto\u015b chce g\u0119b\u0119 przyprawi\u0107<br \/>\nTo nie b\u0119dzie ogl\u0105da\u0142 si\u0119 na nic<br \/>\nI zawsze znajdzie spos\u00f3b<br \/>\nBy przywali\u0107 odpowiednio<\/p>\n<p>Je\u015bli kto\u015b chce<br \/>\nDla nienawi\u015bci znale\u017a\u0107 uj\u015bcie<br \/>\nTo znajdzie tysi\u0105c powod\u00f3w<br \/>\nBy spe\u0142ni\u0107 jej po\u017c\u0105dania<\/p>\n<p>Je\u015bli kto\u015b nie szuka prawdy<br \/>\nTo cho\u0107by\u015b najja\u015bniejsze \u015bwiat\u0142o zapali\u0142<br \/>\nTo on i tak je zgasi ciemno\u015b\u0107 wybieraj\u0105c<br \/>\nI b\u0119dzie m\u00f3wi\u0142 do\u00a0ciemno\u015bci o najja\u015bniejsza<\/p>\n<p>Mno\u017cy pu\u0142apki<br \/>\nKto kogo\u015b chce<br \/>\nW swe sid\u0142a z\u0142apa\u0107<\/p>\n<p>I nawet S\u0142owo Bo\u017ce<br \/>\nMo\u017cna wykorzystywa\u0107 podst\u0119pnie i opacznie<br \/>\nBy realizowa\u0107 swe niecne zamiary<\/p>\n<p>I jak to jest z t\u0105 nie\u015bwiadomo\u015bci\u0105<br \/>\nSkoro Jezus nazywa\u0142 nie\u015bwiadomymi<br \/>\nSpraw Bo\u017cych i eschatologicznych<br \/>\nI m\u00f3wi\u0142 \u017ce oni nie wiedz\u0105 co czyni\u0105<br \/>\nTo jak to jest z t\u0105 nie\u015bwiadomo\u015bci\u0105<br \/>\nI czym jest nie\u015bwiadomo\u015b\u0107 prawdziwa<br \/>\nWobec r\u00f3\u017cnych niedoskona\u0142o\u015bci natury ludzkiej<\/p>\n<p><a href=\"http:\/\/hubertpietka.bialystok.pl\/wp-content\/uploads\/2021\/09\/IMG_20210918_124920.jpg\"><img loading=\"lazy\" decoding=\"async\" class=\"alignnone size-thumbnail wp-image-4556\" src=\"http:\/\/hubertpietka.bialystok.pl\/wp-content\/uploads\/2021\/09\/IMG_20210918_124920-150x150.jpg\" alt=\"\" width=\"150\" height=\"150\" srcset=\"https:\/\/hubertpietka.bialystok.pl\/wp-content\/uploads\/2021\/09\/IMG_20210918_124920-150x150.jpg 150w, https:\/\/hubertpietka.bialystok.pl\/wp-content\/uploads\/2021\/09\/IMG_20210918_124920-75x75.jpg 75w\" sizes=\"auto, (max-width: 150px) 100vw, 150px\" \/><\/a><\/p>\n<p><em>Na zdj. Matka Bo\u017ca Mi\u0142osierdzia<\/em><br \/>\n<em> W bia\u0142ostockiej katedrze<\/em><br \/>\n<em> Niejako obna\u017cona<\/em><br \/>\n<em> Zdj\u0119ta z powodu remontu z o\u0142tarza bocznego<\/em><br \/>\n<em> Ona \u015bwieci Bo\u017cym blaskiem<\/em><br \/>\n<em> Nawet pozbawiona splendoru jakiegokolwiek zewn\u0119trznie<\/em><br \/>\n<em> A i tak znajd\u0105 si\u0119 i tacy<\/em><br \/>\n<em> Kt\u00f3rym nawet Maryja przeszkadza<\/em><br \/>\n<em> Mimo \u017ce ona jako pomoc i obrona<\/em><br \/>\n<em> Jest ludziom dana<\/em><br \/>\n<em> W ka\u017cdym czasie i w ka\u017cdej sytuacji<\/em><br \/>\n<em> Ave Maryja ave Niepokalana zawsze<\/em><\/p>\n","protected":false},"excerpt":{"rendered":"<p>Porzekad\u0142a \/ narzekad\u0142a \ud83d\ude42 Cho\u0107by\u015b wierci\u0142 wiert\u0142em \u0141upa\u0142 m\u0142otem Nie przebijesz si\u0119 do twardog\u0142owych Je\u015bli kto\u015b chce g\u0119b\u0119 przyprawi\u0107 To nie b\u0119dzie ogl\u0105da\u0142 si\u0119 na&hellip; <\/p>\n","protected":false},"author":1,"featured_media":0,"parent":0,"menu_order":0,"comment_status":"closed","ping_status":"closed","template":"","meta":{"footnotes":""},"class_list":["post-4555","page","type-page","status-publish","hentry"],"_links":{"self":[{"href":"https:\/\/hubertpietka.bialystok.pl\/index.php?rest_route=\/wp\/v2\/pages\/4555","targetHints":{"allow":["GET"]}}],"collection":[{"href":"https:\/\/hubertpietka.bialystok.pl\/index.php?rest_route=\/wp\/v2\/pages"}],"about":[{"href":"https:\/\/hubertpietka.bialystok.pl\/index.php?rest_route=\/wp\/v2\/types\/page"}],"author":[{"embeddable":true,"href":"https:\/\/hubertpietka.bialystok.pl\/index.php?rest_route=\/wp\/v2\/users\/1"}],"replies":[{"embeddable":true,"href":"https:\/\/hubertpietka.bialystok.pl\/index.php?rest_route=%2Fwp%2Fv2%2Fcomments&post=4555"}],"version-history":[{"count":2,"href":"https:\/\/hubertpietka.bialystok.pl\/index.php?rest_route=\/wp\/v2\/pages\/4555\/revisions"}],"predecessor-version":[{"id":4558,"href":"https:\/\/hubertpietka.bialystok.pl\/index.php?rest_route=\/wp\/v2\/pages\/4555\/revisions\/4558"}],"wp:attachment":[{"href":"https:\/\/hubertpietka.bialystok.pl\/index.php?rest_route=%2Fwp%2Fv2%2Fmedia&parent=4555"}],"curies":[{"name":"wp","href":"https:\/\/api.w.org\/{rel}","templated":true}]}}