{"id":4583,"date":"2021-09-25T09:00:09","date_gmt":"2021-09-25T09:00:09","guid":{"rendered":"http:\/\/hubertpietka.bialystok.pl\/?page_id=4583"},"modified":"2021-09-25T09:05:14","modified_gmt":"2021-09-25T09:05:14","slug":"samotnosc-tworcy-ktoz-zrozumie","status":"publish","type":"page","link":"https:\/\/hubertpietka.bialystok.pl\/?page_id=4583","title":{"rendered":"Samotno\u015b\u0107 tw\u00f3rcy \/ kt\u00f3\u017c zrozumie"},"content":{"rendered":"<p><em><strong>Samotno\u015b\u0107 tw\u00f3rcy \/ kt\u00f3\u017c zrozumie<\/strong><\/em><\/p>\n<p style=\"text-align: right;\"><em>Niewolnicy wsz\u0119dzie i zawsze niewolnikami b\u0119d\u0105 \u2013 daj im skrzyd\u0142a u ramion, a zamiata\u0107 p\u00f3jd\u0105 ulice skrzyd\u0142ami.<\/em><br \/>\n<em> Cyprian Kamil Norwid<\/em><\/p>\n<p>Na dniach min\u0119\u0142a dwusetna rocznica<br \/>\n\u015amierci Norwida<br \/>\nW samotno\u015bci opuszczeniu schorowaniu<br \/>\nCzy\u017c kto\u015b zrozumie samotno\u015b\u0107 tw\u00f3rcy<\/p>\n<p>A przecie\u017c zaliczany jest teraz<br \/>\nDo grona najwi\u0119kszych poet\u00f3w<br \/>\nNie tylko epoki Romantyzmu<br \/>\nAle i ca\u0142ej literatury polskiej<br \/>\nCzy\u017c i ty pisma miniesz<\/p>\n<p>Nic to<\/p>\n<p>Jednak ja nie jestem sam<br \/>\nBo ze mn\u0105 jest Pan<br \/>\nI chocia\u017c dybi\u0105 nieustannie<br \/>\nNa moj\u0105 wolno\u015b\u0107 \u017cycie nasze<br \/>\nTo si\u0119 nie poddajemy<br \/>\nBo Komu zaufali\u015bmy wiemy<\/p>\n<p><a href=\"http:\/\/hubertpietka.bialystok.pl\/wp-content\/uploads\/2021\/09\/IMG_20210925_105601.jpg\"><img loading=\"lazy\" decoding=\"async\" class=\"alignnone size-thumbnail wp-image-4584\" src=\"http:\/\/hubertpietka.bialystok.pl\/wp-content\/uploads\/2021\/09\/IMG_20210925_105601-150x150.jpg\" alt=\"\" width=\"150\" height=\"150\" srcset=\"https:\/\/hubertpietka.bialystok.pl\/wp-content\/uploads\/2021\/09\/IMG_20210925_105601-150x150.jpg 150w, https:\/\/hubertpietka.bialystok.pl\/wp-content\/uploads\/2021\/09\/IMG_20210925_105601-75x75.jpg 75w\" sizes=\"auto, (max-width: 150px) 100vw, 150px\" \/><\/a><\/p>\n<p><strong>Na zdj. Makatka w restauracji <em>Cechowa<\/em> bia\u0142ostockiej<\/strong><br \/>\n<strong> Czasami moje \u017cycie mi przypomina<\/strong><br \/>\n<strong> Takiego jelenia na rykowisku<\/strong><br \/>\n<strong> I chocia\u017c puszcza \u017cycia wielka<\/strong><br \/>\n<strong> W Panu si\u0119 nie l\u0119kam<\/strong><\/p>\n<p style=\"text-align: center;\"><a href=\"https:\/\/youtu.be\/L8_Oozn0cag\"><em><strong>Ku wi\u0119kszej chwale Pana<\/strong><\/em><\/a><\/p>\n<p style=\"text-align: right;\"><em>Cho\u0107bym pisa\u0142 pi\u00f3rem pawim<\/em><br \/>\n<em> Umaczanym w niebie,<\/em><br \/>\n<em> I to za ma\u0142o!<\/em><br \/>\n<em> Cyprian Kamil Norwid<\/em><\/p>\n","protected":false},"excerpt":{"rendered":"<p>Samotno\u015b\u0107 tw\u00f3rcy \/ kt\u00f3\u017c zrozumie Niewolnicy wsz\u0119dzie i zawsze niewolnikami b\u0119d\u0105 \u2013 daj im skrzyd\u0142a u ramion, a zamiata\u0107 p\u00f3jd\u0105 ulice skrzyd\u0142ami. Cyprian Kamil Norwid&hellip; <\/p>\n","protected":false},"author":1,"featured_media":0,"parent":0,"menu_order":0,"comment_status":"closed","ping_status":"closed","template":"","meta":{"footnotes":""},"class_list":["post-4583","page","type-page","status-publish","hentry"],"_links":{"self":[{"href":"https:\/\/hubertpietka.bialystok.pl\/index.php?rest_route=\/wp\/v2\/pages\/4583","targetHints":{"allow":["GET"]}}],"collection":[{"href":"https:\/\/hubertpietka.bialystok.pl\/index.php?rest_route=\/wp\/v2\/pages"}],"about":[{"href":"https:\/\/hubertpietka.bialystok.pl\/index.php?rest_route=\/wp\/v2\/types\/page"}],"author":[{"embeddable":true,"href":"https:\/\/hubertpietka.bialystok.pl\/index.php?rest_route=\/wp\/v2\/users\/1"}],"replies":[{"embeddable":true,"href":"https:\/\/hubertpietka.bialystok.pl\/index.php?rest_route=%2Fwp%2Fv2%2Fcomments&post=4583"}],"version-history":[{"count":3,"href":"https:\/\/hubertpietka.bialystok.pl\/index.php?rest_route=\/wp\/v2\/pages\/4583\/revisions"}],"predecessor-version":[{"id":4588,"href":"https:\/\/hubertpietka.bialystok.pl\/index.php?rest_route=\/wp\/v2\/pages\/4583\/revisions\/4588"}],"wp:attachment":[{"href":"https:\/\/hubertpietka.bialystok.pl\/index.php?rest_route=%2Fwp%2Fv2%2Fmedia&parent=4583"}],"curies":[{"name":"wp","href":"https:\/\/api.w.org\/{rel}","templated":true}]}}